{"id":202,"date":"2025-04-04T16:36:18","date_gmt":"2025-04-04T14:36:18","guid":{"rendered":"https:\/\/masterjcco.eu\/?page_id=202"},"modified":"2025-06-24T09:18:02","modified_gmt":"2025-06-24T07:18:02","slug":"notation","status":"publish","type":"page","link":"https:\/\/masterjcco.eu\/index.php\/notation\/","title":{"rendered":"Modalit\u00e9s"},"content":{"rendered":"\r\n<h3 class=\"wp-block-heading has-text-color has-link-color wp-elements-0b0151a56e491a2c0fcef2f16ca80f92\" style=\"color: #131587;\"><strong>Master 1 (formation initiale)<\/strong><\/h3>\r\n\r\n\r\n\r\n<p style=\"text-align: justify;\"><span style=\"color: #000000;\">Les \u00e9valuations prennent la forme d\u2019examens \u00e9crits se d\u00e9roulant lors des sessions d&#8217;examens (Semestre 1, Semestre 2).<\/span><br \/><span style=\"color: #000000;\">La validation du Master 1 requiert la r\u00e9ussite ind\u00e9pendante des deux semestres : la compensation entre semestres n\u2019est pas autoris\u00e9e. En cas d\u2019\u00e9chec \u00e0 l\u2019un d\u2019eux, des sessions de rattrapage sont pr\u00e9vues (de Juin \u00e0 Juillet).<\/span><\/p>\r\n\r\n\r\n\r\n<h3 class=\"wp-block-heading has-text-color has-link-color wp-elements-45ebe4a1eb424117b440b864445fd8ba\" style=\"color: #131587;\"><strong>Master 2 (en alternance)<\/strong><\/h3>\r\n\r\n\r\n\r\n<p style=\"text-align: justify;\"><span style=\"color: #000000;\">L\u2019ann\u00e9e comprend 2 semestres qui se compensent mutuellement. Chaque module p\u00e9dagogique donne lieu \u00e0 un examen \u00e9crit, ax\u00e9 sur des cas pratiques et d\u2019\u00e9l\u00e9ments concrets dans une optique de professionnalisation. Certains modules peuvent comporter des notes suppl\u00e9mentaires, orales ou \u00e9crites.<\/span><\/p>\r\n<p><span style=\"color: #000000;\">\r\n\r\n<\/span><\/p>\r\n<p><span style=\"color: #000000;\">Les examens ont lieu les semaines de cours et durent entre 3 et 5 heures.\u00a0<\/span><\/p>\r\n<p><span style=\"color: #000000;\">\r\n\r\n<\/span><\/p>\r\n<p style=\"text-align: justify;\"><span style=\"color: #000000;\">De plus, sont pris en compte dans la notation du second semestre : la r\u00e9daction d\u2019un m\u00e9moire et d\u2019un rapport d\u2019alternance, ainsi que la r\u00e9alisation d\u2019un projet collectif. Ce dernier consiste, par groupe, \u00e0 imaginer et mettre en \u0153uvre un projet destin\u00e9 \u00e0 promouvoir le Master tout en d\u00e9veloppant des qualit\u00e9s de leadership et de travail collectif dans le cadre d\u2019un objectif d\u00e9termin\u00e9.\u00a0<\/span><\/p>\r\n<p><span style=\"color: #000000;\">\r\n\r\n<\/span><\/p>\r\n<p style=\"text-align: justify;\"><span style=\"color: #000000;\">Tout au long de l\u2019ann\u00e9e, des professeurs et des professionnels de la compliance interviennent afin de partager leurs connaissances et leurs exp\u00e9riences dans le domaine de la conformit\u00e9, appliqu\u00e9e aux secteurs bancaire, assurantiel, num\u00e9rique, financier et \u00e9conomique.<\/span><\/p>\r\n<p><span style=\"color: #000000;\">\r\n\r\n<\/span><\/p>\r\n<p style=\"text-align: justify;\"><span style=\"color: #000000;\">Vous trouverez davantage d\u2019informations sur le programme et les modalit\u00e9s du Master dans la brochure officielle ci-jointe.<\/span><\/p>\r\n\r\n\r\n\r\n<div class=\"wp-block-file\"><a id=\"wp-block-file--media-400da3f1-fb88-47b9-9f36-0e588f5d9fbf\" href=\"https:\/\/masterjcco.eu\/wp-content\/uploads\/2025\/06\/Resume-du-parcours-JCCO-.pdf\">R\u00e9sum\u00e9 du parcours JCCO<\/a><a class=\"wp-block-file__button wp-element-button\" href=\"https:\/\/masterjcco.eu\/wp-content\/uploads\/2025\/06\/Resume-du-parcours-JCCO-.pdf\" download=\"\" aria-describedby=\"wp-block-file--media-400da3f1-fb88-47b9-9f36-0e588f5d9fbf\">T\u00e9l\u00e9charger<\/a><\/div>\r\n","protected":false},"excerpt":{"rendered":"<p>Master 1 (formation initiale) Les \u00e9valuations prennent la forme d\u2019examens \u00e9crits se d\u00e9roulant lors des sessions d&#8217;examens (Semestre 1, Semestre 2).La validation du Master 1 requiert la r\u00e9ussite ind\u00e9pendante des deux semestres : la compensation entre semestres n\u2019est pas autoris\u00e9e. En cas d\u2019\u00e9chec \u00e0 l\u2019un d\u2019eux, des sessions de rattrapage sont pr\u00e9vues (de Juin \u00e0 &hellip; <\/p>\n<p class=\"link-more\"><a href=\"https:\/\/masterjcco.eu\/index.php\/notation\/\" class=\"more-link\">Read more<span class=\"screen-reader-text\"> &#8220;Modalit\u00e9s&#8221;<\/span><\/a><\/p>\n","protected":false},"author":1,"featured_media":0,"parent":0,"menu_order":0,"comment_status":"closed","ping_status":"closed","template":"","meta":{"footnotes":""},"class_list":["post-202","page","type-page","status-publish","hentry"],"yoast_head":"<!-- This site is optimized with the Yoast SEO plugin v27.4 - https:\/\/yoast.com\/product\/yoast-seo-wordpress\/ -->\n<title>Modalit\u00e9s - Master Juriste Conformit\u00e9 Compliance Officer<\/title>\n<meta name=\"robots\" content=\"index, follow, max-snippet:-1, max-image-preview:large, max-video-preview:-1\" \/>\n<link rel=\"canonical\" href=\"https:\/\/masterjcco.eu\/index.php\/notation\/\" \/>\n<meta property=\"og:locale\" content=\"en_US\" \/>\n<meta property=\"og:type\" content=\"article\" \/>\n<meta property=\"og:title\" content=\"Modalit\u00e9s - Master Juriste Conformit\u00e9 Compliance Officer\" \/>\n<meta property=\"og:description\" content=\"Master 1 (formation initiale) Les \u00e9valuations prennent la forme d\u2019examens \u00e9crits se d\u00e9roulant lors des sessions d&#8217;examens (Semestre 1, Semestre 2).La validation du Master 1 requiert la r\u00e9ussite ind\u00e9pendante des deux semestres : la compensation entre semestres n\u2019est pas autoris\u00e9e. En cas d\u2019\u00e9chec \u00e0 l\u2019un d\u2019eux, des sessions de rattrapage sont pr\u00e9vues (de Juin \u00e0 &hellip; Read more &quot;Modalit\u00e9s&quot;\" \/>\n<meta property=\"og:url\" content=\"https:\/\/masterjcco.eu\/index.php\/notation\/\" \/>\n<meta property=\"og:site_name\" content=\"Master Juriste Conformit\u00e9 Compliance Officer\" \/>\n<meta property=\"article:modified_time\" content=\"2025-06-24T07:18:02+00:00\" \/>\n<meta name=\"twitter:card\" content=\"summary_large_image\" \/>\n<meta name=\"twitter:label1\" content=\"Est. reading time\" \/>\n\t<meta name=\"twitter:data1\" content=\"1 minute\" \/>\n<script type=\"application\/ld+json\" class=\"yoast-schema-graph\">{\"@context\":\"https:\\\/\\\/schema.org\",\"@graph\":[{\"@type\":\"WebPage\",\"@id\":\"https:\\\/\\\/masterjcco.eu\\\/index.php\\\/notation\\\/\",\"url\":\"https:\\\/\\\/masterjcco.eu\\\/index.php\\\/notation\\\/\",\"name\":\"Modalit\u00e9s - Master Juriste Conformit\u00e9 Compliance Officer\",\"isPartOf\":{\"@id\":\"https:\\\/\\\/masterjcco.eu\\\/#website\"},\"datePublished\":\"2025-04-04T14:36:18+00:00\",\"dateModified\":\"2025-06-24T07:18:02+00:00\",\"breadcrumb\":{\"@id\":\"https:\\\/\\\/masterjcco.eu\\\/index.php\\\/notation\\\/#breadcrumb\"},\"inLanguage\":\"en-US\",\"potentialAction\":[{\"@type\":\"ReadAction\",\"target\":[\"https:\\\/\\\/masterjcco.eu\\\/index.php\\\/notation\\\/\"]}]},{\"@type\":\"BreadcrumbList\",\"@id\":\"https:\\\/\\\/masterjcco.eu\\\/index.php\\\/notation\\\/#breadcrumb\",\"itemListElement\":[{\"@type\":\"ListItem\",\"position\":1,\"name\":\"Accueil\",\"item\":\"https:\\\/\\\/masterjcco.eu\\\/\"},{\"@type\":\"ListItem\",\"position\":2,\"name\":\"Modalit\u00e9s\"}]},{\"@type\":\"WebSite\",\"@id\":\"https:\\\/\\\/masterjcco.eu\\\/#website\",\"url\":\"https:\\\/\\\/masterjcco.eu\\\/\",\"name\":\"Master Juriste Conformit\u00e9 Compliance Officer\",\"description\":\"\",\"publisher\":{\"@id\":\"https:\\\/\\\/masterjcco.eu\\\/#organization\"},\"potentialAction\":[{\"@type\":\"SearchAction\",\"target\":{\"@type\":\"EntryPoint\",\"urlTemplate\":\"https:\\\/\\\/masterjcco.eu\\\/?s={search_term_string}\"},\"query-input\":{\"@type\":\"PropertyValueSpecification\",\"valueRequired\":true,\"valueName\":\"search_term_string\"}}],\"inLanguage\":\"en-US\"},{\"@type\":\"Organization\",\"@id\":\"https:\\\/\\\/masterjcco.eu\\\/#organization\",\"name\":\"Master Juriste Conformit\u00e9 Compliance Officer\",\"url\":\"https:\\\/\\\/masterjcco.eu\\\/\",\"logo\":{\"@type\":\"ImageObject\",\"inLanguage\":\"en-US\",\"@id\":\"https:\\\/\\\/masterjcco.eu\\\/#\\\/schema\\\/logo\\\/image\\\/\",\"url\":\"https:\\\/\\\/masterjcco.eu\\\/wp-content\\\/uploads\\\/2025\\\/05\\\/cropped-LOGO-PARFAIT.png\",\"contentUrl\":\"https:\\\/\\\/masterjcco.eu\\\/wp-content\\\/uploads\\\/2025\\\/05\\\/cropped-LOGO-PARFAIT.png\",\"width\":409,\"height\":410,\"caption\":\"Master Juriste Conformit\u00e9 Compliance Officer \"},\"image\":{\"@id\":\"https:\\\/\\\/masterjcco.eu\\\/#\\\/schema\\\/logo\\\/image\\\/\"}}]}<\/script>\n<!-- \/ Yoast SEO plugin. -->","yoast_head_json":{"title":"Modalit\u00e9s - Master Juriste Conformit\u00e9 Compliance Officer","robots":{"index":"index","follow":"follow","max-snippet":"max-snippet:-1","max-image-preview":"max-image-preview:large","max-video-preview":"max-video-preview:-1"},"canonical":"https:\/\/masterjcco.eu\/index.php\/notation\/","og_locale":"en_US","og_type":"article","og_title":"Modalit\u00e9s - Master Juriste Conformit\u00e9 Compliance Officer","og_description":"Master 1 (formation initiale) Les \u00e9valuations prennent la forme d\u2019examens \u00e9crits se d\u00e9roulant lors des sessions d&#8217;examens (Semestre 1, Semestre 2).La validation du Master 1 requiert la r\u00e9ussite ind\u00e9pendante des deux semestres : la compensation entre semestres n\u2019est pas autoris\u00e9e. En cas d\u2019\u00e9chec \u00e0 l\u2019un d\u2019eux, des sessions de rattrapage sont pr\u00e9vues (de Juin \u00e0 &hellip; Read more \"Modalit\u00e9s\"","og_url":"https:\/\/masterjcco.eu\/index.php\/notation\/","og_site_name":"Master Juriste Conformit\u00e9 Compliance Officer","article_modified_time":"2025-06-24T07:18:02+00:00","twitter_card":"summary_large_image","twitter_misc":{"Est. reading time":"1 minute"},"schema":{"@context":"https:\/\/schema.org","@graph":[{"@type":"WebPage","@id":"https:\/\/masterjcco.eu\/index.php\/notation\/","url":"https:\/\/masterjcco.eu\/index.php\/notation\/","name":"Modalit\u00e9s - Master Juriste Conformit\u00e9 Compliance Officer","isPartOf":{"@id":"https:\/\/masterjcco.eu\/#website"},"datePublished":"2025-04-04T14:36:18+00:00","dateModified":"2025-06-24T07:18:02+00:00","breadcrumb":{"@id":"https:\/\/masterjcco.eu\/index.php\/notation\/#breadcrumb"},"inLanguage":"en-US","potentialAction":[{"@type":"ReadAction","target":["https:\/\/masterjcco.eu\/index.php\/notation\/"]}]},{"@type":"BreadcrumbList","@id":"https:\/\/masterjcco.eu\/index.php\/notation\/#breadcrumb","itemListElement":[{"@type":"ListItem","position":1,"name":"Accueil","item":"https:\/\/masterjcco.eu\/"},{"@type":"ListItem","position":2,"name":"Modalit\u00e9s"}]},{"@type":"WebSite","@id":"https:\/\/masterjcco.eu\/#website","url":"https:\/\/masterjcco.eu\/","name":"Master Juriste Conformit\u00e9 Compliance Officer","description":"","publisher":{"@id":"https:\/\/masterjcco.eu\/#organization"},"potentialAction":[{"@type":"SearchAction","target":{"@type":"EntryPoint","urlTemplate":"https:\/\/masterjcco.eu\/?s={search_term_string}"},"query-input":{"@type":"PropertyValueSpecification","valueRequired":true,"valueName":"search_term_string"}}],"inLanguage":"en-US"},{"@type":"Organization","@id":"https:\/\/masterjcco.eu\/#organization","name":"Master Juriste Conformit\u00e9 Compliance Officer","url":"https:\/\/masterjcco.eu\/","logo":{"@type":"ImageObject","inLanguage":"en-US","@id":"https:\/\/masterjcco.eu\/#\/schema\/logo\/image\/","url":"https:\/\/masterjcco.eu\/wp-content\/uploads\/2025\/05\/cropped-LOGO-PARFAIT.png","contentUrl":"https:\/\/masterjcco.eu\/wp-content\/uploads\/2025\/05\/cropped-LOGO-PARFAIT.png","width":409,"height":410,"caption":"Master Juriste Conformit\u00e9 Compliance Officer "},"image":{"@id":"https:\/\/masterjcco.eu\/#\/schema\/logo\/image\/"}}]}},"_links":{"self":[{"href":"https:\/\/masterjcco.eu\/index.php\/wp-json\/wp\/v2\/pages\/202","targetHints":{"allow":["GET"]}}],"collection":[{"href":"https:\/\/masterjcco.eu\/index.php\/wp-json\/wp\/v2\/pages"}],"about":[{"href":"https:\/\/masterjcco.eu\/index.php\/wp-json\/wp\/v2\/types\/page"}],"author":[{"embeddable":true,"href":"https:\/\/masterjcco.eu\/index.php\/wp-json\/wp\/v2\/users\/1"}],"replies":[{"embeddable":true,"href":"https:\/\/masterjcco.eu\/index.php\/wp-json\/wp\/v2\/comments?post=202"}],"version-history":[{"count":16,"href":"https:\/\/masterjcco.eu\/index.php\/wp-json\/wp\/v2\/pages\/202\/revisions"}],"predecessor-version":[{"id":704,"href":"https:\/\/masterjcco.eu\/index.php\/wp-json\/wp\/v2\/pages\/202\/revisions\/704"}],"wp:attachment":[{"href":"https:\/\/masterjcco.eu\/index.php\/wp-json\/wp\/v2\/media?parent=202"}],"curies":[{"name":"wp","href":"https:\/\/api.w.org\/{rel}","templated":true}]}}