{"id":206,"date":"2025-04-04T16:37:58","date_gmt":"2025-04-04T14:37:58","guid":{"rendered":"https:\/\/masterjcco.eu\/?page_id=206"},"modified":"2026-02-19T13:23:18","modified_gmt":"2026-02-19T12:23:18","slug":"programme","status":"publish","type":"page","link":"https:\/\/masterjcco.eu\/index.php\/programme\/","title":{"rendered":"Programme"},"content":{"rendered":"\r\n<h2 class=\"wp-block-heading has-text-color has-link-color wp-elements-3db4b5cdf03c67d52256f139a645c0ca\" style=\"color: #131587;\">Programme Master 1<\/h2>\r\n\r\n\r\n\r\n<p>&nbsp;<\/p>\r\n\r\n\r\n\r\n<p class=\"has-foreground-color has-text-color has-link-color wp-elements-ca71787c104e761d2a624892b6c6cb26\" style=\"text-align: justify;\">Le Master 1 permet d\u2019acqu\u00e9rir une solide formation en droit des affaires g\u00e9n\u00e9ral. Les enseignements couvrent notamment le droit p\u00e9nal des affaires, le droit fiscal, le droit commercial, le droit des soci\u00e9t\u00e9s, ainsi que des mati\u00e8res d\u2019ouverture telles que le droit europ\u00e9en, la propri\u00e9t\u00e9 intellectuelle ou la gestion financi\u00e8re. Une langue vivante est obligatoire (dont l\u2019anglais juridique)<\/p>\r\n\r\n\r\n\r\n<p>&nbsp;<\/p>\r\n\r\n\r\n\r\n<h2 class=\"wp-block-heading has-text-color has-link-color wp-elements-03cc393a42966d1069d2c62978c0654e\" style=\"color: #131587;\">Programme Master 2<\/h2>\r\n\r\n\r\n\r\n<p class=\"has-foreground-color has-text-color has-link-color wp-elements-4f074195d7ea470cf57e9ee7317110f7\" style=\"text-align: justify;\">Cette formation offre l&#8217;opportunit\u00e9 de se professionnaliser en effectuant une\u00a0 alternance.\u00a0 Le rythme est le suivant : 3 semaines en entreprise et 1 semaine \u00e0 la facult\u00e9 de droit de Strasbourg. \u202fChaque semaine de cours est d\u00e9di\u00e9e \u00e0 l&#8217;\u00e9tude de diff\u00e9rents sujets.<\/p>\r\n\r\n\r\n<details class=\"wp-block-details has-foreground-color has-text-color has-link-color has-medium-font-size wp-elements-9e1ebec62dd5ddaff60a6da21de673ab is-layout-flow wp-block-details-is-layout-flow\" style=\"font-style: normal; font-weight: bold;\">\r\n<summary>Cours introductifs<\/summary>\r\n\r\n<p class=\"has-foreground-color has-text-color has-link-color has-small-font-size wp-elements-ad3696730e17a5a1217655a20b7f806c\" style=\"font-style: normal; font-weight: 400; text-align: justify;\">Appr\u00e9hension des fondements, finalit\u00e9s et structures de la conformit\u00e9 juridique. Pr\u00e9sentation de l\u2019AFA, de l\u2019AMF et de TRACFIN par diff\u00e9rents intervenants<\/p>\r\n\r\n\r\n\r\n<p class=\"has-small-font-size\">\u00a0<\/p>\r\n<\/details>\r\n\r\n<details class=\"wp-block-details has-foreground-color has-text-color has-link-color has-medium-font-size wp-elements-fe17645c5dd8ad108f1cb4acfc718a3f is-layout-flow wp-block-details-is-layout-flow\" style=\"font-style: normal; font-weight: bold;\">\r\n<summary>Module droit p\u00e9nal fiscal<\/summary>\r\n\r\n\r\n\r\n\r\n\r\n\r\n\r\n<p class=\"has-foreground-color has-text-color has-link-color has-small-font-size wp-elements-26e3d7de7ff42c377687633573520a8e\" style=\"font-style: normal; font-weight: 400; text-align: justify;\">Ce cours traite de la pr\u00e9vention des risques dans le domaine comptable et de l\u2019appr\u00e9hension des liens entre la comptabilit\u00e9, la fiscalit\u00e9 et le droit p\u00e9nal. En parall\u00e8le, sont \u00e9tudi\u00e9s les m\u00e9canismes des soci\u00e9t\u00e9s \u00e9crans ainsi que les diff\u00e9rents sch\u00e9mas de fraude fiscale et de blanchiment d\u2019argent.<\/p>\r\n\r\n\r\n<\/details>\r\n\r\n<details class=\"wp-block-details has-foreground-color has-text-color has-link-color has-medium-font-size wp-elements-230339f66d1ebe012c18dc94f0a2bdb0 is-layout-flow wp-block-details-is-layout-flow\" style=\"font-style: normal; font-weight: bold;\">\r\n<summary>Module p\u00e9nal comptable et des soci\u00e9t\u00e9s<\/summary>\r\n\r\n\r\n\r\n<p class=\"has-small-font-size\" style=\"font-style: normal; font-weight: 400; text-align: justify;\">Ce module offre une initiation aux infractions comptables et financi\u00e8res ainsi qu&#8217;\u00e0 la cybers\u00e9curit\u00e9.<\/p>\r\n\r\n\r\n<\/details>\r\n\r\n<details class=\"wp-block-details has-foreground-color has-text-color has-link-color has-medium-font-size wp-elements-6e249e69aab3696dec69c409b825775b is-layout-flow wp-block-details-is-layout-flow\" style=\"font-style: normal; font-weight: bold;\">\r\n<summary>Module m\u00e9thodologie<\/summary>\r\n\r\n\r\n\r\n<p class=\"has-foreground-color has-text-color has-link-color has-small-font-size wp-elements-1a9d6610a25a254d6b945b1978d85aa4\" style=\"font-style: normal; font-weight: 400; text-align: justify;\">Ce module permet d&#8217;acqu\u00e9rir la m\u00e9thodologie relative \u00e0 la r\u00e9daction d\u2019un m\u00e9moire et d\u2019un rapport d\u2019alternance.<\/p>\r\n\r\n\r\n<\/details><!-- \/wp:post-content -->\r\n\r\n<!-- wp:details {\"style\":{\"spacing\":{\"blockGap\":\"var:preset|spacing|small\"},\"elements\":{\"link\":{\"color\":{\"text\":\"var:preset|color|foreground\"}}},\"typography\":{\"fontStyle\":\"normal\",\"fontWeight\":\"700\"}},\"textColor\":\"foreground\",\"fontSize\":\"medium\"} --><details class=\"wp-block-details has-foreground-color has-text-color has-link-color has-medium-font-size\" style=\"font-style: normal; font-weight: bold;\">\r\n<summary>Module conformit\u00e9 assurance<\/summary>\r\n<!-- \/wp:details -->\r\n\r\n<!-- wp:paragraph \/-->\r\n\r\n<!-- wp:paragraph {\"placeholder\":\"Saisissez \/ pour ajouter un bloc masqu\u00e9\",\"style\":{\"elements\":{\"link\":{\"color\":{\"text\":\"var:preset|color|foreground\"}}},\"typography\":{\"fontStyle\":\"normal\",\"fontWeight\":\"400\"}},\"textColor\":\"foreground\",\"fontSize\":\"small\"} -->\r\n<p class=\"has-foreground-color has-text-color has-link-color has-small-font-size\" style=\"font-style: normal; font-weight: 400; text-align: justify;\">Ce cours a pour objectif la ma\u00eetrise de la r\u00e9glementation applicable au secteur assurantiel, notamment la directive Solvabilit\u00e9 II et la directive distribution assurance. Sont \u00e9galement abord\u00e9s la protection des donn\u00e9es \u00e0 caract\u00e8re personnel (RGPD), les obligations en mati\u00e8re de lutte contre le blanchiment de capitaux et le financement du terrorisme (LCB-FT) dans le domaine de l\u2019assurance, ainsi que les diff\u00e9rentes cat\u00e9gories d\u2019interm\u00e9diaires en assurance.<\/p>\r\n<!-- \/wp:paragraph -->\r\n\r\n<!-- wp:paragraph \/--><\/details><!-- \/wp:details -->\r\n\r\n<!-- wp:details {\"style\":{\"elements\":{\"link\":{\"color\":{\"text\":\"var:preset|color|foreground\"}}},\"typography\":{\"fontStyle\":\"normal\",\"fontWeight\":\"700\"}},\"textColor\":\"foreground\",\"fontSize\":\"medium\"} --><details class=\"wp-block-details has-foreground-color has-text-color has-link-color has-medium-font-size\" style=\"font-style: normal; font-weight: bold;\">\r\n<summary>Module conformit\u00e9 banque<\/summary>\r\n<!-- \/wp:paragraph -->\r\n\r\n<!-- wp:paragraph {\"style\":{\"elements\":{\"link\":{\"color\":{\"text\":\"var:preset|color|foreground\"}}},\"typography\":{\"fontStyle\":\"normal\",\"fontWeight\":\"400\"}},\"textColor\":\"foreground\",\"fontSize\":\"small\"} --><!-- \/wp:paragraph -->\r\n\r\n<!-- wp:paragraph --><!-- \/wp:paragraph -->\r\n\r\n<!-- wp:paragraph {\"placeholder\":\"Saisissez \/ pour ajouter un bloc masqu\u00e9\",\"style\":{\"elements\":{\"link\":{\"color\":{\"text\":\"var:preset|color|foreground\"}}},\"typography\":{\"fontStyle\":\"normal\",\"fontWeight\":\"400\"}},\"textColor\":\"foreground\",\"fontSize\":\"small\"} -->\r\n<p class=\"has-foreground-color has-text-color has-link-color has-small-font-size\" style=\"font-style: normal; font-weight: 400; text-align: justify;\">Pr\u00e9sentation des missions et du fonctionnement de l&#8217;ACPR. Appr\u00e9hension de la r\u00e9glementation et des enjeux de la LCB-FT dans le secteur bancaire &#8211; Etude de cas et lecture de sanction de l\u2019ACPR.\u00a0<\/p>\r\n<p>&nbsp;<\/p>\r\n<!-- \/wp:paragraph -->\r\n\r\n<!-- wp:paragraph {\"style\":{\"elements\":{\"link\":{\"color\":{\"text\":\"var:preset|color|foreground\"}}}},\"textColor\":\"foreground\"} --><!-- \/wp:paragraph --><\/details><!-- \/wp:details -->\r\n\r\n<!-- wp:details {\"style\":{\"elements\":{\"link\":{\"color\":{\"text\":\"var:preset|color|foreground\"}}},\"typography\":{\"fontStyle\":\"normal\",\"fontWeight\":\"700\"}},\"textColor\":\"foreground\",\"fontSize\":\"medium\"} --><details class=\"wp-block-details has-foreground-color has-text-color has-link-color has-medium-font-size\" style=\"font-style: normal; font-weight: bold;\">\r\n<summary>Module conformit\u00e9 entreprise<\/summary>\r\n<!-- \/wp:paragraph -->\r\n\r\n<!-- wp:paragraph --><!-- \/wp:paragraph -->\r\n\r\n<!-- wp:paragraph --><!-- \/wp:paragraph -->\r\n\r\n<!-- wp:paragraph {\"placeholder\":\"Saisissez \/ pour ajouter un bloc masqu\u00e9\",\"style\":{\"elements\":{\"link\":{\"color\":{\"text\":\"var:preset|color|foreground\"}}},\"typography\":{\"fontStyle\":\"normal\",\"fontWeight\":\"400\"}},\"textColor\":\"foreground\",\"fontSize\":\"small\"} -->\r\n<p class=\"has-foreground-color has-text-color has-link-color has-small-font-size\" style=\"font-style: normal; font-weight: 400; text-align: justify;\">Ce cours permet une analyse approfondie des enjeux li\u00e9s \u00e0 la corruption en entreprise et aux relations contractuelles avec des tiers. Il vise \u00e0 d\u00e9velopper une compr\u00e9hension globale des m\u00e9canismes de conformit\u00e9, en abordant notamment la due diligence, la protection des donn\u00e9es personnelles (RGPD), le dispositif d\u2019alerte, la cartographie des risques, la conformit\u00e9 en mati\u00e8re de droit de la concurrence, ainsi que les enjeux li\u00e9es \u00e0 la responsabilit\u00e9 soci\u00e9tale des entreprises (RSE).\u00a0<\/p>\r\n<!-- \/wp:paragraph -->\r\n\r\n<!-- wp:paragraph -->\r\n<p>&nbsp;<\/p>\r\n<!-- \/wp:paragraph --><\/details><!-- \/wp:details -->\r\n\r\n<!-- wp:details {\"style\":{\"elements\":{\"link\":{\"color\":{\"text\":\"var:preset|color|foreground\"}}},\"typography\":{\"fontStyle\":\"normal\",\"fontWeight\":\"700\"}},\"textColor\":\"foreground\",\"fontSize\":\"medium\"} --><details class=\"wp-block-details has-foreground-color has-text-color has-link-color has-medium-font-size\" style=\"font-style: normal; font-weight: bold;\">\r\n<summary>Module anglais<\/summary>\r\n<!-- \/wp:paragraph -->\r\n\r\n<!-- wp:paragraph {\"placeholder\":\"Saisissez \/ pour ajouter un bloc masqu\u00e9\",\"style\":{\"elements\":{\"link\":{\"color\":{\"text\":\"var:preset|color|foreground\"}}},\"typography\":{\"fontStyle\":\"normal\",\"fontWeight\":\"400\"}},\"textColor\":\"foreground\",\"fontSize\":\"small\"} -->\r\n<p class=\"has-foreground-color has-text-color has-link-color has-small-font-size\" style=\"font-style: normal; font-weight: 400; text-align: justify;\">Le cours repose sur la r\u00e9alisation de travaux oraux et \u00e9crits portant sur diff\u00e9rents aspects de la compliance. Il inclut \u00e9galement une sensibilisation aux enjeux li\u00e9s \u00e0 l&#8217;intelligence artificielle.<\/p>\r\n<!-- \/wp:paragraph -->\r\n\r\n<!-- wp:paragraph -->\r\n<p>&nbsp;<\/p>\r\n<!-- \/wp:paragraph --><\/details><!-- \/wp:details -->\r\n\r\n<!-- wp:details {\"style\":{\"elements\":{\"link\":{\"color\":{\"text\":\"var:preset|color|foreground\"}}},\"typography\":{\"fontStyle\":\"normal\",\"fontWeight\":\"700\"}},\"textColor\":\"foreground\",\"fontSize\":\"medium\"} --><details class=\"wp-block-details has-foreground-color has-text-color has-link-color has-medium-font-size\" style=\"font-style: normal; font-weight: bold;\">\r\n<summary>Module conformit\u00e9 des march\u00e9s financiers<\/summary>\r\n<!-- \/wp:paragraph -->\r\n\r\n<!-- wp:paragraph --><!-- \/wp:paragraph -->\r\n\r\n<!-- wp:paragraph --><!-- \/wp:paragraph -->\r\n\r\n<!-- wp:paragraph {\"placeholder\":\"Saisissez \/ pour ajouter un bloc masqu\u00e9\",\"style\":{\"elements\":{\"link\":{\"color\":{\"text\":\"var:preset|color|foreground\"}}},\"typography\":{\"fontStyle\":\"normal\",\"fontWeight\":\"400\"}},\"textColor\":\"foreground\",\"fontSize\":\"small\"} -->\r\n<p class=\"has-foreground-color has-text-color has-link-color has-small-font-size\" style=\"font-style: normal; font-weight: 400; text-align: justify;\">Ce cours consiste en une pr\u00e9sentation de l\u2019AMF et du fonctionnement des march\u00e9s financiers, avec une \u00e9tude des diff\u00e9rents produits financiers, des acteurs du march\u00e9 ainsi que des services d\u2019investissement. La gestion d\u2019actifs et les abus de march\u00e9 font l\u2019objet d\u2019un approfondissement particulier. Enfin, une attention sp\u00e9cifique est port\u00e9e aux enjeux de s\u00e9curit\u00e9 financi\u00e8re appliqu\u00e9s aux march\u00e9s financiers, ainsi qu\u2019au dispositif de conformit\u00e9 propre \u00e0 ce secteur.<\/p>\r\n<!-- \/wp:paragraph -->\r\n\r\n<!-- wp:paragraph -->\r\n<p>&nbsp;<\/p>\r\n<!-- \/wp:paragraph --><\/details><!-- \/wp:details -->\r\n\r\n<!-- wp:details {\"style\":{\"elements\":{\"link\":{\"color\":{\"text\":\"var:preset|color|foreground\"}}},\"typography\":{\"fontStyle\":\"normal\",\"fontWeight\":\"700\"}},\"textColor\":\"foreground\",\"fontSize\":\"medium\"} --><details class=\"wp-block-details has-foreground-color has-text-color has-link-color has-medium-font-size\" style=\"font-style: normal; font-weight: bold;\">\r\n<summary>Module fraudes informatiques<\/summary>\r\n<!-- \/wp:paragraph -->\r\n\r\n<!-- wp:paragraph {\"style\":{\"elements\":{\"link\":{\"color\":{\"text\":\"var:preset|color|foreground\"}}},\"typography\":{\"fontStyle\":\"normal\",\"fontWeight\":\"400\"}},\"textColor\":\"foreground\",\"fontSize\":\"small\"} -->\r\n<p class=\"has-foreground-color has-text-color has-link-color has-small-font-size\" style=\"font-style: normal; font-weight: 400; text-align: justify;\">Ce cours vise \u00e0 sensibiliser les \u00e9tudiants \u00e0 l\u2019importance des comp\u00e9tences num\u00e9riques dans les fonctions de conformit\u00e9. Il pr\u00e9sente notamment les principaux logiciels de gestion des risques, les fondements de la th\u00e9orie de l\u2019information, les m\u00e9canismes de structuration des donn\u00e9es, ainsi que le fonctionnement de la blockchain. Les risques li\u00e9s \u00e0 la cybers\u00e9curit\u00e9 sont \u00e9galement abord\u00e9s.<\/p>\r\n<!-- \/wp:paragraph -->\r\n\r\n<!-- wp:paragraph {\"placeholder\":\"Saisissez \/ pour ajouter un bloc masqu\u00e9\",\"style\":{\"elements\":{\"link\":{\"color\":{\"text\":\"var:preset|color|foreground\"}}},\"typography\":{\"fontStyle\":\"normal\",\"fontWeight\":\"400\"}},\"textColor\":\"foreground\",\"fontSize\":\"small\"} -->\r\n<p class=\"has-foreground-color has-text-color has-link-color has-small-font-size\" style=\"font-style: normal; font-weight: 400; text-align: justify;\">L\u2019objectif est de permettre une compr\u00e9hension globale de l\u2019environnement num\u00e9rique, afin d\u2019en appr\u00e9hender les enjeux et les menaces, et d\u2019acqu\u00e9rir les outils n\u00e9cessaires \u00e0 une utilisation du num\u00e9rique au service de la conformit\u00e9.<\/p>\r\n<!-- \/wp:paragraph --><\/details><!-- \/wp:details -->","protected":false},"excerpt":{"rendered":"<p>Programme Master 1 &nbsp; Le Master 1 permet d\u2019acqu\u00e9rir une solide formation en droit des affaires g\u00e9n\u00e9ral. Les enseignements couvrent notamment le droit p\u00e9nal des affaires, le droit fiscal, le droit commercial, le droit des soci\u00e9t\u00e9s, ainsi que des mati\u00e8res d\u2019ouverture telles que le droit europ\u00e9en, la propri\u00e9t\u00e9 intellectuelle ou la gestion financi\u00e8re. Une langue &hellip; <\/p>\n<p class=\"link-more\"><a href=\"https:\/\/masterjcco.eu\/index.php\/programme\/\" class=\"more-link\">Read more<span class=\"screen-reader-text\"> &#8220;Programme&#8221;<\/span><\/a><\/p>\n","protected":false},"author":1,"featured_media":0,"parent":0,"menu_order":0,"comment_status":"closed","ping_status":"closed","template":"","meta":{"footnotes":""},"class_list":["post-206","page","type-page","status-publish","hentry"],"yoast_head":"<!-- This site is optimized with the Yoast SEO plugin v27.4 - https:\/\/yoast.com\/product\/yoast-seo-wordpress\/ -->\n<title>Programme - Master Juriste Conformit\u00e9 Compliance Officer<\/title>\n<meta name=\"robots\" content=\"index, follow, max-snippet:-1, max-image-preview:large, max-video-preview:-1\" \/>\n<link rel=\"canonical\" href=\"https:\/\/masterjcco.eu\/index.php\/programme\/\" \/>\n<meta property=\"og:locale\" content=\"en_US\" \/>\n<meta property=\"og:type\" content=\"article\" \/>\n<meta property=\"og:title\" content=\"Programme - Master Juriste Conformit\u00e9 Compliance Officer\" \/>\n<meta property=\"og:description\" content=\"Programme Master 1 &nbsp; Le Master 1 permet d\u2019acqu\u00e9rir une solide formation en droit des affaires g\u00e9n\u00e9ral. Les enseignements couvrent notamment le droit p\u00e9nal des affaires, le droit fiscal, le droit commercial, le droit des soci\u00e9t\u00e9s, ainsi que des mati\u00e8res d\u2019ouverture telles que le droit europ\u00e9en, la propri\u00e9t\u00e9 intellectuelle ou la gestion financi\u00e8re. Une langue &hellip; Read more &quot;Programme&quot;\" \/>\n<meta property=\"og:url\" content=\"https:\/\/masterjcco.eu\/index.php\/programme\/\" \/>\n<meta property=\"og:site_name\" content=\"Master Juriste Conformit\u00e9 Compliance Officer\" \/>\n<meta property=\"article:modified_time\" content=\"2026-02-19T12:23:18+00:00\" \/>\n<meta name=\"twitter:card\" content=\"summary_large_image\" \/>\n<meta name=\"twitter:label1\" content=\"Est. reading time\" \/>\n\t<meta name=\"twitter:data1\" content=\"4 minutes\" \/>\n<script type=\"application\/ld+json\" class=\"yoast-schema-graph\">{\"@context\":\"https:\\\/\\\/schema.org\",\"@graph\":[{\"@type\":\"WebPage\",\"@id\":\"https:\\\/\\\/masterjcco.eu\\\/index.php\\\/programme\\\/\",\"url\":\"https:\\\/\\\/masterjcco.eu\\\/index.php\\\/programme\\\/\",\"name\":\"Programme - Master Juriste Conformit\u00e9 Compliance Officer\",\"isPartOf\":{\"@id\":\"https:\\\/\\\/masterjcco.eu\\\/#website\"},\"datePublished\":\"2025-04-04T14:37:58+00:00\",\"dateModified\":\"2026-02-19T12:23:18+00:00\",\"breadcrumb\":{\"@id\":\"https:\\\/\\\/masterjcco.eu\\\/index.php\\\/programme\\\/#breadcrumb\"},\"inLanguage\":\"en-US\",\"potentialAction\":[{\"@type\":\"ReadAction\",\"target\":[\"https:\\\/\\\/masterjcco.eu\\\/index.php\\\/programme\\\/\"]}]},{\"@type\":\"BreadcrumbList\",\"@id\":\"https:\\\/\\\/masterjcco.eu\\\/index.php\\\/programme\\\/#breadcrumb\",\"itemListElement\":[{\"@type\":\"ListItem\",\"position\":1,\"name\":\"Accueil\",\"item\":\"https:\\\/\\\/masterjcco.eu\\\/\"},{\"@type\":\"ListItem\",\"position\":2,\"name\":\"Programme\"}]},{\"@type\":\"WebSite\",\"@id\":\"https:\\\/\\\/masterjcco.eu\\\/#website\",\"url\":\"https:\\\/\\\/masterjcco.eu\\\/\",\"name\":\"Master Juriste Conformit\u00e9 Compliance Officer\",\"description\":\"\",\"publisher\":{\"@id\":\"https:\\\/\\\/masterjcco.eu\\\/#organization\"},\"potentialAction\":[{\"@type\":\"SearchAction\",\"target\":{\"@type\":\"EntryPoint\",\"urlTemplate\":\"https:\\\/\\\/masterjcco.eu\\\/?s={search_term_string}\"},\"query-input\":{\"@type\":\"PropertyValueSpecification\",\"valueRequired\":true,\"valueName\":\"search_term_string\"}}],\"inLanguage\":\"en-US\"},{\"@type\":\"Organization\",\"@id\":\"https:\\\/\\\/masterjcco.eu\\\/#organization\",\"name\":\"Master Juriste Conformit\u00e9 Compliance Officer\",\"url\":\"https:\\\/\\\/masterjcco.eu\\\/\",\"logo\":{\"@type\":\"ImageObject\",\"inLanguage\":\"en-US\",\"@id\":\"https:\\\/\\\/masterjcco.eu\\\/#\\\/schema\\\/logo\\\/image\\\/\",\"url\":\"https:\\\/\\\/masterjcco.eu\\\/wp-content\\\/uploads\\\/2025\\\/05\\\/cropped-LOGO-PARFAIT.png\",\"contentUrl\":\"https:\\\/\\\/masterjcco.eu\\\/wp-content\\\/uploads\\\/2025\\\/05\\\/cropped-LOGO-PARFAIT.png\",\"width\":409,\"height\":410,\"caption\":\"Master Juriste Conformit\u00e9 Compliance Officer \"},\"image\":{\"@id\":\"https:\\\/\\\/masterjcco.eu\\\/#\\\/schema\\\/logo\\\/image\\\/\"}}]}<\/script>\n<!-- \/ Yoast SEO plugin. -->","yoast_head_json":{"title":"Programme - Master Juriste Conformit\u00e9 Compliance Officer","robots":{"index":"index","follow":"follow","max-snippet":"max-snippet:-1","max-image-preview":"max-image-preview:large","max-video-preview":"max-video-preview:-1"},"canonical":"https:\/\/masterjcco.eu\/index.php\/programme\/","og_locale":"en_US","og_type":"article","og_title":"Programme - Master Juriste Conformit\u00e9 Compliance Officer","og_description":"Programme Master 1 &nbsp; Le Master 1 permet d\u2019acqu\u00e9rir une solide formation en droit des affaires g\u00e9n\u00e9ral. Les enseignements couvrent notamment le droit p\u00e9nal des affaires, le droit fiscal, le droit commercial, le droit des soci\u00e9t\u00e9s, ainsi que des mati\u00e8res d\u2019ouverture telles que le droit europ\u00e9en, la propri\u00e9t\u00e9 intellectuelle ou la gestion financi\u00e8re. Une langue &hellip; Read more \"Programme\"","og_url":"https:\/\/masterjcco.eu\/index.php\/programme\/","og_site_name":"Master Juriste Conformit\u00e9 Compliance Officer","article_modified_time":"2026-02-19T12:23:18+00:00","twitter_card":"summary_large_image","twitter_misc":{"Est. reading time":"4 minutes"},"schema":{"@context":"https:\/\/schema.org","@graph":[{"@type":"WebPage","@id":"https:\/\/masterjcco.eu\/index.php\/programme\/","url":"https:\/\/masterjcco.eu\/index.php\/programme\/","name":"Programme - Master Juriste Conformit\u00e9 Compliance Officer","isPartOf":{"@id":"https:\/\/masterjcco.eu\/#website"},"datePublished":"2025-04-04T14:37:58+00:00","dateModified":"2026-02-19T12:23:18+00:00","breadcrumb":{"@id":"https:\/\/masterjcco.eu\/index.php\/programme\/#breadcrumb"},"inLanguage":"en-US","potentialAction":[{"@type":"ReadAction","target":["https:\/\/masterjcco.eu\/index.php\/programme\/"]}]},{"@type":"BreadcrumbList","@id":"https:\/\/masterjcco.eu\/index.php\/programme\/#breadcrumb","itemListElement":[{"@type":"ListItem","position":1,"name":"Accueil","item":"https:\/\/masterjcco.eu\/"},{"@type":"ListItem","position":2,"name":"Programme"}]},{"@type":"WebSite","@id":"https:\/\/masterjcco.eu\/#website","url":"https:\/\/masterjcco.eu\/","name":"Master Juriste Conformit\u00e9 Compliance Officer","description":"","publisher":{"@id":"https:\/\/masterjcco.eu\/#organization"},"potentialAction":[{"@type":"SearchAction","target":{"@type":"EntryPoint","urlTemplate":"https:\/\/masterjcco.eu\/?s={search_term_string}"},"query-input":{"@type":"PropertyValueSpecification","valueRequired":true,"valueName":"search_term_string"}}],"inLanguage":"en-US"},{"@type":"Organization","@id":"https:\/\/masterjcco.eu\/#organization","name":"Master Juriste Conformit\u00e9 Compliance Officer","url":"https:\/\/masterjcco.eu\/","logo":{"@type":"ImageObject","inLanguage":"en-US","@id":"https:\/\/masterjcco.eu\/#\/schema\/logo\/image\/","url":"https:\/\/masterjcco.eu\/wp-content\/uploads\/2025\/05\/cropped-LOGO-PARFAIT.png","contentUrl":"https:\/\/masterjcco.eu\/wp-content\/uploads\/2025\/05\/cropped-LOGO-PARFAIT.png","width":409,"height":410,"caption":"Master Juriste Conformit\u00e9 Compliance Officer "},"image":{"@id":"https:\/\/masterjcco.eu\/#\/schema\/logo\/image\/"}}]}},"_links":{"self":[{"href":"https:\/\/masterjcco.eu\/index.php\/wp-json\/wp\/v2\/pages\/206","targetHints":{"allow":["GET"]}}],"collection":[{"href":"https:\/\/masterjcco.eu\/index.php\/wp-json\/wp\/v2\/pages"}],"about":[{"href":"https:\/\/masterjcco.eu\/index.php\/wp-json\/wp\/v2\/types\/page"}],"author":[{"embeddable":true,"href":"https:\/\/masterjcco.eu\/index.php\/wp-json\/wp\/v2\/users\/1"}],"replies":[{"embeddable":true,"href":"https:\/\/masterjcco.eu\/index.php\/wp-json\/wp\/v2\/comments?post=206"}],"version-history":[{"count":81,"href":"https:\/\/masterjcco.eu\/index.php\/wp-json\/wp\/v2\/pages\/206\/revisions"}],"predecessor-version":[{"id":1016,"href":"https:\/\/masterjcco.eu\/index.php\/wp-json\/wp\/v2\/pages\/206\/revisions\/1016"}],"wp:attachment":[{"href":"https:\/\/masterjcco.eu\/index.php\/wp-json\/wp\/v2\/media?parent=206"}],"curies":[{"name":"wp","href":"https:\/\/api.w.org\/{rel}","templated":true}]}}