{"id":433,"date":"2025-06-23T17:32:11","date_gmt":"2025-06-23T15:32:11","guid":{"rendered":"https:\/\/masterjcco.eu\/?page_id=433"},"modified":"2026-02-19T13:05:16","modified_gmt":"2026-02-19T12:05:16","slug":"promotions","status":"publish","type":"page","link":"https:\/\/masterjcco.eu\/index.php\/promotions\/","title":{"rendered":"Promotions"},"content":{"rendered":"<p>&nbsp;<\/p>\n<p><img loading=\"lazy\" decoding=\"async\" class=\"wp-image-990 aligncenter\" style=\"font-family: georgia, palatino, serif;\" src=\"http:\/\/masterjcco.eu\/wp-content\/uploads\/2026\/02\/WhatsApp-Image-2026-02-06-at-23.25.01-1-300x200.jpeg\" alt=\"\" width=\"868\" height=\"578\" srcset=\"https:\/\/masterjcco.eu\/wp-content\/uploads\/2026\/02\/WhatsApp-Image-2026-02-06-at-23.25.01-1-300x200.jpeg 300w, https:\/\/masterjcco.eu\/wp-content\/uploads\/2026\/02\/WhatsApp-Image-2026-02-06-at-23.25.01-1-1024x682.jpeg 1024w, https:\/\/masterjcco.eu\/wp-content\/uploads\/2026\/02\/WhatsApp-Image-2026-02-06-at-23.25.01-1.jpeg 1600w\" sizes=\"auto, (max-width: 868px) 100vw, 868px\" \/><\/p>\n<p>&nbsp;<\/p>\n<p>Au premier rang : Hou\u00e9vo Christelle HOUSSA ; <span style=\"color: #3366ff;\"><a id=\"ember514\" class=\"ember-view\" style=\"color: #3366ff;\" tabindex=\"0\" href=\"https:\/\/www.linkedin.com\/in\/amandine-mathon-b5b08935a\/\">Amandine Mathon<\/a> ; <a id=\"ember515\" class=\"ember-view\" style=\"color: #3366ff;\" tabindex=\"0\" href=\"https:\/\/www.linkedin.com\/in\/thomas-goncalves-8a347191\/\">Thomas Goncalves<\/a> ; <a id=\"ember516\" class=\"ember-view\" style=\"color: #3366ff;\" tabindex=\"0\" href=\"https:\/\/www.linkedin.com\/in\/amanis-izgua\/\">Amanis IZGUA<\/a> ; <a id=\"ember517\" class=\"ember-view\" style=\"color: #3366ff;\" tabindex=\"0\" href=\"https:\/\/www.linkedin.com\/in\/sara-trombini-7400b2292\/\">Sara Trombini<\/a> ; <a id=\"ember518\" class=\"ember-view\" style=\"color: #3366ff;\" tabindex=\"0\" href=\"https:\/\/www.linkedin.com\/in\/linda-kaddour-5b4666340\/\">Linda Kaddour<\/a> ; <a id=\"ember519\" class=\"ember-view\" style=\"color: #3366ff;\" tabindex=\"0\" href=\"https:\/\/www.linkedin.com\/in\/sasha-pabisiak-4648b7288\/\">Sasha Pabisiak<\/a> ; <a id=\"ember520\" class=\"ember-view\" style=\"color: #3366ff;\" tabindex=\"0\" href=\"https:\/\/www.linkedin.com\/in\/amelie-bergeron-wallace\/\">Amelie Bergeron Wallace<\/a> ; <a id=\"ember521\" class=\"ember-view\" style=\"color: #3366ff;\" tabindex=\"0\" href=\"https:\/\/www.linkedin.com\/in\/isabellacapiberibe\/?lipi=urn%3Ali%3Apage%3Ad_flagship3_profile_view_base_recent_activity_content_view%3BMppLNftYSdm1D5c3HWIcrQ%3D%3D\" data-ntt-old-href=\"\/in\/isabellacapiberibe\/\">Isabella Capiberibe<\/a> ; <a id=\"ember522\" class=\"ember-view\" style=\"color: #3366ff;\" tabindex=\"0\" href=\"https:\/\/www.linkedin.com\/in\/za%C3%AFna-el-hair-halidi-b90101295\/\">Za\u00efna El-hair Halidi<\/a>.<\/span><\/p>\n<p>Au deuxi\u00e8me rang :<span style=\"color: #3366ff;\"> <a id=\"ember523\" class=\"ember-view\" style=\"color: #3366ff;\" tabindex=\"0\" href=\"https:\/\/www.linkedin.com\/in\/jeanne-vandycke-3b954622a\/\">Jeanne Vandycke<\/a> ; <a id=\"ember524\" class=\"ember-view\" style=\"color: #3366ff;\" tabindex=\"0\" href=\"https:\/\/www.linkedin.com\/in\/garance-hertzog-490b48328\/\">Garance Hertzog<\/a> ; <a id=\"ember525\" class=\"ember-view\" style=\"color: #3366ff;\" tabindex=\"0\" href=\"https:\/\/www.linkedin.com\/in\/audrey-begou-de-priestere-0b66641a3\/\">Audrey Begou de Priestere<\/a> ; <a id=\"ember526\" class=\"ember-view\" style=\"color: #3366ff;\" tabindex=\"0\" href=\"https:\/\/www.linkedin.com\/in\/cl%C3%A9mence-marques-0071b52a1\/\">Cl\u00e9mence Marques<\/a> ; <a id=\"ember527\" class=\"ember-view\" style=\"color: #3366ff;\" tabindex=\"0\" href=\"https:\/\/www.linkedin.com\/in\/bintou-gningue-929193213\/\">BINTOU Gningue<\/a> ; <a id=\"ember528\" class=\"ember-view\" style=\"color: #3366ff;\" tabindex=\"0\" href=\"https:\/\/www.linkedin.com\/in\/laurine-barbeau-2271a2284\/\">Laurine Barbeau<\/a> ; <a id=\"ember529\" class=\"ember-view\" style=\"color: #3366ff;\" tabindex=\"0\" href=\"https:\/\/www.linkedin.com\/in\/arina-rudakova\/\">Arina R.<\/a><\/span>.<\/p>\n<p>Au troisi\u00e8me rang : <span style=\"font-family: georgia, palatino, serif;\"><span style=\"color: #3366ff;\"><a id=\"ember530\" class=\"ember-view\" style=\"color: #3366ff;\" tabindex=\"0\" href=\"https:\/\/www.linkedin.com\/in\/mursel-yaman-4438b0284\/\">Mursel YAMAN<\/a> ; <a id=\"ember531\" class=\"ember-view\" style=\"color: #3366ff;\" tabindex=\"0\" href=\"https:\/\/www.linkedin.com\/in\/franck-assane-498178232\/\">Franck Assane<\/a> ; <a id=\"ember532\" class=\"ember-view\" style=\"color: #3366ff;\" tabindex=\"0\" href=\"https:\/\/www.linkedin.com\/in\/zakari-arkoub-a3789a212\/\">Zakari Arkoub<\/a> ; <\/span><a id=\"ember533\" class=\"ember-view\" tabindex=\"0\" href=\"https:\/\/www.linkedin.com\/in\/vanessa-aryitey-72890512a\/\"><span style=\"color: #3366ff;\">Vanessa ARYITEY<\/span><\/a>.<\/span><\/p>\n<p>Nous souhaitons mentionner <a id=\"ember534\" class=\"ember-view\" tabindex=\"0\" href=\"https:\/\/www.linkedin.com\/in\/najwa-b-6a5634350\/\"><span style=\"color: #3366ff;\">Najwa Barkan<\/span><\/a> faisant \u00e9galement partie de cette promotion prometteuse.<\/p>\n","protected":false},"excerpt":{"rendered":"<p>&nbsp; &nbsp; Au premier rang : Hou\u00e9vo Christelle HOUSSA ; Amandine Mathon ; Thomas Goncalves ; Amanis IZGUA ; Sara Trombini ; Linda Kaddour ; Sasha Pabisiak ; Amelie Bergeron Wallace ; Isabella Capiberibe ; Za\u00efna El-hair Halidi. Au deuxi\u00e8me rang : Jeanne Vandycke ; Garance Hertzog ; Audrey Begou de Priestere ; Cl\u00e9mence Marques &hellip; <\/p>\n<p class=\"link-more\"><a href=\"https:\/\/masterjcco.eu\/index.php\/promotions\/\" class=\"more-link\">Read more<span class=\"screen-reader-text\"> &#8220;Promotions&#8221;<\/span><\/a><\/p>\n","protected":false},"author":1,"featured_media":0,"parent":0,"menu_order":0,"comment_status":"closed","ping_status":"closed","template":"","meta":{"footnotes":""},"class_list":["post-433","page","type-page","status-publish","hentry"],"yoast_head":"<!-- This site is optimized with the Yoast SEO plugin v27.4 - https:\/\/yoast.com\/product\/yoast-seo-wordpress\/ -->\n<title>Promotions - Master Juriste Conformit\u00e9 Compliance Officer<\/title>\n<meta name=\"robots\" content=\"index, follow, max-snippet:-1, max-image-preview:large, max-video-preview:-1\" \/>\n<link rel=\"canonical\" href=\"https:\/\/masterjcco.eu\/index.php\/promotions\/\" \/>\n<meta property=\"og:locale\" content=\"en_US\" \/>\n<meta property=\"og:type\" content=\"article\" \/>\n<meta property=\"og:title\" content=\"Promotions - Master Juriste Conformit\u00e9 Compliance Officer\" \/>\n<meta property=\"og:description\" content=\"&nbsp; &nbsp; Au premier rang : Hou\u00e9vo Christelle HOUSSA ; Amandine Mathon ; Thomas Goncalves ; Amanis IZGUA ; Sara Trombini ; Linda Kaddour ; Sasha Pabisiak ; Amelie Bergeron Wallace ; Isabella Capiberibe ; Za\u00efna El-hair Halidi. Au deuxi\u00e8me rang : Jeanne Vandycke ; Garance Hertzog ; Audrey Begou de Priestere ; Cl\u00e9mence Marques &hellip; Read more &quot;Promotions&quot;\" \/>\n<meta property=\"og:url\" content=\"https:\/\/masterjcco.eu\/index.php\/promotions\/\" \/>\n<meta property=\"og:site_name\" content=\"Master Juriste Conformit\u00e9 Compliance Officer\" \/>\n<meta property=\"article:modified_time\" content=\"2026-02-19T12:05:16+00:00\" \/>\n<meta property=\"og:image\" content=\"https:\/\/masterjcco.eu\/wp-content\/uploads\/2026\/02\/WhatsApp-Image-2026-02-06-at-23.25.01-1.jpeg\" \/>\n\t<meta property=\"og:image:width\" content=\"1600\" \/>\n\t<meta property=\"og:image:height\" content=\"1066\" \/>\n\t<meta property=\"og:image:type\" content=\"image\/jpeg\" \/>\n<meta name=\"twitter:card\" content=\"summary_large_image\" \/>\n<meta name=\"twitter:label1\" content=\"Est. reading time\" \/>\n\t<meta name=\"twitter:data1\" content=\"1 minute\" \/>\n<script type=\"application\/ld+json\" class=\"yoast-schema-graph\">{\"@context\":\"https:\\\/\\\/schema.org\",\"@graph\":[{\"@type\":\"WebPage\",\"@id\":\"https:\\\/\\\/masterjcco.eu\\\/index.php\\\/promotions\\\/\",\"url\":\"https:\\\/\\\/masterjcco.eu\\\/index.php\\\/promotions\\\/\",\"name\":\"Promotions - Master Juriste Conformit\u00e9 Compliance Officer\",\"isPartOf\":{\"@id\":\"https:\\\/\\\/masterjcco.eu\\\/#website\"},\"primaryImageOfPage\":{\"@id\":\"https:\\\/\\\/masterjcco.eu\\\/index.php\\\/promotions\\\/#primaryimage\"},\"image\":{\"@id\":\"https:\\\/\\\/masterjcco.eu\\\/index.php\\\/promotions\\\/#primaryimage\"},\"thumbnailUrl\":\"http:\\\/\\\/masterjcco.eu\\\/wp-content\\\/uploads\\\/2026\\\/02\\\/WhatsApp-Image-2026-02-06-at-23.25.01-1-300x200.jpeg\",\"datePublished\":\"2025-06-23T15:32:11+00:00\",\"dateModified\":\"2026-02-19T12:05:16+00:00\",\"breadcrumb\":{\"@id\":\"https:\\\/\\\/masterjcco.eu\\\/index.php\\\/promotions\\\/#breadcrumb\"},\"inLanguage\":\"en-US\",\"potentialAction\":[{\"@type\":\"ReadAction\",\"target\":[\"https:\\\/\\\/masterjcco.eu\\\/index.php\\\/promotions\\\/\"]}]},{\"@type\":\"ImageObject\",\"inLanguage\":\"en-US\",\"@id\":\"https:\\\/\\\/masterjcco.eu\\\/index.php\\\/promotions\\\/#primaryimage\",\"url\":\"https:\\\/\\\/masterjcco.eu\\\/wp-content\\\/uploads\\\/2026\\\/02\\\/WhatsApp-Image-2026-02-06-at-23.25.01-1.jpeg\",\"contentUrl\":\"https:\\\/\\\/masterjcco.eu\\\/wp-content\\\/uploads\\\/2026\\\/02\\\/WhatsApp-Image-2026-02-06-at-23.25.01-1.jpeg\",\"width\":1600,\"height\":1066},{\"@type\":\"BreadcrumbList\",\"@id\":\"https:\\\/\\\/masterjcco.eu\\\/index.php\\\/promotions\\\/#breadcrumb\",\"itemListElement\":[{\"@type\":\"ListItem\",\"position\":1,\"name\":\"Accueil\",\"item\":\"https:\\\/\\\/masterjcco.eu\\\/\"},{\"@type\":\"ListItem\",\"position\":2,\"name\":\"Promotions\"}]},{\"@type\":\"WebSite\",\"@id\":\"https:\\\/\\\/masterjcco.eu\\\/#website\",\"url\":\"https:\\\/\\\/masterjcco.eu\\\/\",\"name\":\"Master Juriste Conformit\u00e9 Compliance Officer\",\"description\":\"\",\"publisher\":{\"@id\":\"https:\\\/\\\/masterjcco.eu\\\/#organization\"},\"potentialAction\":[{\"@type\":\"SearchAction\",\"target\":{\"@type\":\"EntryPoint\",\"urlTemplate\":\"https:\\\/\\\/masterjcco.eu\\\/?s={search_term_string}\"},\"query-input\":{\"@type\":\"PropertyValueSpecification\",\"valueRequired\":true,\"valueName\":\"search_term_string\"}}],\"inLanguage\":\"en-US\"},{\"@type\":\"Organization\",\"@id\":\"https:\\\/\\\/masterjcco.eu\\\/#organization\",\"name\":\"Master Juriste Conformit\u00e9 Compliance Officer\",\"url\":\"https:\\\/\\\/masterjcco.eu\\\/\",\"logo\":{\"@type\":\"ImageObject\",\"inLanguage\":\"en-US\",\"@id\":\"https:\\\/\\\/masterjcco.eu\\\/#\\\/schema\\\/logo\\\/image\\\/\",\"url\":\"https:\\\/\\\/masterjcco.eu\\\/wp-content\\\/uploads\\\/2025\\\/05\\\/cropped-LOGO-PARFAIT.png\",\"contentUrl\":\"https:\\\/\\\/masterjcco.eu\\\/wp-content\\\/uploads\\\/2025\\\/05\\\/cropped-LOGO-PARFAIT.png\",\"width\":409,\"height\":410,\"caption\":\"Master Juriste Conformit\u00e9 Compliance Officer \"},\"image\":{\"@id\":\"https:\\\/\\\/masterjcco.eu\\\/#\\\/schema\\\/logo\\\/image\\\/\"}}]}<\/script>\n<!-- \/ Yoast SEO plugin. -->","yoast_head_json":{"title":"Promotions - Master Juriste Conformit\u00e9 Compliance Officer","robots":{"index":"index","follow":"follow","max-snippet":"max-snippet:-1","max-image-preview":"max-image-preview:large","max-video-preview":"max-video-preview:-1"},"canonical":"https:\/\/masterjcco.eu\/index.php\/promotions\/","og_locale":"en_US","og_type":"article","og_title":"Promotions - Master Juriste Conformit\u00e9 Compliance Officer","og_description":"&nbsp; &nbsp; Au premier rang : Hou\u00e9vo Christelle HOUSSA ; Amandine Mathon ; Thomas Goncalves ; Amanis IZGUA ; Sara Trombini ; Linda Kaddour ; Sasha Pabisiak ; Amelie Bergeron Wallace ; Isabella Capiberibe ; Za\u00efna El-hair Halidi. Au deuxi\u00e8me rang : Jeanne Vandycke ; Garance Hertzog ; Audrey Begou de Priestere ; Cl\u00e9mence Marques &hellip; Read more \"Promotions\"","og_url":"https:\/\/masterjcco.eu\/index.php\/promotions\/","og_site_name":"Master Juriste Conformit\u00e9 Compliance Officer","article_modified_time":"2026-02-19T12:05:16+00:00","og_image":[{"width":1600,"height":1066,"url":"https:\/\/masterjcco.eu\/wp-content\/uploads\/2026\/02\/WhatsApp-Image-2026-02-06-at-23.25.01-1.jpeg","type":"image\/jpeg"}],"twitter_card":"summary_large_image","twitter_misc":{"Est. reading time":"1 minute"},"schema":{"@context":"https:\/\/schema.org","@graph":[{"@type":"WebPage","@id":"https:\/\/masterjcco.eu\/index.php\/promotions\/","url":"https:\/\/masterjcco.eu\/index.php\/promotions\/","name":"Promotions - Master Juriste Conformit\u00e9 Compliance Officer","isPartOf":{"@id":"https:\/\/masterjcco.eu\/#website"},"primaryImageOfPage":{"@id":"https:\/\/masterjcco.eu\/index.php\/promotions\/#primaryimage"},"image":{"@id":"https:\/\/masterjcco.eu\/index.php\/promotions\/#primaryimage"},"thumbnailUrl":"http:\/\/masterjcco.eu\/wp-content\/uploads\/2026\/02\/WhatsApp-Image-2026-02-06-at-23.25.01-1-300x200.jpeg","datePublished":"2025-06-23T15:32:11+00:00","dateModified":"2026-02-19T12:05:16+00:00","breadcrumb":{"@id":"https:\/\/masterjcco.eu\/index.php\/promotions\/#breadcrumb"},"inLanguage":"en-US","potentialAction":[{"@type":"ReadAction","target":["https:\/\/masterjcco.eu\/index.php\/promotions\/"]}]},{"@type":"ImageObject","inLanguage":"en-US","@id":"https:\/\/masterjcco.eu\/index.php\/promotions\/#primaryimage","url":"https:\/\/masterjcco.eu\/wp-content\/uploads\/2026\/02\/WhatsApp-Image-2026-02-06-at-23.25.01-1.jpeg","contentUrl":"https:\/\/masterjcco.eu\/wp-content\/uploads\/2026\/02\/WhatsApp-Image-2026-02-06-at-23.25.01-1.jpeg","width":1600,"height":1066},{"@type":"BreadcrumbList","@id":"https:\/\/masterjcco.eu\/index.php\/promotions\/#breadcrumb","itemListElement":[{"@type":"ListItem","position":1,"name":"Accueil","item":"https:\/\/masterjcco.eu\/"},{"@type":"ListItem","position":2,"name":"Promotions"}]},{"@type":"WebSite","@id":"https:\/\/masterjcco.eu\/#website","url":"https:\/\/masterjcco.eu\/","name":"Master Juriste Conformit\u00e9 Compliance Officer","description":"","publisher":{"@id":"https:\/\/masterjcco.eu\/#organization"},"potentialAction":[{"@type":"SearchAction","target":{"@type":"EntryPoint","urlTemplate":"https:\/\/masterjcco.eu\/?s={search_term_string}"},"query-input":{"@type":"PropertyValueSpecification","valueRequired":true,"valueName":"search_term_string"}}],"inLanguage":"en-US"},{"@type":"Organization","@id":"https:\/\/masterjcco.eu\/#organization","name":"Master Juriste Conformit\u00e9 Compliance Officer","url":"https:\/\/masterjcco.eu\/","logo":{"@type":"ImageObject","inLanguage":"en-US","@id":"https:\/\/masterjcco.eu\/#\/schema\/logo\/image\/","url":"https:\/\/masterjcco.eu\/wp-content\/uploads\/2025\/05\/cropped-LOGO-PARFAIT.png","contentUrl":"https:\/\/masterjcco.eu\/wp-content\/uploads\/2025\/05\/cropped-LOGO-PARFAIT.png","width":409,"height":410,"caption":"Master Juriste Conformit\u00e9 Compliance Officer "},"image":{"@id":"https:\/\/masterjcco.eu\/#\/schema\/logo\/image\/"}}]}},"_links":{"self":[{"href":"https:\/\/masterjcco.eu\/index.php\/wp-json\/wp\/v2\/pages\/433","targetHints":{"allow":["GET"]}}],"collection":[{"href":"https:\/\/masterjcco.eu\/index.php\/wp-json\/wp\/v2\/pages"}],"about":[{"href":"https:\/\/masterjcco.eu\/index.php\/wp-json\/wp\/v2\/types\/page"}],"author":[{"embeddable":true,"href":"https:\/\/masterjcco.eu\/index.php\/wp-json\/wp\/v2\/users\/1"}],"replies":[{"embeddable":true,"href":"https:\/\/masterjcco.eu\/index.php\/wp-json\/wp\/v2\/comments?post=433"}],"version-history":[{"count":2,"href":"https:\/\/masterjcco.eu\/index.php\/wp-json\/wp\/v2\/pages\/433\/revisions"}],"predecessor-version":[{"id":1011,"href":"https:\/\/masterjcco.eu\/index.php\/wp-json\/wp\/v2\/pages\/433\/revisions\/1011"}],"wp:attachment":[{"href":"https:\/\/masterjcco.eu\/index.php\/wp-json\/wp\/v2\/media?parent=433"}],"curies":[{"name":"wp","href":"https:\/\/api.w.org\/{rel}","templated":true}]}}