{"id":504,"date":"2025-06-23T17:32:01","date_gmt":"2025-06-23T15:32:01","guid":{"rendered":"https:\/\/masterjcco.eu\/?page_id=504"},"modified":"2025-06-24T13:29:31","modified_gmt":"2025-06-24T11:29:31","slug":"promotion-2024-2025","status":"publish","type":"page","link":"https:\/\/masterjcco.eu\/index.php\/promotion-2024-2025\/","title":{"rendered":"Promotion 2024 &#8211; 2025"},"content":{"rendered":"\r\n<figure class=\"wp-block-image aligncenter size-large\"><img loading=\"lazy\" decoding=\"async\" width=\"1024\" height=\"678\" class=\"wp-image-566\" src=\"https:\/\/masterjcco.eu\/wp-content\/uploads\/2025\/06\/24-25-1-1024x678.jpg\" alt=\"\" srcset=\"https:\/\/masterjcco.eu\/wp-content\/uploads\/2025\/06\/24-25-1-1024x678.jpg 1024w, https:\/\/masterjcco.eu\/wp-content\/uploads\/2025\/06\/24-25-1-300x199.jpg 300w, https:\/\/masterjcco.eu\/wp-content\/uploads\/2025\/06\/24-25-1.jpg 1283w\" sizes=\"auto, (max-width: 1024px) 100vw, 1024px\" \/>\r\n<figcaption class=\"wp-element-caption\"><br \/>\r\n<p style=\"text-align: justify;\"><span style=\"color: #000000;\">La promotion 2024-2025 est compos\u00e9e de :<\/span><\/p>\r\n<p style=\"text-align: justify;\"><span style=\"color: #000000;\">Rang\u00e9e de derri\u00e8re (de gauche \u00e0 droite) : <span style=\"color: #000080;\"><a style=\"color: #000080;\" href=\"https:\/\/www.linkedin.com\/in\/ACoAADW7d-4BPGOxdqWvPtrbxlelv6dhEdDt1v8\">Amina Balayeva<\/a>, <a style=\"color: #000080;\" href=\"https:\/\/www.linkedin.com\/in\/ACoAACW1c64BDtroh4oChUlOp6k8iNVvVQTN4N8\">Nolwenn Roudaut<\/a>, <a style=\"color: #000080;\" href=\"https:\/\/www.linkedin.com\/in\/ACoAACVOtJsBF1Dh3PF5ppY22GqVOTgwv-hXJ2Y\">Sufyan DEMIR<\/a>, <a style=\"color: #000080;\" href=\"https:\/\/www.linkedin.com\/in\/ACoAACMn2sIB3jCT3HKmepf0VZPQnqL7sBbXxaw\">Yama Drame<\/a>, <a style=\"color: #000080;\" href=\"https:\/\/www.linkedin.com\/in\/ACoAACXsChwB9Z9WsVpF2HjPfOUypOGV9MktQA4\">Bartu Deger<\/a>, <a style=\"color: #000080;\" href=\"https:\/\/www.linkedin.com\/in\/ACoAADo4PiYBGj7I2hZ7lScGR-Sdv90wNy5asVE\">Ilyas Aynan<\/a>, <a style=\"color: #000080;\" href=\"https:\/\/www.linkedin.com\/in\/ACoAACilN8MBRDAsruys-BZgVqcjXUGf61tt6Z4\">Oriana Saunier<\/a>, <a style=\"color: #000080;\" href=\"https:\/\/www.linkedin.com\/in\/ACoAADnoRgQBSm9vHr152XnzPNgdKVMkvM9nKys\">Jean-Daniel ABALO<\/a>, <a style=\"color: #000080;\" href=\"https:\/\/www.linkedin.com\/in\/ACoAADjqYBEBoeWbjUA8IlUww13XR7R2R9ND1bg\">Aysegul Can<\/a>.<\/span><\/span><\/p>\r\n<p style=\"text-align: justify;\"><span style=\"color: #000000;\">Rang\u00e9e de devant (de gauche \u00e0 droite)\u00a0: <span style=\"color: #000080;\"><a style=\"color: #000080;\" href=\"https:\/\/www.linkedin.com\/in\/ACoAADFLGrUBur2Q8zf8Boskzp_n-X55ANIRfqM\">Chloris Guerin<\/a>, <a style=\"color: #000080;\" href=\"https:\/\/www.linkedin.com\/in\/ACoAADNo0l0BtOwDEA8L1_jdOQfpiUvKGzG59Hg\">Melek Dogan<\/a>, <a style=\"color: #000080;\" href=\"https:\/\/www.linkedin.com\/in\/ACoAAEC2BqgBy5EpuoaDs7ZjnuFw8ke20TOv4p8\">Louanne Gendrat<\/a>, <a style=\"color: #000080;\" href=\"https:\/\/www.linkedin.com\/in\/ACoAAEFyQnAB-Ny8wP8U-BHqalYhT-YA9Il43I0\">Jules Bernard<\/a>, <a style=\"color: #000080;\" href=\"https:\/\/www.linkedin.com\/in\/ACoAAEMFU_IBVHM0P0BsW3PkSNkRe0r42spAVXc\">Binta Diallo<\/a>, <a style=\"color: #000080;\" href=\"https:\/\/www.linkedin.com\/in\/ACoAAD_P8T8Bw7r1iY6Il40L8JR3G39HNHfQgaE\">Gabriela Martins Leitao<\/a>, <a style=\"color: #000080;\" href=\"https:\/\/www.linkedin.com\/in\/ACoAAEJQMU0Bt9jQMB2JOKDbfznibHGmfWVxw_Y\">Fifam\u00e8 Rose DOKPOMIWA<\/a>, <a style=\"color: #000080;\" href=\"https:\/\/www.linkedin.com\/in\/ACoAAEfnHF8Bg9g27CQ7SeFHFhYqTjTVJQI7yTE\">Mathilde Denny<\/a>.<\/span><\/span><\/p>\r\n<p style=\"text-align: justify;\"><span style=\"color: #000000;\">Nous souhaitons \u00e9galement mentionner <span style=\"color: #000080;\"><a style=\"color: #000080;\" href=\"https:\/\/www.linkedin.com\/in\/ACoAAExESF8BzYuOL7WPOP-VfGUiWNsWIc1xCRk\">Nihal Daoudi<\/a><\/span> faisant partie de cette promotion.<span class=\"Apple-converted-space\">\u00a0<\/span><\/span><\/p>\r\n<\/figcaption>\r\n<\/figure>\r\n","protected":false},"excerpt":{"rendered":"","protected":false},"author":1,"featured_media":0,"parent":0,"menu_order":0,"comment_status":"closed","ping_status":"closed","template":"","meta":{"footnotes":""},"class_list":["post-504","page","type-page","status-publish","hentry"],"yoast_head":"<!-- This site is optimized with the Yoast SEO plugin v27.4 - https:\/\/yoast.com\/product\/yoast-seo-wordpress\/ -->\n<title>Promotion 2024 - 2025 - Master Juriste Conformit\u00e9 Compliance Officer<\/title>\n<meta name=\"robots\" content=\"index, follow, max-snippet:-1, max-image-preview:large, max-video-preview:-1\" \/>\n<link rel=\"canonical\" href=\"https:\/\/masterjcco.eu\/index.php\/promotion-2024-2025\/\" \/>\n<meta property=\"og:locale\" content=\"en_US\" \/>\n<meta property=\"og:type\" content=\"article\" \/>\n<meta property=\"og:title\" content=\"Promotion 2024 - 2025 - Master Juriste Conformit\u00e9 Compliance Officer\" \/>\n<meta property=\"og:url\" content=\"https:\/\/masterjcco.eu\/index.php\/promotion-2024-2025\/\" \/>\n<meta property=\"og:site_name\" content=\"Master Juriste Conformit\u00e9 Compliance Officer\" \/>\n<meta property=\"article:modified_time\" content=\"2025-06-24T11:29:31+00:00\" \/>\n<meta property=\"og:image\" content=\"https:\/\/masterjcco.eu\/wp-content\/uploads\/2025\/06\/24-25-1.jpg\" \/>\n\t<meta property=\"og:image:width\" content=\"1283\" \/>\n\t<meta property=\"og:image:height\" content=\"849\" \/>\n\t<meta property=\"og:image:type\" content=\"image\/jpeg\" \/>\n<meta name=\"twitter:card\" content=\"summary_large_image\" \/>\n<meta name=\"twitter:label1\" content=\"Est. reading time\" \/>\n\t<meta name=\"twitter:data1\" content=\"1 minute\" \/>\n<script type=\"application\/ld+json\" class=\"yoast-schema-graph\">{\"@context\":\"https:\\\/\\\/schema.org\",\"@graph\":[{\"@type\":\"WebPage\",\"@id\":\"https:\\\/\\\/masterjcco.eu\\\/index.php\\\/promotion-2024-2025\\\/\",\"url\":\"https:\\\/\\\/masterjcco.eu\\\/index.php\\\/promotion-2024-2025\\\/\",\"name\":\"Promotion 2024 - 2025 - Master Juriste Conformit\u00e9 Compliance Officer\",\"isPartOf\":{\"@id\":\"https:\\\/\\\/masterjcco.eu\\\/#website\"},\"primaryImageOfPage\":{\"@id\":\"https:\\\/\\\/masterjcco.eu\\\/index.php\\\/promotion-2024-2025\\\/#primaryimage\"},\"image\":{\"@id\":\"https:\\\/\\\/masterjcco.eu\\\/index.php\\\/promotion-2024-2025\\\/#primaryimage\"},\"thumbnailUrl\":\"https:\\\/\\\/masterjcco.eu\\\/wp-content\\\/uploads\\\/2025\\\/06\\\/24-25-1-1024x678.jpg\",\"datePublished\":\"2025-06-23T15:32:01+00:00\",\"dateModified\":\"2025-06-24T11:29:31+00:00\",\"breadcrumb\":{\"@id\":\"https:\\\/\\\/masterjcco.eu\\\/index.php\\\/promotion-2024-2025\\\/#breadcrumb\"},\"inLanguage\":\"en-US\",\"potentialAction\":[{\"@type\":\"ReadAction\",\"target\":[\"https:\\\/\\\/masterjcco.eu\\\/index.php\\\/promotion-2024-2025\\\/\"]}]},{\"@type\":\"ImageObject\",\"inLanguage\":\"en-US\",\"@id\":\"https:\\\/\\\/masterjcco.eu\\\/index.php\\\/promotion-2024-2025\\\/#primaryimage\",\"url\":\"https:\\\/\\\/masterjcco.eu\\\/wp-content\\\/uploads\\\/2025\\\/06\\\/24-25-1.jpg\",\"contentUrl\":\"https:\\\/\\\/masterjcco.eu\\\/wp-content\\\/uploads\\\/2025\\\/06\\\/24-25-1.jpg\",\"width\":1283,\"height\":849,\"caption\":\"Screenshot\"},{\"@type\":\"BreadcrumbList\",\"@id\":\"https:\\\/\\\/masterjcco.eu\\\/index.php\\\/promotion-2024-2025\\\/#breadcrumb\",\"itemListElement\":[{\"@type\":\"ListItem\",\"position\":1,\"name\":\"Accueil\",\"item\":\"https:\\\/\\\/masterjcco.eu\\\/\"},{\"@type\":\"ListItem\",\"position\":2,\"name\":\"Promotion 2024 &#8211; 2025\"}]},{\"@type\":\"WebSite\",\"@id\":\"https:\\\/\\\/masterjcco.eu\\\/#website\",\"url\":\"https:\\\/\\\/masterjcco.eu\\\/\",\"name\":\"Master Juriste Conformit\u00e9 Compliance Officer\",\"description\":\"\",\"publisher\":{\"@id\":\"https:\\\/\\\/masterjcco.eu\\\/#organization\"},\"potentialAction\":[{\"@type\":\"SearchAction\",\"target\":{\"@type\":\"EntryPoint\",\"urlTemplate\":\"https:\\\/\\\/masterjcco.eu\\\/?s={search_term_string}\"},\"query-input\":{\"@type\":\"PropertyValueSpecification\",\"valueRequired\":true,\"valueName\":\"search_term_string\"}}],\"inLanguage\":\"en-US\"},{\"@type\":\"Organization\",\"@id\":\"https:\\\/\\\/masterjcco.eu\\\/#organization\",\"name\":\"Master Juriste Conformit\u00e9 Compliance Officer\",\"url\":\"https:\\\/\\\/masterjcco.eu\\\/\",\"logo\":{\"@type\":\"ImageObject\",\"inLanguage\":\"en-US\",\"@id\":\"https:\\\/\\\/masterjcco.eu\\\/#\\\/schema\\\/logo\\\/image\\\/\",\"url\":\"https:\\\/\\\/masterjcco.eu\\\/wp-content\\\/uploads\\\/2025\\\/05\\\/cropped-LOGO-PARFAIT.png\",\"contentUrl\":\"https:\\\/\\\/masterjcco.eu\\\/wp-content\\\/uploads\\\/2025\\\/05\\\/cropped-LOGO-PARFAIT.png\",\"width\":409,\"height\":410,\"caption\":\"Master Juriste Conformit\u00e9 Compliance Officer \"},\"image\":{\"@id\":\"https:\\\/\\\/masterjcco.eu\\\/#\\\/schema\\\/logo\\\/image\\\/\"}}]}<\/script>\n<!-- \/ Yoast SEO plugin. -->","yoast_head_json":{"title":"Promotion 2024 - 2025 - Master Juriste Conformit\u00e9 Compliance Officer","robots":{"index":"index","follow":"follow","max-snippet":"max-snippet:-1","max-image-preview":"max-image-preview:large","max-video-preview":"max-video-preview:-1"},"canonical":"https:\/\/masterjcco.eu\/index.php\/promotion-2024-2025\/","og_locale":"en_US","og_type":"article","og_title":"Promotion 2024 - 2025 - Master Juriste Conformit\u00e9 Compliance Officer","og_url":"https:\/\/masterjcco.eu\/index.php\/promotion-2024-2025\/","og_site_name":"Master Juriste Conformit\u00e9 Compliance Officer","article_modified_time":"2025-06-24T11:29:31+00:00","og_image":[{"width":1283,"height":849,"url":"https:\/\/masterjcco.eu\/wp-content\/uploads\/2025\/06\/24-25-1.jpg","type":"image\/jpeg"}],"twitter_card":"summary_large_image","twitter_misc":{"Est. reading time":"1 minute"},"schema":{"@context":"https:\/\/schema.org","@graph":[{"@type":"WebPage","@id":"https:\/\/masterjcco.eu\/index.php\/promotion-2024-2025\/","url":"https:\/\/masterjcco.eu\/index.php\/promotion-2024-2025\/","name":"Promotion 2024 - 2025 - Master Juriste Conformit\u00e9 Compliance Officer","isPartOf":{"@id":"https:\/\/masterjcco.eu\/#website"},"primaryImageOfPage":{"@id":"https:\/\/masterjcco.eu\/index.php\/promotion-2024-2025\/#primaryimage"},"image":{"@id":"https:\/\/masterjcco.eu\/index.php\/promotion-2024-2025\/#primaryimage"},"thumbnailUrl":"https:\/\/masterjcco.eu\/wp-content\/uploads\/2025\/06\/24-25-1-1024x678.jpg","datePublished":"2025-06-23T15:32:01+00:00","dateModified":"2025-06-24T11:29:31+00:00","breadcrumb":{"@id":"https:\/\/masterjcco.eu\/index.php\/promotion-2024-2025\/#breadcrumb"},"inLanguage":"en-US","potentialAction":[{"@type":"ReadAction","target":["https:\/\/masterjcco.eu\/index.php\/promotion-2024-2025\/"]}]},{"@type":"ImageObject","inLanguage":"en-US","@id":"https:\/\/masterjcco.eu\/index.php\/promotion-2024-2025\/#primaryimage","url":"https:\/\/masterjcco.eu\/wp-content\/uploads\/2025\/06\/24-25-1.jpg","contentUrl":"https:\/\/masterjcco.eu\/wp-content\/uploads\/2025\/06\/24-25-1.jpg","width":1283,"height":849,"caption":"Screenshot"},{"@type":"BreadcrumbList","@id":"https:\/\/masterjcco.eu\/index.php\/promotion-2024-2025\/#breadcrumb","itemListElement":[{"@type":"ListItem","position":1,"name":"Accueil","item":"https:\/\/masterjcco.eu\/"},{"@type":"ListItem","position":2,"name":"Promotion 2024 &#8211; 2025"}]},{"@type":"WebSite","@id":"https:\/\/masterjcco.eu\/#website","url":"https:\/\/masterjcco.eu\/","name":"Master Juriste Conformit\u00e9 Compliance Officer","description":"","publisher":{"@id":"https:\/\/masterjcco.eu\/#organization"},"potentialAction":[{"@type":"SearchAction","target":{"@type":"EntryPoint","urlTemplate":"https:\/\/masterjcco.eu\/?s={search_term_string}"},"query-input":{"@type":"PropertyValueSpecification","valueRequired":true,"valueName":"search_term_string"}}],"inLanguage":"en-US"},{"@type":"Organization","@id":"https:\/\/masterjcco.eu\/#organization","name":"Master Juriste Conformit\u00e9 Compliance Officer","url":"https:\/\/masterjcco.eu\/","logo":{"@type":"ImageObject","inLanguage":"en-US","@id":"https:\/\/masterjcco.eu\/#\/schema\/logo\/image\/","url":"https:\/\/masterjcco.eu\/wp-content\/uploads\/2025\/05\/cropped-LOGO-PARFAIT.png","contentUrl":"https:\/\/masterjcco.eu\/wp-content\/uploads\/2025\/05\/cropped-LOGO-PARFAIT.png","width":409,"height":410,"caption":"Master Juriste Conformit\u00e9 Compliance Officer "},"image":{"@id":"https:\/\/masterjcco.eu\/#\/schema\/logo\/image\/"}}]}},"_links":{"self":[{"href":"https:\/\/masterjcco.eu\/index.php\/wp-json\/wp\/v2\/pages\/504","targetHints":{"allow":["GET"]}}],"collection":[{"href":"https:\/\/masterjcco.eu\/index.php\/wp-json\/wp\/v2\/pages"}],"about":[{"href":"https:\/\/masterjcco.eu\/index.php\/wp-json\/wp\/v2\/types\/page"}],"author":[{"embeddable":true,"href":"https:\/\/masterjcco.eu\/index.php\/wp-json\/wp\/v2\/users\/1"}],"replies":[{"embeddable":true,"href":"https:\/\/masterjcco.eu\/index.php\/wp-json\/wp\/v2\/comments?post=504"}],"version-history":[{"count":6,"href":"https:\/\/masterjcco.eu\/index.php\/wp-json\/wp\/v2\/pages\/504\/revisions"}],"predecessor-version":[{"id":726,"href":"https:\/\/masterjcco.eu\/index.php\/wp-json\/wp\/v2\/pages\/504\/revisions\/726"}],"wp:attachment":[{"href":"https:\/\/masterjcco.eu\/index.php\/wp-json\/wp\/v2\/media?parent=504"}],"curies":[{"name":"wp","href":"https:\/\/api.w.org\/{rel}","templated":true}]}}