{"id":651,"date":"2025-06-23T20:52:14","date_gmt":"2025-06-23T18:52:14","guid":{"rendered":"https:\/\/masterjcco.eu\/?page_id=651"},"modified":"2025-06-24T15:39:16","modified_gmt":"2025-06-24T13:39:16","slug":"mentions-legales","status":"publish","type":"page","link":"https:\/\/masterjcco.eu\/index.php\/mentions-legales\/","title":{"rendered":"Notice l\u00e9gale"},"content":{"rendered":"\r\n<p style=\"text-align: justify;\">En vigueur au 23 juin 2025<\/p>\r\n\r\n\r\n\r\n<p style=\"text-align: justify;\"><strong>1. Pr\u00e9sentation du site<\/strong><\/p>\r\n\r\n\r\n\r\n<p style=\"text-align: justify;\">En vertu de l&#8217;article 6 de la loi n\u00b0 2004-575 du 21 juin 2004 pour la confiance dans l&#8217;\u00e9conomie num\u00e9rique, il est pr\u00e9cis\u00e9 aux utilisateurs du site masterjcco.eu l&#8217;identit\u00e9 des diff\u00e9rents intervenants dans le cadre de sa r\u00e9alisation et de son suivi :<\/p>\r\n\r\n\r\n\r\n<ul class=\"wp-block-list\" style=\"text-align: justify;\">\r\n<li><strong>Propri\u00e9taire du site :<\/strong> Master Juriste Conformit\u00e9 Compliance Officer (JCCO) &#8211; Formation Universitaire<\/li>\r\n\r\n\r\n\r\n<li><strong>Si\u00e8ge social :<\/strong> 1 place d&#8217;Ath\u00e8nes, 67000 Strasbourg.<\/li>\r\n\r\n\r\n\r\n\r\n\r\n<li><strong>Responsable publication :<\/strong> Les \u00e9tudiants du Master JCCO<\/li>\r\n\r\n\r\n\r\n<li><strong>Cr\u00e9ateur du site :<\/strong> Les \u00e9tudiants du Master JCCO<\/li>\r\n\r\n\r\n\r\n<li><strong>H\u00e9bergeur :<\/strong> WordPress<\/li>\r\n<\/ul>\r\n\r\n\r\n\r\n<p style=\"text-align: justify;\"><strong>2. Conditions g\u00e9n\u00e9rales d\u2019utilisation du site et des services propos\u00e9s<\/strong><\/p>\r\n\r\n\r\n\r\n<p style=\"text-align: justify;\">L\u2019utilisation du site masterjcco.eu implique l\u2019acceptation pleine et enti\u00e8re des conditions g\u00e9n\u00e9rales d\u2019utilisation ci-apr\u00e8s d\u00e9crites. Ces conditions d\u2019utilisation sont susceptibles d\u2019\u00eatre modifi\u00e9es ou compl\u00e9t\u00e9es \u00e0 tout moment, les utilisateurs du site masterjcco.eu sont donc invit\u00e9s \u00e0 les consulter de mani\u00e8re r\u00e9guli\u00e8re.<\/p>\r\n\r\n\r\n\r\n<p style=\"text-align: justify;\">Ce site est normalement accessible \u00e0 tout moment aux utilisateurs. Une interruption pour raison de maintenance technique peut \u00eatre toutefois d\u00e9cid\u00e9e par l&#8217;\u00e9quipe du Master JCCO, qui s\u2019efforcera alors de communiquer pr\u00e9alablement aux utilisateurs les dates et heures de l\u2019intervention.<\/p>\r\n\r\n\r\n\r\n<p style=\"text-align: justify;\">Le site masterjcco.eu est mis \u00e0 jour r\u00e9guli\u00e8rement par l&#8217;\u00e9quipe du Master JCCO. De la m\u00eame fa\u00e7on, les mentions l\u00e9gales peuvent \u00eatre modifi\u00e9es \u00e0 tout moment : elles s\u2019imposent n\u00e9anmoins \u00e0 l\u2019utilisateur qui est invit\u00e9 \u00e0 s\u2019y r\u00e9f\u00e9rer le plus souvent possible afin d\u2019en prendre connaissance.<\/p>\r\n\r\n\r\n\r\n<p style=\"text-align: justify;\"><strong>3. Description des services fournis<\/strong><\/p>\r\n\r\n\r\n\r\n<p style=\"text-align: justify;\">Le site masterjcco.eu a pour objet de fournir une information concernant la formation Master Juriste Conformit\u00e9 Compliance Officer, de partager des informations utiles pour les futurs \u00e9tudiants, et de mettre en valeur les parcours et t\u00e9moignages d&#8217;anciens \u00e9l\u00e8ves et professeurs.<\/p>\r\n\r\n\r\n\r\n<p style=\"text-align: justify;\">L&#8217;\u00e9quipe du Master JCCO s\u2019efforce de fournir sur le site masterjcco.eu des informations aussi pr\u00e9cises que possible. Toutefois, elle ne pourra \u00eatre tenue responsable des omissions, des inexactitudes et des carences dans la mise \u00e0 jour, qu\u2019elles soient de son fait ou du fait des tiers partenaires qui lui fournissent ces informations.<\/p>\r\n\r\n\r\n\r\n<p style=\"text-align: justify;\">Toutes les informations indiqu\u00e9es sur le site masterjcco.eu sont donn\u00e9es \u00e0 titre indicatif, et sont susceptibles d\u2019\u00e9voluer. Par ailleurs, les renseignements figurant sur le site masterjcco.eu ne sont pas exhaustifs. Ils sont donn\u00e9s sous r\u00e9serve de modifications ayant \u00e9t\u00e9 apport\u00e9es depuis leur mise en ligne.<\/p>\r\n\r\n\r\n\r\n<p style=\"text-align: justify;\"><strong>4. Limitations contractuelles sur les donn\u00e9es techniques<\/strong><\/p>\r\n\r\n\r\n\r\n<p style=\"text-align: justify;\">Le site utilise la technologie JavaScript.<\/p>\r\n\r\n\r\n\r\n<p style=\"text-align: justify;\">Le site internet ne pourra \u00eatre tenu responsable de dommages mat\u00e9riels li\u00e9s \u00e0 l\u2019utilisation du site. De plus, l\u2019utilisateur du site s\u2019engage \u00e0 acc\u00e9der au site en utilisant un mat\u00e9riel r\u00e9cent, ne contenant pas de virus et avec un navigateur de derni\u00e8re g\u00e9n\u00e9ration mis-\u00e0-jour.<\/p>\r\n\r\n\r\n\r\n<p style=\"text-align: justify;\"><strong>5. Propri\u00e9t\u00e9 intellectuelle et contrefa\u00e7ons<\/strong><\/p>\r\n\r\n\r\n\r\n<p style=\"text-align: justify;\">L&#8217;\u00e9quipe du Master JCCO est propri\u00e9taire des droits de propri\u00e9t\u00e9 intellectuelle ou d\u00e9tient les droits d\u2019usage sur certains \u00e9l\u00e9ments accessibles sur le site, notamment les textes, graphismes, logos et ic\u00f4nes.<\/p>\r\n\r\n\r\n\r\n<p style=\"text-align: justify;\">Les photographies, vid\u00e9os et images publi\u00e9es sur le site sont issues de sources librement et publiquement accessibles sur Internet et les r\u00e9seaux sociaux (notamment LinkedIn, Instagram, sites universitaires ou \u00e9v\u00e9nements publics). Elles ont \u00e9t\u00e9 s\u00e9lectionn\u00e9es dans un objectif d\u2019illustration ou de valorisation de la vie du Master JCCO.<\/p>\r\n\r\n\r\n\r\n<p style=\"text-align: justify;\">Si une personne estime qu\u2019un visuel la concernant ne devrait pas appara\u00eetre sur ce site, elle peut en demander la suppression \u00e0 tout moment par <a href=\"https:\/\/masterjcco.eu\/index.php\/contact\/\" data-type=\"page\" data-id=\"172\">email.<\/a><\/p>\r\n\r\n\r\n\r\n<p style=\"text-align: justify;\"><strong>6. Limitations de responsabilit\u00e9<\/strong><\/p>\r\n\r\n\r\n\r\n<p style=\"text-align: justify;\">L&#8217;\u00e9quipe du Master JCCO ne pourra \u00eatre tenue responsable des dommages directs et indirects caus\u00e9s au mat\u00e9riel de l\u2019utilisateur, lors de l\u2019acc\u00e8s au site masterjcco.eu, et r\u00e9sultant soit de l\u2019utilisation d\u2019un mat\u00e9riel ne r\u00e9pondant pas aux sp\u00e9cifications indiqu\u00e9es au point 4, soit de l\u2019apparition d\u2019un bug ou d\u2019une incompatibilit\u00e9.<\/p>\r\n\r\n\r\n\r\n<p style=\"text-align: justify;\">L&#8217;\u00e9quipe du Master JCCO ne pourra \u00e9galement \u00eatre tenue responsable des dommages indirects (tels par exemple qu\u2019une perte d\u2019une chance) cons\u00e9cutifs \u00e0 l\u2019utilisation du site masterjcco.eu.<\/p>\r\n\r\n\r\n\r\n<p style=\"text-align: justify;\">Des espaces interactifs (possibilit\u00e9 de poser des questions dans l\u2019espace contact) sont \u00e0 la disposition des utilisateurs. L&#8217;\u00e9quipe du Master JCCO se r\u00e9serve le droit de supprimer, sans mise en demeure pr\u00e9alable, tout contenu d\u00e9pos\u00e9 dans cet espace qui contreviendrait \u00e0 la l\u00e9gislation applicable en France, en particulier aux dispositions relatives \u00e0 la protection des donn\u00e9es. Le cas \u00e9ch\u00e9ant, l&#8217;\u00e9quipe du Master JCCO se r\u00e9serve \u00e9galement la possibilit\u00e9 de mettre en cause la responsabilit\u00e9 civile et\/ou p\u00e9nale de l\u2019utilisateur, notamment en cas de message \u00e0 caract\u00e8re raciste, injurieux, diffamant, ou pornographique, quel que soit le support utilis\u00e9 (texte, photographie\u2026).<\/p>\r\n\r\n\r\n\r\n<p style=\"text-align: justify;\"><strong>7. Droit applicable et attribution de juridiction<\/strong><\/p>\r\n\r\n\r\n\r\n<p style=\"text-align: justify;\">Tout litige en relation avec l\u2019utilisation du site masterjcco.eu est soumis au droit fran\u00e7ais. Il est fait attribution exclusive de juridiction aux tribunaux comp\u00e9tents de Paris.<\/p>\r\n\r\n\r\n\r\n<p style=\"text-align: justify;\"><strong>8. Les principales lois concern\u00e9es<\/strong><\/p>\r\n\r\n\r\n\r\n<ul class=\"wp-block-list\" style=\"text-align: justify;\">\r\n<li>Loi n\u00b0 78-17 du 6 janvier 1978, notamment modifi\u00e9e par la loi n\u00b0 2004-801<sup>1<\/sup> du 6 ao\u00fbt 2004 relative \u00e0 l&#8217;informatique, aux fichiers et aux libert\u00e9s.<\/li>\r\n\r\n\r\n\r\n<li>Loi n\u00b0 2004-575 du 21 juin 2004 pour la confiance dans l&#8217;\u00e9conomie num\u00e9rique.<\/li>\r\n\r\n\r\n\r\n<li>R\u00e8glement (UE) 2016\/679 du Parlement europ\u00e9en et du Conseil du 27 avril 2016 relatif \u00e0 la protection des personnes physiques \u00e0 l&#8217;\u00e9gard du traitement des donn\u00e9es \u00e0 caract\u00e8re personnel et \u00e0 la libre circulation de ces donn\u00e9es (RGPD).<\/li>\r\n<\/ul>\r\n\r\n\r\n\r\n<p style=\"text-align: justify;\"><strong>11. Lexique<\/strong><\/p>\r\n\r\n\r\n\r\n<ul class=\"wp-block-list\">\r\n<li style=\"text-align: justify;\"><strong>Utilisateur :<\/strong> Internaute se connectant, utilisant le site susnomm\u00e9.<\/li>\r\n\r\n\r\n<\/ul>\r\n","protected":false},"excerpt":{"rendered":"<p>En vigueur au 23 juin 2025 1. Pr\u00e9sentation du site En vertu de l&#8217;article 6 de la loi n\u00b0 2004-575 du 21 juin 2004 pour la confiance dans l&#8217;\u00e9conomie num\u00e9rique, il est pr\u00e9cis\u00e9 aux utilisateurs du site masterjcco.eu l&#8217;identit\u00e9 des diff\u00e9rents intervenants dans le cadre de sa r\u00e9alisation et de son suivi : 2. Conditions &hellip; <\/p>\n<p class=\"link-more\"><a href=\"https:\/\/masterjcco.eu\/index.php\/mentions-legales\/\" class=\"more-link\">Read more<span class=\"screen-reader-text\"> &#8220;Notice l\u00e9gale&#8221;<\/span><\/a><\/p>\n","protected":false},"author":1,"featured_media":0,"parent":0,"menu_order":0,"comment_status":"closed","ping_status":"closed","template":"","meta":{"footnotes":""},"class_list":["post-651","page","type-page","status-publish","hentry"],"yoast_head":"<!-- This site is optimized with the Yoast SEO plugin v27.4 - https:\/\/yoast.com\/product\/yoast-seo-wordpress\/ -->\n<title>Notice l\u00e9gale - Master Juriste Conformit\u00e9 Compliance Officer<\/title>\n<meta name=\"robots\" content=\"index, follow, max-snippet:-1, max-image-preview:large, max-video-preview:-1\" \/>\n<link rel=\"canonical\" href=\"https:\/\/masterjcco.eu\/index.php\/mentions-legales\/\" \/>\n<meta property=\"og:locale\" content=\"en_US\" \/>\n<meta property=\"og:type\" content=\"article\" \/>\n<meta property=\"og:title\" content=\"Notice l\u00e9gale - Master Juriste Conformit\u00e9 Compliance Officer\" \/>\n<meta property=\"og:description\" content=\"En vigueur au 23 juin 2025 1. Pr\u00e9sentation du site En vertu de l&#8217;article 6 de la loi n\u00b0 2004-575 du 21 juin 2004 pour la confiance dans l&#8217;\u00e9conomie num\u00e9rique, il est pr\u00e9cis\u00e9 aux utilisateurs du site masterjcco.eu l&#8217;identit\u00e9 des diff\u00e9rents intervenants dans le cadre de sa r\u00e9alisation et de son suivi : 2. Conditions &hellip; Read more &quot;Notice l\u00e9gale&quot;\" \/>\n<meta property=\"og:url\" content=\"https:\/\/masterjcco.eu\/index.php\/mentions-legales\/\" \/>\n<meta property=\"og:site_name\" content=\"Master Juriste Conformit\u00e9 Compliance Officer\" \/>\n<meta property=\"article:modified_time\" content=\"2025-06-24T13:39:16+00:00\" \/>\n<meta name=\"twitter:card\" content=\"summary_large_image\" \/>\n<meta name=\"twitter:label1\" content=\"Est. reading time\" \/>\n\t<meta name=\"twitter:data1\" content=\"5 minutes\" \/>\n<script type=\"application\/ld+json\" class=\"yoast-schema-graph\">{\"@context\":\"https:\\\/\\\/schema.org\",\"@graph\":[{\"@type\":\"WebPage\",\"@id\":\"https:\\\/\\\/masterjcco.eu\\\/index.php\\\/mentions-legales\\\/\",\"url\":\"https:\\\/\\\/masterjcco.eu\\\/index.php\\\/mentions-legales\\\/\",\"name\":\"Notice l\u00e9gale - Master Juriste Conformit\u00e9 Compliance Officer\",\"isPartOf\":{\"@id\":\"https:\\\/\\\/masterjcco.eu\\\/#website\"},\"datePublished\":\"2025-06-23T18:52:14+00:00\",\"dateModified\":\"2025-06-24T13:39:16+00:00\",\"breadcrumb\":{\"@id\":\"https:\\\/\\\/masterjcco.eu\\\/index.php\\\/mentions-legales\\\/#breadcrumb\"},\"inLanguage\":\"en-US\",\"potentialAction\":[{\"@type\":\"ReadAction\",\"target\":[\"https:\\\/\\\/masterjcco.eu\\\/index.php\\\/mentions-legales\\\/\"]}]},{\"@type\":\"BreadcrumbList\",\"@id\":\"https:\\\/\\\/masterjcco.eu\\\/index.php\\\/mentions-legales\\\/#breadcrumb\",\"itemListElement\":[{\"@type\":\"ListItem\",\"position\":1,\"name\":\"Accueil\",\"item\":\"https:\\\/\\\/masterjcco.eu\\\/\"},{\"@type\":\"ListItem\",\"position\":2,\"name\":\"Notice l\u00e9gale\"}]},{\"@type\":\"WebSite\",\"@id\":\"https:\\\/\\\/masterjcco.eu\\\/#website\",\"url\":\"https:\\\/\\\/masterjcco.eu\\\/\",\"name\":\"Master Juriste Conformit\u00e9 Compliance Officer\",\"description\":\"\",\"publisher\":{\"@id\":\"https:\\\/\\\/masterjcco.eu\\\/#organization\"},\"potentialAction\":[{\"@type\":\"SearchAction\",\"target\":{\"@type\":\"EntryPoint\",\"urlTemplate\":\"https:\\\/\\\/masterjcco.eu\\\/?s={search_term_string}\"},\"query-input\":{\"@type\":\"PropertyValueSpecification\",\"valueRequired\":true,\"valueName\":\"search_term_string\"}}],\"inLanguage\":\"en-US\"},{\"@type\":\"Organization\",\"@id\":\"https:\\\/\\\/masterjcco.eu\\\/#organization\",\"name\":\"Master Juriste Conformit\u00e9 Compliance Officer\",\"url\":\"https:\\\/\\\/masterjcco.eu\\\/\",\"logo\":{\"@type\":\"ImageObject\",\"inLanguage\":\"en-US\",\"@id\":\"https:\\\/\\\/masterjcco.eu\\\/#\\\/schema\\\/logo\\\/image\\\/\",\"url\":\"https:\\\/\\\/masterjcco.eu\\\/wp-content\\\/uploads\\\/2025\\\/05\\\/cropped-LOGO-PARFAIT.png\",\"contentUrl\":\"https:\\\/\\\/masterjcco.eu\\\/wp-content\\\/uploads\\\/2025\\\/05\\\/cropped-LOGO-PARFAIT.png\",\"width\":409,\"height\":410,\"caption\":\"Master Juriste Conformit\u00e9 Compliance Officer \"},\"image\":{\"@id\":\"https:\\\/\\\/masterjcco.eu\\\/#\\\/schema\\\/logo\\\/image\\\/\"}}]}<\/script>\n<!-- \/ Yoast SEO plugin. -->","yoast_head_json":{"title":"Notice l\u00e9gale - Master Juriste Conformit\u00e9 Compliance Officer","robots":{"index":"index","follow":"follow","max-snippet":"max-snippet:-1","max-image-preview":"max-image-preview:large","max-video-preview":"max-video-preview:-1"},"canonical":"https:\/\/masterjcco.eu\/index.php\/mentions-legales\/","og_locale":"en_US","og_type":"article","og_title":"Notice l\u00e9gale - Master Juriste Conformit\u00e9 Compliance Officer","og_description":"En vigueur au 23 juin 2025 1. Pr\u00e9sentation du site En vertu de l&#8217;article 6 de la loi n\u00b0 2004-575 du 21 juin 2004 pour la confiance dans l&#8217;\u00e9conomie num\u00e9rique, il est pr\u00e9cis\u00e9 aux utilisateurs du site masterjcco.eu l&#8217;identit\u00e9 des diff\u00e9rents intervenants dans le cadre de sa r\u00e9alisation et de son suivi : 2. Conditions &hellip; Read more \"Notice l\u00e9gale\"","og_url":"https:\/\/masterjcco.eu\/index.php\/mentions-legales\/","og_site_name":"Master Juriste Conformit\u00e9 Compliance Officer","article_modified_time":"2025-06-24T13:39:16+00:00","twitter_card":"summary_large_image","twitter_misc":{"Est. reading time":"5 minutes"},"schema":{"@context":"https:\/\/schema.org","@graph":[{"@type":"WebPage","@id":"https:\/\/masterjcco.eu\/index.php\/mentions-legales\/","url":"https:\/\/masterjcco.eu\/index.php\/mentions-legales\/","name":"Notice l\u00e9gale - Master Juriste Conformit\u00e9 Compliance Officer","isPartOf":{"@id":"https:\/\/masterjcco.eu\/#website"},"datePublished":"2025-06-23T18:52:14+00:00","dateModified":"2025-06-24T13:39:16+00:00","breadcrumb":{"@id":"https:\/\/masterjcco.eu\/index.php\/mentions-legales\/#breadcrumb"},"inLanguage":"en-US","potentialAction":[{"@type":"ReadAction","target":["https:\/\/masterjcco.eu\/index.php\/mentions-legales\/"]}]},{"@type":"BreadcrumbList","@id":"https:\/\/masterjcco.eu\/index.php\/mentions-legales\/#breadcrumb","itemListElement":[{"@type":"ListItem","position":1,"name":"Accueil","item":"https:\/\/masterjcco.eu\/"},{"@type":"ListItem","position":2,"name":"Notice l\u00e9gale"}]},{"@type":"WebSite","@id":"https:\/\/masterjcco.eu\/#website","url":"https:\/\/masterjcco.eu\/","name":"Master Juriste Conformit\u00e9 Compliance Officer","description":"","publisher":{"@id":"https:\/\/masterjcco.eu\/#organization"},"potentialAction":[{"@type":"SearchAction","target":{"@type":"EntryPoint","urlTemplate":"https:\/\/masterjcco.eu\/?s={search_term_string}"},"query-input":{"@type":"PropertyValueSpecification","valueRequired":true,"valueName":"search_term_string"}}],"inLanguage":"en-US"},{"@type":"Organization","@id":"https:\/\/masterjcco.eu\/#organization","name":"Master Juriste Conformit\u00e9 Compliance Officer","url":"https:\/\/masterjcco.eu\/","logo":{"@type":"ImageObject","inLanguage":"en-US","@id":"https:\/\/masterjcco.eu\/#\/schema\/logo\/image\/","url":"https:\/\/masterjcco.eu\/wp-content\/uploads\/2025\/05\/cropped-LOGO-PARFAIT.png","contentUrl":"https:\/\/masterjcco.eu\/wp-content\/uploads\/2025\/05\/cropped-LOGO-PARFAIT.png","width":409,"height":410,"caption":"Master Juriste Conformit\u00e9 Compliance Officer "},"image":{"@id":"https:\/\/masterjcco.eu\/#\/schema\/logo\/image\/"}}]}},"_links":{"self":[{"href":"https:\/\/masterjcco.eu\/index.php\/wp-json\/wp\/v2\/pages\/651","targetHints":{"allow":["GET"]}}],"collection":[{"href":"https:\/\/masterjcco.eu\/index.php\/wp-json\/wp\/v2\/pages"}],"about":[{"href":"https:\/\/masterjcco.eu\/index.php\/wp-json\/wp\/v2\/types\/page"}],"author":[{"embeddable":true,"href":"https:\/\/masterjcco.eu\/index.php\/wp-json\/wp\/v2\/users\/1"}],"replies":[{"embeddable":true,"href":"https:\/\/masterjcco.eu\/index.php\/wp-json\/wp\/v2\/comments?post=651"}],"version-history":[{"count":11,"href":"https:\/\/masterjcco.eu\/index.php\/wp-json\/wp\/v2\/pages\/651\/revisions"}],"predecessor-version":[{"id":755,"href":"https:\/\/masterjcco.eu\/index.php\/wp-json\/wp\/v2\/pages\/651\/revisions\/755"}],"wp:attachment":[{"href":"https:\/\/masterjcco.eu\/index.php\/wp-json\/wp\/v2\/media?parent=651"}],"curies":[{"name":"wp","href":"https:\/\/api.w.org\/{rel}","templated":true}]}}