{"id":805,"date":"2026-01-14T23:47:34","date_gmt":"2026-01-14T22:47:34","guid":{"rendered":"https:\/\/masterjcco.eu\/index.php\/accueil-deutsch\/"},"modified":"2026-03-23T12:18:27","modified_gmt":"2026-03-23T11:18:27","slug":"accueil-deutsch","status":"publish","type":"page","link":"https:\/\/masterjcco.eu\/index.php\/de\/accueil-deutsch\/","title":{"rendered":"Startseite"},"content":{"rendered":"\r\n<section class=\"wp-block-group alignfull has-white-background-color has-text-color has-background is-horizontal is-content-justification-center is-layout-flex wp-container-core-group-is-layout-845b003f wp-block-group-is-layout-flex\" style=\"border-style: none; border-width: 0px; border-radius: 0px; color: #03081e; margin-top: 0px; font-size:clamp(1.976rem, 1.976rem + ((1vw - 0.2rem) * 2.158), 3.5rem); padding: 6.51rem 1rem 5.5rem 1rem;\">\r\n<figure class=\"wp-block-image size-full is-resized is-style-rounded\" style=\"margin: 0 var(--wp--preset--spacing--medium) 0 var(--wp--preset--spacing--medium);\"><img loading=\"lazy\" decoding=\"async\" width=\"480\" height=\"509\" class=\"wp-image-307\" style=\"width: 244px; height: auto;\" src=\"http:\/\/masterjcco.eu\/wp-content\/uploads\/2025\/05\/LOGO-PARFAIT.png\" alt=\"\" srcset=\"https:\/\/masterjcco.eu\/wp-content\/uploads\/2025\/05\/LOGO-PARFAIT.png 480w, https:\/\/masterjcco.eu\/wp-content\/uploads\/2025\/05\/LOGO-PARFAIT-283x300.png 283w\" sizes=\"auto, (max-width: 480px) 100vw, 480px\" \/><\/figure>\r\n\r\n\r\n\r\n<figure class=\"wp-block-pullquote has-x-small-font-size\" style=\"max-width:50vw\">\r\n<blockquote>\r\n<p style=\"text-align:center\"><strong>MASTERSTUDIENGANG WIRTSCHAFTSRECHT<\/strong>: Compliance-Jurist: Compliance Officer<\/p>\r\n<p> Masterstudiengang der Fakult\u00e4t f\u00fcr Rechts-, Politik- und Verwaltungswissenschaften der Universit\u00e4t Stra\u00dfburg<\/p>\r\n<p style=\"text-align:center\"><strong>Werden Sie die Garanten der Compliance<\/strong><\/p>\r\n<\/blockquote>\r\n<\/figure>\r\n\r\n\r\n\r\n\r\n<div class=\"wp-block-columns is-layout-flex wp-container-core-columns-is-layout-db2df21c wp-block-columns-is-layout-flex\" style=\"margin-bottom: 0px;\">\r\n<div class=\"wp-block-column has-global-padding is-content-justification-left is-layout-constrained wp-container-core-column-is-layout-12dd3699 wp-block-column-is-layout-constrained\" style=\"flex-basis: 45%;\">\r\n<figure class=\"wp-block-image size-large is-style-default\">\r\n<p><img loading=\"lazy\" decoding=\"async\" class=\"alignnone  wp-image-990\" src=\"http:\/\/masterjcco.eu\/wp-content\/uploads\/2026\/02\/WhatsApp-Image-2026-02-06-at-23.25.01-1-300x200.jpeg\" alt=\"\" width=\"872\" height=\"581\" srcset=\"https:\/\/masterjcco.eu\/wp-content\/uploads\/2026\/02\/WhatsApp-Image-2026-02-06-at-23.25.01-1-300x200.jpeg 300w, https:\/\/masterjcco.eu\/wp-content\/uploads\/2026\/02\/WhatsApp-Image-2026-02-06-at-23.25.01-1-1024x682.jpeg 1024w, https:\/\/masterjcco.eu\/wp-content\/uploads\/2026\/02\/WhatsApp-Image-2026-02-06-at-23.25.01-1.jpeg 1600w\" sizes=\"auto, (max-width: 872px) 100vw, 872px\" \/><\/p>\r\n<figcaption class=\"wp-element-caption\"><strong><em>Master 2 JCCO Jahrgang 2025-<\/em>2026<br \/><br \/>Dieses Jahrgangsfoto markiert die Wiederaufnahme des Masterstudiengangs durch Frau <a id=\"ember537\" class=\"ember-view\" tabindex=\"0\" href=\"https:\/\/www.linkedin.com\/in\/florence-thepot-13b53b8\/?lipi=urn%3Ali%3Apage%3Ad_flagship3_profile_view_base_recent_activity_content_view%3Bni%2BU5aAZQ3CoubkFaWxiUQ%3D%3D\" data-ntt-old-href=\"\/in\/florence-thepot-13b53b8\/\">Florence Thepot<\/a>, erster Jahrgang unter ihrer Leitung. Wir sind sehr stolz, Teil dieses neuen Abschnitts zu sein, und m\u00f6chten ihr herzlich f\u00fcr ihre wohlwollende Begleitung sowie ihren hohen Anspruch danken, der f\u00fcr Exzellenz steht.<br \/><\/strong><\/figcaption>\r\n<\/figure>\r\n<\/div>\r\n\r\n\r\n\r\n<div class=\"wp-block-column is-layout-flow wp-block-column-is-layout-flow\">\r\n<div class=\"wp-block-group is-vertical is-content-justification-left is-layout-flex wp-container-core-group-is-layout-c5d44cae wp-block-group-is-layout-flex\" style=\"min-height: 100%;\">\r\n<div class=\"wp-block-group has-global-padding is-content-justification-center is-layout-constrained wp-container-core-group-is-layout-b15c80d6 wp-block-group-is-layout-constrained\">\r\n<h3 class=\"wp-block-heading has-text-color\" style=\"color: #07277c; margin-top: 1.8rem; margin-bottom: 1.01rem; font-size:clamp(0.875rem, 0.875rem + ((1vw - 0.2rem) * 0.46), 1.2rem); font-style: normal; font-weight: 1000; letter-spacing: 0px; line-height: 1.3; text-transform: uppercase;\">Ein praxisorientierter Masterstudiengang mit Fokus auf Compliance-Herausforderungen<\/h3>\r\n\r\n\r\n\r\n<div class=\"wp-block-columns is-layout-flex wp-container-core-columns-is-layout-28f84493 wp-block-columns-is-layout-flex\">\r\n<div class=\"wp-block-column is-layout-flow wp-block-column-is-layout-flow\" style=\"flex-basis: 100%;\">\r\n<p class=\"has-text-color has-small-font-size\" style=\"color: #03081e;\">Der Masterstudiengang Compliance-Jurist &#8211; Compliance Officer hat das Ziel, Spezialisten f\u00fcr Compliance auszubilden, die in einer Vielzahl von Organisationen t\u00e4tig sind: Banken, Versicherungsunternehmen, Unternehmen mit Compliance-Abteilungen sowie Akteure der Finanzm\u00e4rkte. Nach einem ersten Studienjahr, das sich auf die Grundlagen des Wirtschaftsrechts konzentriert, zeichnet sich dieser Studiengang durch seine starke Praxisorientierung aus, die es den Studierenden erm\u00f6glicht, ihr zweites Jahr im dualen System zu absolvieren. Sie profitieren von einer hochwertigen Betreuung durch ein Lehrteam aus Hochschullehrern, Praktikern und Experten aus verschiedenen Bereichen der Compliance.<\/p>\r\n<\/div>\r\n<\/div>\r\n<\/div>\r\n<\/div>\r\n<\/div>\r\n<\/div>\r\n<\/section>\r\n\r\n\r\n\r\n<h2 class=\"wp-block-heading\"><mark class=\"has-inline-color\" style=\"background-color: rgba(0, 0, 0, 0); color: #030988;\"><strong>VORSTELLUNG DES MASTERSTUDIENGANGS JCCO IM VIDEO<\/strong><\/mark><\/h2>\r\n\r\n\r\n\r\n\r\n<section class=\"wp-block-cover alignfull is-light\" style=\"border-style: none; border-width: 0px; margin-top: 0px; padding-bottom: 0rem; min-height: 705px;aspect-ratio:unset;\">\r\n<div class=\"wp-block-cover__inner-container has-global-padding is-layout-constrained wp-container-core-cover-is-layout-05af8c5f wp-block-cover-is-layout-constrained\">\r\n\r\n\r\n<div class=\"wp-block-group alignfull has-text-color has-global-padding is-layout-constrained wp-container-core-group-is-layout-6f61d7e7 wp-block-group-is-layout-constrained\" style=\"color: #252525; margin-top: 0px; font-size:clamp(0.875rem, 0.875rem + ((1vw - 0.2rem) * 0.361), 1.13rem); font-style: normal; font-weight: 400; line-height: 1.4; padding: 0rem 1rem 0rem 1rem;\">\r\n\r\n\r\n<div class=\"wp-block-group is-vertical is-content-justification-center is-layout-flex wp-container-core-group-is-layout-b6c1f246 wp-block-group-is-layout-flex\"><\/div>\r\n\r\n\r\n<\/div>\r\n\r\n\r\n\r\n<figure class=\"wp-block-video\"><video style=\"aspect-ratio: 880 \/ 504;\" src=\"https:\/\/masterjcco.eu\/wp-content\/uploads\/2025\/06\/screenrecording-06-23-2025-15-17-53-1_GlWnBifM-1.mp4\" controls=\"controls\" width=\"880\" height=\"504\"><\/video><\/figure>\r\n\r\n\r\n<\/div>\r\n<\/section>\r\n\r\n\r\n\r\n&nbsp;\r\n\r\n\r\n\r\n\r\n\r\n&nbsp;\r\n\r\n\r\n\r\n\r\n<div class=\"wp-block-buttons is-layout-flex wp-block-buttons-is-layout-flex\">\r\n\r\n\r\n<div class=\"wp-block-button\"><a class=\"wp-block-button__link wp-element-button\">Der Masterstudiengang in K\u00fcrze &#8230;<\/a><\/div>\r\n\r\n\r\n<\/div>\r\n\r\n\r\n\r\n<p class=\"has-foreground-color has-text-color has-link-color wp-elements-5b701f9cdb9c134b8b7c41c846a3a618\">Der im Jahr 2005 von Frau Chantal Cutajar gegr\u00fcndete Masterstudiengang Jurist Compliance \u2013 Compliance Officer wurde ins Leben gerufen, um den wachsenden Herausforderungen der Betrugs-, Geldw\u00e4sche- und Korruptionspr\u00e4vention zu begegnen. Ziel dieser Initiative war es, den Bedarf von Unternehmen und Institutionen fr\u00fchzeitig zu antizipieren, indem spezialisierte Juristinnen und Juristen ausgebildet werden, die in der Lage sind, diese Risiken zu steuern. Bereits bei seiner Einf\u00fchrung erhielt das Programm Anerkennung durch bedeutende nationale Beh\u00f6rden wie den Zentralen Dienst zur Korruptionspr\u00e4vention, TRACFIN, die Bankenkommission, die Caisse des D\u00e9p\u00f4ts et Consignations sowie die Finanzmarktaufsichtsbeh\u00f6rde. Diese Institutionen w\u00fcrdigten einen innovativen Ansatz, der die Ausbildung in den Mittelpunkt der Pr\u00e4ventionsstrategie stellt.<\/p>\r\n\r\n\r\n\r\n<p class=\"has-foreground-color has-text-color has-link-color wp-elements-3a030d6e982603099de18cda25dd375b\">Im Laufe der Jahre hat sich der Masterstudiengang kontinuierlich weiterentwickelt, um mit neuen unternehmerischen Anforderungen sowie mit regulatorischen Entwicklungen auf nationaler und internationaler Ebene Schritt zu halten. In j\u00fcngerer Zeit wurde er durch eine Partnerschaft mit dem Luxembourg Lifelong Learning Centre (LLLC) ausgebaut, die Weiterbildungsangebote f\u00fcr Fachkr\u00e4fte bietet, die sich auf Compliance spezialisieren m\u00f6chten.<\/p>\r\n\r\n\r\n\r\n<p class=\"has-foreground-color has-text-color has-link-color wp-elements-adb2021f2164175c94dd620b741c1ce1\">Die interdisziplin\u00e4r angelegten Lehrveranstaltungen sind darauf ausgerichtet, ein umfassendes Verst\u00e4ndnis von Compliance zu vermitteln. Sie werden von Dozierenden aus unterschiedlichen Bereichen durchgef\u00fchrt: \u00f6ffentlichen Institutionen (wie der AFA, der AMF oder TRACFIN), Banken, Versicherungsgesellschaften sowie privaten Unternehmen. Durch eine Didaktik, die Theorie und Praxis verbindet, erhalten die Studierenden eine umfassende Vorbereitung auf die komplexen Herausforderungen der Compliance.<\/p>\r\n\r\n\r\n\r\n<p class=\"has-foreground-color has-text-color has-link-color wp-elements-b7749636c3d4ad0ccd7e9f812299b15a\">Ziel des Masterstudiengangs ist es somit, Compliance-Spezialistinnen und -Spezialisten auszubilden, die in unterschiedlichen Organisationen t\u00e4tig sein k\u00f6nnen: Banken, Versicherungen, gro\u00dfe Unternehmen oder spezialisierte Beratungsunternehmen.\r\nDer f\u00fcr die Qualit\u00e4t seiner Lehre anerkannte Masterstudiengang Jurist Compliance \u2013 Compliance Officer gilt heute als Referenz in der Ausbildung von Compliance-Expertinnen und -Experten.<\/p>\r\n","protected":false},"excerpt":{"rendered":"<p>MASTERSTUDIENGANG WIRTSCHAFTSRECHT: Compliance-Jurist: Compliance Officer Masterstudiengang der Fakult\u00e4t f\u00fcr Rechts-, Politik- und Verwaltungswissenschaften der Universit\u00e4t Stra\u00dfburg Werden Sie die Garanten der Compliance Ein praxisorientierter Masterstudiengang mit Fokus auf Compliance-Herausforderungen Der Masterstudiengang Compliance-Jurist &#8211; Compliance Officer hat das Ziel, Spezialisten f\u00fcr Compliance auszubilden, die in einer Vielzahl von Organisationen t\u00e4tig sind: Banken, Versicherungsunternehmen, Unternehmen mit Compliance-Abteilungen &hellip; <\/p>\n<p class=\"link-more\"><a href=\"https:\/\/masterjcco.eu\/index.php\/de\/accueil-deutsch\/\" class=\"more-link\">Read more<span class=\"screen-reader-text\"> &#8220;Startseite&#8221;<\/span><\/a><\/p>\n","protected":false},"author":1,"featured_media":0,"parent":0,"menu_order":0,"comment_status":"closed","ping_status":"closed","template":"","meta":{"footnotes":""},"class_list":["post-805","page","type-page","status-publish","hentry"],"yoast_head":"<!-- This site is optimized with the Yoast SEO plugin v27.4 - https:\/\/yoast.com\/product\/yoast-seo-wordpress\/ -->\n<title>Startseite - Master Juriste Conformit\u00e9 Compliance Officer<\/title>\n<meta name=\"robots\" content=\"index, follow, max-snippet:-1, max-image-preview:large, max-video-preview:-1\" \/>\n<link rel=\"canonical\" href=\"https:\/\/masterjcco.eu\/index.php\/de\/accueil-deutsch\/\" \/>\n<meta property=\"og:locale\" content=\"en_US\" \/>\n<meta property=\"og:type\" content=\"article\" \/>\n<meta property=\"og:title\" content=\"Startseite - Master Juriste Conformit\u00e9 Compliance Officer\" \/>\n<meta property=\"og:description\" content=\"MASTERSTUDIENGANG WIRTSCHAFTSRECHT: Compliance-Jurist: Compliance Officer Masterstudiengang der Fakult\u00e4t f\u00fcr Rechts-, Politik- und Verwaltungswissenschaften der Universit\u00e4t Stra\u00dfburg Werden Sie die Garanten der Compliance Ein praxisorientierter Masterstudiengang mit Fokus auf Compliance-Herausforderungen Der Masterstudiengang Compliance-Jurist &#8211; Compliance Officer hat das Ziel, Spezialisten f\u00fcr Compliance auszubilden, die in einer Vielzahl von Organisationen t\u00e4tig sind: Banken, Versicherungsunternehmen, Unternehmen mit Compliance-Abteilungen &hellip; Read more &quot;Startseite&quot;\" \/>\n<meta property=\"og:url\" content=\"https:\/\/masterjcco.eu\/index.php\/de\/accueil-deutsch\/\" \/>\n<meta property=\"og:site_name\" content=\"Master Juriste Conformit\u00e9 Compliance Officer\" \/>\n<meta property=\"article:modified_time\" content=\"2026-03-23T11:18:27+00:00\" \/>\n<meta property=\"og:image\" content=\"https:\/\/masterjcco.eu\/wp-content\/uploads\/2025\/05\/LOGO-PARFAIT.png\" \/>\n\t<meta property=\"og:image:width\" content=\"480\" \/>\n\t<meta property=\"og:image:height\" content=\"509\" \/>\n\t<meta property=\"og:image:type\" content=\"image\/png\" \/>\n<meta name=\"twitter:card\" content=\"summary_large_image\" \/>\n<meta name=\"twitter:label1\" content=\"Est. reading time\" \/>\n\t<meta name=\"twitter:data1\" content=\"3 minutes\" \/>\n<script type=\"application\/ld+json\" class=\"yoast-schema-graph\">{\"@context\":\"https:\\\/\\\/schema.org\",\"@graph\":[{\"@type\":\"WebPage\",\"@id\":\"https:\\\/\\\/masterjcco.eu\\\/index.php\\\/de\\\/accueil-deutsch\\\/\",\"url\":\"https:\\\/\\\/masterjcco.eu\\\/index.php\\\/de\\\/accueil-deutsch\\\/\",\"name\":\"Startseite - Master Juriste Conformit\u00e9 Compliance Officer\",\"isPartOf\":{\"@id\":\"https:\\\/\\\/masterjcco.eu\\\/#website\"},\"primaryImageOfPage\":{\"@id\":\"https:\\\/\\\/masterjcco.eu\\\/index.php\\\/de\\\/accueil-deutsch\\\/#primaryimage\"},\"image\":{\"@id\":\"https:\\\/\\\/masterjcco.eu\\\/index.php\\\/de\\\/accueil-deutsch\\\/#primaryimage\"},\"thumbnailUrl\":\"http:\\\/\\\/masterjcco.eu\\\/wp-content\\\/uploads\\\/2025\\\/05\\\/LOGO-PARFAIT.png\",\"datePublished\":\"2026-01-14T22:47:34+00:00\",\"dateModified\":\"2026-03-23T11:18:27+00:00\",\"breadcrumb\":{\"@id\":\"https:\\\/\\\/masterjcco.eu\\\/index.php\\\/de\\\/accueil-deutsch\\\/#breadcrumb\"},\"inLanguage\":\"en-US\",\"potentialAction\":[{\"@type\":\"ReadAction\",\"target\":[\"https:\\\/\\\/masterjcco.eu\\\/index.php\\\/de\\\/accueil-deutsch\\\/\"]}]},{\"@type\":\"ImageObject\",\"inLanguage\":\"en-US\",\"@id\":\"https:\\\/\\\/masterjcco.eu\\\/index.php\\\/de\\\/accueil-deutsch\\\/#primaryimage\",\"url\":\"https:\\\/\\\/masterjcco.eu\\\/wp-content\\\/uploads\\\/2025\\\/05\\\/LOGO-PARFAIT.png\",\"contentUrl\":\"https:\\\/\\\/masterjcco.eu\\\/wp-content\\\/uploads\\\/2025\\\/05\\\/LOGO-PARFAIT.png\",\"width\":480,\"height\":509},{\"@type\":\"BreadcrumbList\",\"@id\":\"https:\\\/\\\/masterjcco.eu\\\/index.php\\\/de\\\/accueil-deutsch\\\/#breadcrumb\",\"itemListElement\":[{\"@type\":\"ListItem\",\"position\":1,\"name\":\"Accueil\",\"item\":\"https:\\\/\\\/masterjcco.eu\\\/\"},{\"@type\":\"ListItem\",\"position\":2,\"name\":\"Startseite\"}]},{\"@type\":\"WebSite\",\"@id\":\"https:\\\/\\\/masterjcco.eu\\\/#website\",\"url\":\"https:\\\/\\\/masterjcco.eu\\\/\",\"name\":\"Master Juriste Conformit\u00e9 Compliance Officer\",\"description\":\"\",\"publisher\":{\"@id\":\"https:\\\/\\\/masterjcco.eu\\\/#organization\"},\"potentialAction\":[{\"@type\":\"SearchAction\",\"target\":{\"@type\":\"EntryPoint\",\"urlTemplate\":\"https:\\\/\\\/masterjcco.eu\\\/?s={search_term_string}\"},\"query-input\":{\"@type\":\"PropertyValueSpecification\",\"valueRequired\":true,\"valueName\":\"search_term_string\"}}],\"inLanguage\":\"en-US\"},{\"@type\":\"Organization\",\"@id\":\"https:\\\/\\\/masterjcco.eu\\\/#organization\",\"name\":\"Master Juriste Conformit\u00e9 Compliance Officer\",\"url\":\"https:\\\/\\\/masterjcco.eu\\\/\",\"logo\":{\"@type\":\"ImageObject\",\"inLanguage\":\"en-US\",\"@id\":\"https:\\\/\\\/masterjcco.eu\\\/#\\\/schema\\\/logo\\\/image\\\/\",\"url\":\"https:\\\/\\\/masterjcco.eu\\\/wp-content\\\/uploads\\\/2025\\\/05\\\/cropped-LOGO-PARFAIT.png\",\"contentUrl\":\"https:\\\/\\\/masterjcco.eu\\\/wp-content\\\/uploads\\\/2025\\\/05\\\/cropped-LOGO-PARFAIT.png\",\"width\":409,\"height\":410,\"caption\":\"Master Juriste Conformit\u00e9 Compliance Officer \"},\"image\":{\"@id\":\"https:\\\/\\\/masterjcco.eu\\\/#\\\/schema\\\/logo\\\/image\\\/\"}}]}<\/script>\n<!-- \/ Yoast SEO plugin. -->","yoast_head_json":{"title":"Startseite - Master Juriste Conformit\u00e9 Compliance Officer","robots":{"index":"index","follow":"follow","max-snippet":"max-snippet:-1","max-image-preview":"max-image-preview:large","max-video-preview":"max-video-preview:-1"},"canonical":"https:\/\/masterjcco.eu\/index.php\/de\/accueil-deutsch\/","og_locale":"en_US","og_type":"article","og_title":"Startseite - Master Juriste Conformit\u00e9 Compliance Officer","og_description":"MASTERSTUDIENGANG WIRTSCHAFTSRECHT: Compliance-Jurist: Compliance Officer Masterstudiengang der Fakult\u00e4t f\u00fcr Rechts-, Politik- und Verwaltungswissenschaften der Universit\u00e4t Stra\u00dfburg Werden Sie die Garanten der Compliance Ein praxisorientierter Masterstudiengang mit Fokus auf Compliance-Herausforderungen Der Masterstudiengang Compliance-Jurist &#8211; Compliance Officer hat das Ziel, Spezialisten f\u00fcr Compliance auszubilden, die in einer Vielzahl von Organisationen t\u00e4tig sind: Banken, Versicherungsunternehmen, Unternehmen mit Compliance-Abteilungen &hellip; Read more \"Startseite\"","og_url":"https:\/\/masterjcco.eu\/index.php\/de\/accueil-deutsch\/","og_site_name":"Master Juriste Conformit\u00e9 Compliance Officer","article_modified_time":"2026-03-23T11:18:27+00:00","og_image":[{"width":480,"height":509,"url":"https:\/\/masterjcco.eu\/wp-content\/uploads\/2025\/05\/LOGO-PARFAIT.png","type":"image\/png"}],"twitter_card":"summary_large_image","twitter_misc":{"Est. reading time":"3 minutes"},"schema":{"@context":"https:\/\/schema.org","@graph":[{"@type":"WebPage","@id":"https:\/\/masterjcco.eu\/index.php\/de\/accueil-deutsch\/","url":"https:\/\/masterjcco.eu\/index.php\/de\/accueil-deutsch\/","name":"Startseite - Master Juriste Conformit\u00e9 Compliance Officer","isPartOf":{"@id":"https:\/\/masterjcco.eu\/#website"},"primaryImageOfPage":{"@id":"https:\/\/masterjcco.eu\/index.php\/de\/accueil-deutsch\/#primaryimage"},"image":{"@id":"https:\/\/masterjcco.eu\/index.php\/de\/accueil-deutsch\/#primaryimage"},"thumbnailUrl":"http:\/\/masterjcco.eu\/wp-content\/uploads\/2025\/05\/LOGO-PARFAIT.png","datePublished":"2026-01-14T22:47:34+00:00","dateModified":"2026-03-23T11:18:27+00:00","breadcrumb":{"@id":"https:\/\/masterjcco.eu\/index.php\/de\/accueil-deutsch\/#breadcrumb"},"inLanguage":"en-US","potentialAction":[{"@type":"ReadAction","target":["https:\/\/masterjcco.eu\/index.php\/de\/accueil-deutsch\/"]}]},{"@type":"ImageObject","inLanguage":"en-US","@id":"https:\/\/masterjcco.eu\/index.php\/de\/accueil-deutsch\/#primaryimage","url":"https:\/\/masterjcco.eu\/wp-content\/uploads\/2025\/05\/LOGO-PARFAIT.png","contentUrl":"https:\/\/masterjcco.eu\/wp-content\/uploads\/2025\/05\/LOGO-PARFAIT.png","width":480,"height":509},{"@type":"BreadcrumbList","@id":"https:\/\/masterjcco.eu\/index.php\/de\/accueil-deutsch\/#breadcrumb","itemListElement":[{"@type":"ListItem","position":1,"name":"Accueil","item":"https:\/\/masterjcco.eu\/"},{"@type":"ListItem","position":2,"name":"Startseite"}]},{"@type":"WebSite","@id":"https:\/\/masterjcco.eu\/#website","url":"https:\/\/masterjcco.eu\/","name":"Master Juriste Conformit\u00e9 Compliance Officer","description":"","publisher":{"@id":"https:\/\/masterjcco.eu\/#organization"},"potentialAction":[{"@type":"SearchAction","target":{"@type":"EntryPoint","urlTemplate":"https:\/\/masterjcco.eu\/?s={search_term_string}"},"query-input":{"@type":"PropertyValueSpecification","valueRequired":true,"valueName":"search_term_string"}}],"inLanguage":"en-US"},{"@type":"Organization","@id":"https:\/\/masterjcco.eu\/#organization","name":"Master Juriste Conformit\u00e9 Compliance Officer","url":"https:\/\/masterjcco.eu\/","logo":{"@type":"ImageObject","inLanguage":"en-US","@id":"https:\/\/masterjcco.eu\/#\/schema\/logo\/image\/","url":"https:\/\/masterjcco.eu\/wp-content\/uploads\/2025\/05\/cropped-LOGO-PARFAIT.png","contentUrl":"https:\/\/masterjcco.eu\/wp-content\/uploads\/2025\/05\/cropped-LOGO-PARFAIT.png","width":409,"height":410,"caption":"Master Juriste Conformit\u00e9 Compliance Officer "},"image":{"@id":"https:\/\/masterjcco.eu\/#\/schema\/logo\/image\/"}}]}},"_links":{"self":[{"href":"https:\/\/masterjcco.eu\/index.php\/wp-json\/wp\/v2\/pages\/805","targetHints":{"allow":["GET"]}}],"collection":[{"href":"https:\/\/masterjcco.eu\/index.php\/wp-json\/wp\/v2\/pages"}],"about":[{"href":"https:\/\/masterjcco.eu\/index.php\/wp-json\/wp\/v2\/types\/page"}],"author":[{"embeddable":true,"href":"https:\/\/masterjcco.eu\/index.php\/wp-json\/wp\/v2\/users\/1"}],"replies":[{"embeddable":true,"href":"https:\/\/masterjcco.eu\/index.php\/wp-json\/wp\/v2\/comments?post=805"}],"version-history":[{"count":4,"href":"https:\/\/masterjcco.eu\/index.php\/wp-json\/wp\/v2\/pages\/805\/revisions"}],"predecessor-version":[{"id":1036,"href":"https:\/\/masterjcco.eu\/index.php\/wp-json\/wp\/v2\/pages\/805\/revisions\/1036"}],"wp:attachment":[{"href":"https:\/\/masterjcco.eu\/index.php\/wp-json\/wp\/v2\/media?parent=805"}],"curies":[{"name":"wp","href":"https:\/\/api.w.org\/{rel}","templated":true}]}}