{"id":814,"date":"2026-01-14T23:51:51","date_gmt":"2026-01-14T22:51:51","guid":{"rendered":"https:\/\/masterjcco.eu\/?page_id=814"},"modified":"2026-01-14T23:51:51","modified_gmt":"2026-01-14T22:51:51","slug":"karrieren","status":"publish","type":"page","link":"https:\/\/masterjcco.eu\/index.php\/de\/karrieren\/","title":{"rendered":"Karrieren"},"content":{"rendered":"\r\n<p class=\"text-justify has-foreground-color has-text-color\">Dank seiner langj\u00e4hrigen Erfahrung und der hohen Qualit\u00e4t seiner Lehre hat sich der Masterstudiengang JCCO \u00fcber die Jahre hinweg einen ausgezeichneten Ruf bei Arbeitgebern erarbeitet.<\/p>\r\n\r\n\r\n\r\n<p class=\"text-justify has-foreground-color has-text-color has-link-color wp-elements-ec3214dd6e90fdde15e7ee7d41dfe19a\">Die Studierenden des Masterstudiengangs hatten somit die M\u00f6glichkeit, im Rahmen eines dualen Studiums (Work-Study) in eine Vielzahl renommierter Organisationen aus unterschiedlichen Branchen einzutreten: Banken und Versicherungsgesellschaften, Verm\u00f6gensverwaltungsgesellschaften, Industrieunternehmen, Beratungsfirmen sowie \u00f6ffentliche Institutionen und Aufsichtsbeh\u00f6rden.<\/p>\r\n\r\n\r\n\r\n<p class=\"text-justify has-foreground-color has-text-color has-link-color wp-elements-ee9c4a77bf840b1daa0e2e68e28b3529\">Diese Vielfalt an beruflichen Umfeldern belegt die Anpassungsf\u00e4higkeit und fachliche Expertise der ausgebildeten Profile, die in der Lage sind, zunehmend komplexe und bereichs\u00fcbergreifende Compliance-Fragestellungen zu bearbeiten. Der Masterstudiengang bereitet seine Studierenden somit auf Schl\u00fcsselpositionen im Bereich Compliance vor und entspricht den Anforderungen des Arbeitsmarktes.<\/p>\r\n\r\n\r\n\r\n<h2 class=\"wp-block-heading has-text-align-center has-text-color has-link-color wp-elements-2f3d62c52a9810d4d9160908a6927f29\" style=\"color: #131587; text-align: center;\"><div class=\"eds-animate  \" data-eds-entry-animation=\"fadeIn\" data-eds-entry-delay=\"0\" data-eds-entry-duration=\"0.5\" data-eds-entry-timing=\"linear\" data-eds-exit-animation=\"fadeOut\" data-eds-exit-delay=\"0\" data-eds-exit-duration=\"0.5\" data-eds-exit-timing=\"linear\" data-eds-repeat-count=\"infinite\" data-eds-keep=\"yes\" data-eds-animate-on=\"\" data-eds-scroll-offset=\"\">Sie haben unsere Studierenden im dualen Studium aufgenommen<span style=\"font-size: 18pt;\"><\/div><\/span><\/h2>\r\n<h2 class=\"wp-block-heading has-text-align-center has-text-color has-link-color\" style=\"color: #131587; text-align: left;\"><strong style=\"color: #2325a2; font-size: 16px;\">Finanzen und Versicherungen<\/strong><\/h2>\r\n\r\n\r\n\r\n<h4 class=\"wp-block-heading has-text-color has-link-color wp-elements-8dbba1639be712589e64fd664f76a394\" style=\"color: #2325a2;\"><strong>Unternehmen<\/strong><\/h4>\r\n\r\n\r\n\r\n<h4 class=\"wp-block-heading has-text-color has-link-color wp-elements-e319654f6938191c01f9fc3e649728e6\" style=\"color: #2325a2;\"><strong>Beratung und professionelle Dienstleistungen<\/strong><\/h4>\r\n\r\n\r\n\r\n<h3 class=\"wp-block-heading has-text-color has-link-color wp-elements-6aa558d167a4cea446fb11c6ef611c37\" style=\"color: #131587; text-align: center;\"><span style=\"font-size: 18pt;\"><div class=\"eds-animate  \" data-eds-entry-animation=\"fadeIn\" data-eds-entry-delay=\"0\" data-eds-entry-duration=\"0.5\" data-eds-entry-timing=\"linear\" data-eds-exit-animation=\"fadeOut\" data-eds-exit-delay=\"0\" data-eds-exit-duration=\"0.5\" data-eds-exit-timing=\"linear\" data-eds-repeat-count=\"infinite\" data-eds-keep=\"yes\" data-eds-animate-on=\"\" data-eds-scroll-offset=\"\">Sie haben unsere Absolventinnen und Absolventen nach dem Studium eingestellt<\/div><\/span><\/h3>\r\n\r\n\r\n\r\n<h4 class=\"wp-block-heading has-text-color has-link-color wp-elements-b5d17663eda294aa987c5c1bd6ad2589\" style=\"color: #2325a2;\"><strong>Finanzdienstleistungen<\/strong><\/h4>\r\n\r\n\r\n\r\n<h4 class=\"wp-block-heading has-text-color has-link-color wp-elements-8dbba1639be712589e64fd664f76a394\" style=\"color: #2325a2;\"><strong>Unternehmen<\/strong><\/h4>\r\n\r\n\r\n\r\n<h4 class=\"wp-block-heading has-text-color has-link-color wp-elements-b749f609fb7e24b3dea702636d4eb3d2\" style=\"color: #2325a2;\"><strong>Beratung, Wirtschaftspr\u00fcfung und Kanzleien<\/strong><\/h4>\r\n\r\n\r\n\r\n<h4 class=\"wp-block-heading has-text-color has-link-color wp-elements-bc7a852886ca609dc4d38b0e2ac13501\" style=\"color: #2325a2;\"><strong>Aufsichtsbeh\u00f6rden und \u00f6ffentliche Institutionen<\/strong><\/h4>\r\n\r\n\r\n\r\n<hr class=\"wp-block-separator has-alpha-channel-opacity\" \/>\r\n\r\n\r\n\r\n<h2 class=\"wp-block-heading has-text-align-center has-text-color has-link-color wp-elements-d87421b0929cd9043cf073f9de09f61d\" style=\"color: #131587;\"><strong>Sie haben den Master absolviert \u2013 Einblicke in ihre beruflichen Werdeg\u00e4nge<\/strong><\/h2>\r\n\r\n\r\n\r\n<p class=\"text-justify has-foreground-color has-text-color has-link-color wp-elements-f57fea0c38d6d2f92023811e4c5d2b3a\">Entdecken Sie die Erfahrungsberichte unserer Alumni: ihren Werdegang, ihre Erfahrungen im Masterstudiengang sowie den Einfluss dieser Ausbildung auf ihre berufliche Laufbahn. Ihre R\u00fcckmeldungen geben Ihnen einen konkreten Einblick in die p\u00e4dagogische Qualit\u00e4t, die individuelle Betreuung und die vielf\u00e4ltigen Chancen, die das Programm bietet.<br \/>Da die Wahl eines Masterstudiengangs eine wichtige Entscheidung ist, helfen Ihnen diese Erfahrungsberichte, die St\u00e4rken unserer Ausbildung besser zu verstehen.<\/p>\r\n\r\n\r\n\r\n<h4 class=\"wp-block-heading has-text-color has-link-color wp-elements-caa06881a69a01a0bd34599ebb8851ff\" style=\"color: #131587;\"><div class=\"eds-animate  \" data-eds-entry-animation=\"appear\" data-eds-entry-delay=\"0.5\" data-eds-entry-duration=\"1\" data-eds-entry-timing=\"linear\" data-eds-exit-animation=\"\" data-eds-exit-delay=\"\" data-eds-exit-duration=\"\" data-eds-exit-timing=\"\" data-eds-repeat-count=\"1\" data-eds-keep=\"yes\" data-eds-animate-on=\"\" data-eds-scroll-offset=\"75\">Wie haben Sie den Master 2 Jurist Compliance \u2013 Compliance Officer insgesamt wahrgenommen? W\u00fcrden Sie diese Ausbildung erneut w\u00e4hlen?<\/div><\/h4>\r\n\r\n\r\n\r\n<ul class=\"wp-block-list\">\r\n<li class=\"text-justify has-foreground-color has-text-color has-link-color\">\u201e<em>Die gr\u00f6\u00dfte St\u00e4rke des Master 2 JCCO liegt darin, dass ein duales Studium Voraussetzung f\u00fcr den Abschluss ist. Dadurch k\u00f6nnen Studierende wertvolle Berufserfahrung sammeln und praxisnahe Kompetenzen f\u00fcr ihren zuk\u00fcnftigen Beruf entwickeln<\/em>.\u201c<\/li>\r\n<li class=\"text-justify has-foreground-color has-text-color has-link-color\">\u201e<em>Das Masterprogramm ist hervorragend, die Lehrenden sind von hoher Qualit\u00e4t<\/em>.\u201c<\/li>\r\n<li class=\"text-justify has-foreground-color has-text-color has-link-color\">\u201e<em>Ein Abschluss, der auf dem Arbeitsmarkt sehr gesch\u00e4tzt wird und einen schnellen Berufseinstieg erm\u00f6glicht<\/em>.\u201c<\/li>\r\n<li class=\"text-justify has-foreground-color has-text-color has-link-color\">\u201e<em>Die Ausbildung ist sehr umfassend und deckt alle Bereiche der Compliance ab. Die verschiedenen Compliance-Module stellen einen echten Mehrwert dar und erm\u00f6glichen den Aufbau fundierter Expertise und vielseitiger Kompetenzen<\/em>.\u201c<\/li>\r\n<li class=\"text-justify has-foreground-color has-text-color has-link-color\">\u201e<em>Mir hat diese Ausbildung sehr gefallen, da sie weit \u00fcber eine rein juristische Ausbildung hinausgeht. Sie vermittelt wichtige Querschnittskompetenzen wie Marketing, Projektmanagement, Kommunikation, P\u00e4dagogik, Finanzen und Risikoanalyse. Compliance ist ein \u00e4u\u00dferst spannender Beruf, und diese Ausbildung spiegelt diese Vielfalt perfekt wider. Wenn ich die Wahl noch einmal h\u00e4tte, w\u00fcrde ich keine Sekunde z\u00f6gern<\/em>.\u201c<\/li>\r\n<li class=\"text-justify has-foreground-color has-text-color has-link-color\">\u201e<em>Eine sehr gute, anspruchsvolle Ausbildung mit vielf\u00e4ltigen Inhalten. Ich w\u00fcrde sie jederzeit wieder w\u00e4hlen<\/em>.\u201c<\/li>\r\n<\/ul>\r\n\r\n","protected":false},"excerpt":{"rendered":"<p>Dank seiner langj\u00e4hrigen Erfahrung und der hohen Qualit\u00e4t seiner Lehre hat sich der Masterstudiengang JCCO \u00fcber die Jahre hinweg einen ausgezeichneten Ruf bei Arbeitgebern erarbeitet. Die Studierenden des Masterstudiengangs hatten somit die M\u00f6glichkeit, im Rahmen eines dualen Studiums (Work-Study) in eine Vielzahl renommierter Organisationen aus unterschiedlichen Branchen einzutreten: Banken und Versicherungsgesellschaften, Verm\u00f6gensverwaltungsgesellschaften, Industrieunternehmen, Beratungsfirmen sowie &hellip; <\/p>\n<p class=\"link-more\"><a href=\"https:\/\/masterjcco.eu\/index.php\/de\/karrieren\/\" class=\"more-link\">Read more<span class=\"screen-reader-text\"> &#8220;Karrieren&#8221;<\/span><\/a><\/p>\n","protected":false},"author":1,"featured_media":0,"parent":0,"menu_order":0,"comment_status":"closed","ping_status":"closed","template":"","meta":{"footnotes":""},"class_list":["post-814","page","type-page","status-publish","hentry"],"yoast_head":"<!-- This site is optimized with the Yoast SEO plugin v27.4 - https:\/\/yoast.com\/product\/yoast-seo-wordpress\/ -->\n<title>Karrieren - Master Juriste Conformit\u00e9 Compliance Officer<\/title>\n<meta name=\"robots\" content=\"index, follow, max-snippet:-1, max-image-preview:large, max-video-preview:-1\" \/>\n<link rel=\"canonical\" href=\"https:\/\/masterjcco.eu\/index.php\/de\/karrieren\/\" \/>\n<meta property=\"og:locale\" content=\"en_US\" \/>\n<meta property=\"og:type\" content=\"article\" \/>\n<meta property=\"og:title\" content=\"Karrieren - Master Juriste Conformit\u00e9 Compliance Officer\" \/>\n<meta property=\"og:description\" content=\"Dank seiner langj\u00e4hrigen Erfahrung und der hohen Qualit\u00e4t seiner Lehre hat sich der Masterstudiengang JCCO \u00fcber die Jahre hinweg einen ausgezeichneten Ruf bei Arbeitgebern erarbeitet. Die Studierenden des Masterstudiengangs hatten somit die M\u00f6glichkeit, im Rahmen eines dualen Studiums (Work-Study) in eine Vielzahl renommierter Organisationen aus unterschiedlichen Branchen einzutreten: Banken und Versicherungsgesellschaften, Verm\u00f6gensverwaltungsgesellschaften, Industrieunternehmen, Beratungsfirmen sowie &hellip; Read more &quot;Karrieren&quot;\" \/>\n<meta property=\"og:url\" content=\"https:\/\/masterjcco.eu\/index.php\/de\/karrieren\/\" \/>\n<meta property=\"og:site_name\" content=\"Master Juriste Conformit\u00e9 Compliance Officer\" \/>\n<meta name=\"twitter:card\" content=\"summary_large_image\" \/>\n<script type=\"application\/ld+json\" class=\"yoast-schema-graph\">{\"@context\":\"https:\\\/\\\/schema.org\",\"@graph\":[{\"@type\":\"WebPage\",\"@id\":\"https:\\\/\\\/masterjcco.eu\\\/index.php\\\/de\\\/karrieren\\\/\",\"url\":\"https:\\\/\\\/masterjcco.eu\\\/index.php\\\/de\\\/karrieren\\\/\",\"name\":\"Karrieren - Master Juriste Conformit\u00e9 Compliance Officer\",\"isPartOf\":{\"@id\":\"https:\\\/\\\/masterjcco.eu\\\/#website\"},\"datePublished\":\"2026-01-14T22:51:51+00:00\",\"breadcrumb\":{\"@id\":\"https:\\\/\\\/masterjcco.eu\\\/index.php\\\/de\\\/karrieren\\\/#breadcrumb\"},\"inLanguage\":\"en-US\",\"potentialAction\":[{\"@type\":\"ReadAction\",\"target\":[\"https:\\\/\\\/masterjcco.eu\\\/index.php\\\/de\\\/karrieren\\\/\"]}]},{\"@type\":\"BreadcrumbList\",\"@id\":\"https:\\\/\\\/masterjcco.eu\\\/index.php\\\/de\\\/karrieren\\\/#breadcrumb\",\"itemListElement\":[{\"@type\":\"ListItem\",\"position\":1,\"name\":\"Accueil\",\"item\":\"https:\\\/\\\/masterjcco.eu\\\/\"},{\"@type\":\"ListItem\",\"position\":2,\"name\":\"Karrieren\"}]},{\"@type\":\"WebSite\",\"@id\":\"https:\\\/\\\/masterjcco.eu\\\/#website\",\"url\":\"https:\\\/\\\/masterjcco.eu\\\/\",\"name\":\"Master Juriste Conformit\u00e9 Compliance Officer\",\"description\":\"\",\"publisher\":{\"@id\":\"https:\\\/\\\/masterjcco.eu\\\/#organization\"},\"potentialAction\":[{\"@type\":\"SearchAction\",\"target\":{\"@type\":\"EntryPoint\",\"urlTemplate\":\"https:\\\/\\\/masterjcco.eu\\\/?s={search_term_string}\"},\"query-input\":{\"@type\":\"PropertyValueSpecification\",\"valueRequired\":true,\"valueName\":\"search_term_string\"}}],\"inLanguage\":\"en-US\"},{\"@type\":\"Organization\",\"@id\":\"https:\\\/\\\/masterjcco.eu\\\/#organization\",\"name\":\"Master Juriste Conformit\u00e9 Compliance Officer\",\"url\":\"https:\\\/\\\/masterjcco.eu\\\/\",\"logo\":{\"@type\":\"ImageObject\",\"inLanguage\":\"en-US\",\"@id\":\"https:\\\/\\\/masterjcco.eu\\\/#\\\/schema\\\/logo\\\/image\\\/\",\"url\":\"https:\\\/\\\/masterjcco.eu\\\/wp-content\\\/uploads\\\/2025\\\/05\\\/cropped-LOGO-PARFAIT.png\",\"contentUrl\":\"https:\\\/\\\/masterjcco.eu\\\/wp-content\\\/uploads\\\/2025\\\/05\\\/cropped-LOGO-PARFAIT.png\",\"width\":409,\"height\":410,\"caption\":\"Master Juriste Conformit\u00e9 Compliance Officer \"},\"image\":{\"@id\":\"https:\\\/\\\/masterjcco.eu\\\/#\\\/schema\\\/logo\\\/image\\\/\"}}]}<\/script>\n<!-- \/ Yoast SEO plugin. -->","yoast_head_json":{"title":"Karrieren - Master Juriste Conformit\u00e9 Compliance Officer","robots":{"index":"index","follow":"follow","max-snippet":"max-snippet:-1","max-image-preview":"max-image-preview:large","max-video-preview":"max-video-preview:-1"},"canonical":"https:\/\/masterjcco.eu\/index.php\/de\/karrieren\/","og_locale":"en_US","og_type":"article","og_title":"Karrieren - Master Juriste Conformit\u00e9 Compliance Officer","og_description":"Dank seiner langj\u00e4hrigen Erfahrung und der hohen Qualit\u00e4t seiner Lehre hat sich der Masterstudiengang JCCO \u00fcber die Jahre hinweg einen ausgezeichneten Ruf bei Arbeitgebern erarbeitet. Die Studierenden des Masterstudiengangs hatten somit die M\u00f6glichkeit, im Rahmen eines dualen Studiums (Work-Study) in eine Vielzahl renommierter Organisationen aus unterschiedlichen Branchen einzutreten: Banken und Versicherungsgesellschaften, Verm\u00f6gensverwaltungsgesellschaften, Industrieunternehmen, Beratungsfirmen sowie &hellip; Read more \"Karrieren\"","og_url":"https:\/\/masterjcco.eu\/index.php\/de\/karrieren\/","og_site_name":"Master Juriste Conformit\u00e9 Compliance Officer","twitter_card":"summary_large_image","schema":{"@context":"https:\/\/schema.org","@graph":[{"@type":"WebPage","@id":"https:\/\/masterjcco.eu\/index.php\/de\/karrieren\/","url":"https:\/\/masterjcco.eu\/index.php\/de\/karrieren\/","name":"Karrieren - Master Juriste Conformit\u00e9 Compliance Officer","isPartOf":{"@id":"https:\/\/masterjcco.eu\/#website"},"datePublished":"2026-01-14T22:51:51+00:00","breadcrumb":{"@id":"https:\/\/masterjcco.eu\/index.php\/de\/karrieren\/#breadcrumb"},"inLanguage":"en-US","potentialAction":[{"@type":"ReadAction","target":["https:\/\/masterjcco.eu\/index.php\/de\/karrieren\/"]}]},{"@type":"BreadcrumbList","@id":"https:\/\/masterjcco.eu\/index.php\/de\/karrieren\/#breadcrumb","itemListElement":[{"@type":"ListItem","position":1,"name":"Accueil","item":"https:\/\/masterjcco.eu\/"},{"@type":"ListItem","position":2,"name":"Karrieren"}]},{"@type":"WebSite","@id":"https:\/\/masterjcco.eu\/#website","url":"https:\/\/masterjcco.eu\/","name":"Master Juriste Conformit\u00e9 Compliance Officer","description":"","publisher":{"@id":"https:\/\/masterjcco.eu\/#organization"},"potentialAction":[{"@type":"SearchAction","target":{"@type":"EntryPoint","urlTemplate":"https:\/\/masterjcco.eu\/?s={search_term_string}"},"query-input":{"@type":"PropertyValueSpecification","valueRequired":true,"valueName":"search_term_string"}}],"inLanguage":"en-US"},{"@type":"Organization","@id":"https:\/\/masterjcco.eu\/#organization","name":"Master Juriste Conformit\u00e9 Compliance Officer","url":"https:\/\/masterjcco.eu\/","logo":{"@type":"ImageObject","inLanguage":"en-US","@id":"https:\/\/masterjcco.eu\/#\/schema\/logo\/image\/","url":"https:\/\/masterjcco.eu\/wp-content\/uploads\/2025\/05\/cropped-LOGO-PARFAIT.png","contentUrl":"https:\/\/masterjcco.eu\/wp-content\/uploads\/2025\/05\/cropped-LOGO-PARFAIT.png","width":409,"height":410,"caption":"Master Juriste Conformit\u00e9 Compliance Officer "},"image":{"@id":"https:\/\/masterjcco.eu\/#\/schema\/logo\/image\/"}}]}},"_links":{"self":[{"href":"https:\/\/masterjcco.eu\/index.php\/wp-json\/wp\/v2\/pages\/814","targetHints":{"allow":["GET"]}}],"collection":[{"href":"https:\/\/masterjcco.eu\/index.php\/wp-json\/wp\/v2\/pages"}],"about":[{"href":"https:\/\/masterjcco.eu\/index.php\/wp-json\/wp\/v2\/types\/page"}],"author":[{"embeddable":true,"href":"https:\/\/masterjcco.eu\/index.php\/wp-json\/wp\/v2\/users\/1"}],"replies":[{"embeddable":true,"href":"https:\/\/masterjcco.eu\/index.php\/wp-json\/wp\/v2\/comments?post=814"}],"version-history":[{"count":1,"href":"https:\/\/masterjcco.eu\/index.php\/wp-json\/wp\/v2\/pages\/814\/revisions"}],"predecessor-version":[{"id":815,"href":"https:\/\/masterjcco.eu\/index.php\/wp-json\/wp\/v2\/pages\/814\/revisions\/815"}],"wp:attachment":[{"href":"https:\/\/masterjcco.eu\/index.php\/wp-json\/wp\/v2\/media?parent=814"}],"curies":[{"name":"wp","href":"https:\/\/api.w.org\/{rel}","templated":true}]}}