{"id":822,"date":"2026-01-14T23:54:13","date_gmt":"2026-01-14T22:54:13","guid":{"rendered":"https:\/\/masterjcco.eu\/?page_id=822"},"modified":"2026-01-14T23:54:13","modified_gmt":"2026-01-14T22:54:13","slug":"kontakt","status":"publish","type":"page","link":"https:\/\/masterjcco.eu\/index.php\/de\/kontakt\/","title":{"rendered":"Kontakt"},"content":{"rendered":"\r\n<p class=\"wp-elements-d12132e78de9ede53846301a52a08795 is-layout-flow wp-block-details-is-layout-flow\" style=\"padding-left: 120px;\"><br \/><iframe loading=\"lazy\" style=\"border: 0;\" src=\"https:\/\/www.google.com\/maps\/embed?pb=!1m18!1m12!1m3!1d6410.214510805044!2d7.7667471808916275!3d48.57734251148167!2m3!1f0!2f0!3f0!3m2!1i1024!2i768!4f13.1!3m3!1m2!1s0x4796c8fc29ff2273%3A0xcb679dc90f15fc85!2sFacult%C3%A9%20de%20droit%2C%20de%20sciences%20politiques%20et%20de%20gestion!5e0!3m2!1sfr!2sfr!4v1750685591438!5m2!1sfr!2sfr\" width=\"800\" height=\"600\" allowfullscreen=\"allowfullscreen\"><\/iframe><\/p>\r\n<div class=\"wp-block-columns\" style=\"text-align: justify;\">\r\n<div class=\"wp-block-column\" style=\"flex-basis: 100%;\">\r\n<p class=\"has-primary-color has-text-color has-link-color\"><span style=\"font-size: 10pt;\"><strong>Adresse: <\/strong><span style=\"color: #000000;\"><a style=\"color: #000000;\" href=\"http:\/\/maps.apple.com\/?address=Universit%C3%A9%20de%20Strasbourg1%20Place%20d%27Ath%C3%A8nes%20-%20BP%206667045%20Strasbourg\">Universit\u00e4t Stra\u00dfburg \u2013 1 Place d&#8217;Ath\u00e8nes \u2013 BP 66 \u2013 67045 Stra\u00dfburg<\/a><\/span><\/span><\/p>\r\n<\/div>\r\n<!-- \/wp:post-content --><\/div>\r\n<!-- \/wp:columns -->\r\n\r\n<!-- wp:group {\"layout\":{\"type\":\"flex\",\"flexWrap\":\"nowrap\",\"orientation\":\"horizontal\"}} -->\r\n<div class=\"wp-block-group\">\r\n<div class=\"wp-block-group\">\r\n<p class=\"has-primary-color has-text-color has-link-color\" style=\"border-radius: 0px; text-align: justify;\"><strong>Kontakt-E-Mail-Adresse<\/strong> : <span style=\"color: #000000;\"><a style=\"color: #000000;\" href=\"mailto:master2.jcco@gmail.com\">master2.jcco@gmail.com<\/a><\/span><\/p>\r\n<p>&nbsp;<\/p>\r\n<p class=\"has-primary-color has-text-color has-link-color\" style=\"border-radius: 0px; text-align: justify;\">Folgen Sie uns in den sozialen Netzwerken!<\/p>\r\n<\/div>\r\n<\/div>\r\n<ul>\r\n<li><span style=\"color: #000000;\"><a style=\"color: #000000;\" href=\"https:\/\/www.linkedin.com\/in\/master-juriste-conformit%C3%A9-compliance-officer-85b794151\/\">Unser LinkedIn<\/a><\/span><\/li>\r\n<li><span style=\"color: #000000;\"><a style=\"color: #000000;\" href=\"https:\/\/www.instagram.com\/m2jcco\/\">Unser Instagram<\/a><\/span><\/li>\r\n<\/ul>\r\n<p>&nbsp;<\/p>\r\n<!-- \/wp:group -->\r\n\r\n<!-- wp:group {\"layout\":{\"type\":\"flex\",\"flexWrap\":\"nowrap\"}} -->\r\n<div class=\"wp-block-group\"><!-- wp:image {\"align\":\"left\"} -->\r\n<figure class=\"wp-block-image alignleft\"><img decoding=\"async\" src=\"https:\/\/lh7-rt.googleusercontent.com\/docsz\/AD_4nXcCTcqJ3-ATGQ1xZsLhL7X7bZ0r8qG5Zm9MJbdgjn4UV5jE4r3jtD96O-Rkx9_ziCbQPosJAnwPPhewzkKnHHQNU5vX6xvj2RvbT-zfcyW_NB7opWewpc8VgMdYBp32StNWvtaRMA?key=jeKBo430Oo--J2t50BvQ21fw\" alt=\"\" \/><\/figure>\r\n<!-- \/wp:image -->\r\n\r\n<!-- wp:paragraph {\"style\":{\"elements\":{\"link\":{\"color\":{\"text\":\"var:preset|color|primary\"}}}},\"textColor\":\"primary\"} -->\r\n<p class=\"has-primary-color has-text-color has-link-color\"><span style=\"color: #000000;\"><a style=\"color: #000000;\" href=\"https:\/\/droit.unistra.fr\/\">Offizielle Website der Fakult\u00e4t f\u00fcr Rechtswissenschaften, Politikwissenschaften und Management der Universit\u00e4t Stra\u00dfburg<\/a><\/span><\/p>\r\n<!-- \/wp:paragraph --><\/div>\r\n<!-- \/wp:group -->\r\n\r\n<!-- wp:paragraph -->\r\n<p>&nbsp;<\/p>\r\n<!-- \/wp:paragraph -->\r\n","protected":false},"excerpt":{"rendered":"<p>Kontakt-E-Mail-Adresse : master2.jcco@gmail.com &nbsp; Folgen Sie uns in den sozialen Netzwerken! Unser LinkedIn Unser Instagram &nbsp; Offizielle Website der Fakult\u00e4t f\u00fcr Rechtswissenschaften, Politikwissenschaften und Management der Universit\u00e4t Stra\u00dfburg &nbsp;<\/p>\n","protected":false},"author":1,"featured_media":0,"parent":0,"menu_order":0,"comment_status":"closed","ping_status":"closed","template":"","meta":{"footnotes":""},"class_list":["post-822","page","type-page","status-publish","hentry"],"yoast_head":"<!-- This site is optimized with the Yoast SEO plugin v27.4 - https:\/\/yoast.com\/product\/yoast-seo-wordpress\/ -->\n<title>Kontakt - Master Juriste Conformit\u00e9 Compliance Officer<\/title>\n<meta name=\"robots\" content=\"index, follow, max-snippet:-1, max-image-preview:large, max-video-preview:-1\" \/>\n<link rel=\"canonical\" href=\"https:\/\/masterjcco.eu\/index.php\/de\/kontakt\/\" \/>\n<meta property=\"og:locale\" content=\"en_US\" \/>\n<meta property=\"og:type\" content=\"article\" \/>\n<meta property=\"og:title\" content=\"Kontakt - Master Juriste Conformit\u00e9 Compliance Officer\" \/>\n<meta property=\"og:description\" content=\"Kontakt-E-Mail-Adresse : master2.jcco@gmail.com &nbsp; Folgen Sie uns in den sozialen Netzwerken! Unser LinkedIn Unser Instagram &nbsp; Offizielle Website der Fakult\u00e4t f\u00fcr Rechtswissenschaften, Politikwissenschaften und Management der Universit\u00e4t Stra\u00dfburg &nbsp;\" \/>\n<meta property=\"og:url\" content=\"https:\/\/masterjcco.eu\/index.php\/de\/kontakt\/\" \/>\n<meta property=\"og:site_name\" content=\"Master Juriste Conformit\u00e9 Compliance Officer\" \/>\n<meta property=\"og:image\" content=\"https:\/\/lh7-rt.googleusercontent.com\/docsz\/AD_4nXcCTcqJ3-ATGQ1xZsLhL7X7bZ0r8qG5Zm9MJbdgjn4UV5jE4r3jtD96O-Rkx9_ziCbQPosJAnwPPhewzkKnHHQNU5vX6xvj2RvbT-zfcyW_NB7opWewpc8VgMdYBp32StNWvtaRMA?key=jeKBo430Oo--J2t50BvQ21fw\" \/>\n<meta name=\"twitter:card\" content=\"summary_large_image\" \/>\n<script type=\"application\/ld+json\" class=\"yoast-schema-graph\">{\"@context\":\"https:\\\/\\\/schema.org\",\"@graph\":[{\"@type\":\"WebPage\",\"@id\":\"https:\\\/\\\/masterjcco.eu\\\/index.php\\\/de\\\/kontakt\\\/\",\"url\":\"https:\\\/\\\/masterjcco.eu\\\/index.php\\\/de\\\/kontakt\\\/\",\"name\":\"Kontakt - Master Juriste Conformit\u00e9 Compliance Officer\",\"isPartOf\":{\"@id\":\"https:\\\/\\\/masterjcco.eu\\\/#website\"},\"primaryImageOfPage\":{\"@id\":\"https:\\\/\\\/masterjcco.eu\\\/index.php\\\/de\\\/kontakt\\\/#primaryimage\"},\"image\":{\"@id\":\"https:\\\/\\\/masterjcco.eu\\\/index.php\\\/de\\\/kontakt\\\/#primaryimage\"},\"thumbnailUrl\":\"https:\\\/\\\/lh7-rt.googleusercontent.com\\\/docsz\\\/AD_4nXcCTcqJ3-ATGQ1xZsLhL7X7bZ0r8qG5Zm9MJbdgjn4UV5jE4r3jtD96O-Rkx9_ziCbQPosJAnwPPhewzkKnHHQNU5vX6xvj2RvbT-zfcyW_NB7opWewpc8VgMdYBp32StNWvtaRMA?key=jeKBo430Oo--J2t50BvQ21fw\",\"datePublished\":\"2026-01-14T22:54:13+00:00\",\"breadcrumb\":{\"@id\":\"https:\\\/\\\/masterjcco.eu\\\/index.php\\\/de\\\/kontakt\\\/#breadcrumb\"},\"inLanguage\":\"en-US\",\"potentialAction\":[{\"@type\":\"ReadAction\",\"target\":[\"https:\\\/\\\/masterjcco.eu\\\/index.php\\\/de\\\/kontakt\\\/\"]}]},{\"@type\":\"ImageObject\",\"inLanguage\":\"en-US\",\"@id\":\"https:\\\/\\\/masterjcco.eu\\\/index.php\\\/de\\\/kontakt\\\/#primaryimage\",\"url\":\"https:\\\/\\\/lh7-rt.googleusercontent.com\\\/docsz\\\/AD_4nXcCTcqJ3-ATGQ1xZsLhL7X7bZ0r8qG5Zm9MJbdgjn4UV5jE4r3jtD96O-Rkx9_ziCbQPosJAnwPPhewzkKnHHQNU5vX6xvj2RvbT-zfcyW_NB7opWewpc8VgMdYBp32StNWvtaRMA?key=jeKBo430Oo--J2t50BvQ21fw\",\"contentUrl\":\"https:\\\/\\\/lh7-rt.googleusercontent.com\\\/docsz\\\/AD_4nXcCTcqJ3-ATGQ1xZsLhL7X7bZ0r8qG5Zm9MJbdgjn4UV5jE4r3jtD96O-Rkx9_ziCbQPosJAnwPPhewzkKnHHQNU5vX6xvj2RvbT-zfcyW_NB7opWewpc8VgMdYBp32StNWvtaRMA?key=jeKBo430Oo--J2t50BvQ21fw\"},{\"@type\":\"BreadcrumbList\",\"@id\":\"https:\\\/\\\/masterjcco.eu\\\/index.php\\\/de\\\/kontakt\\\/#breadcrumb\",\"itemListElement\":[{\"@type\":\"ListItem\",\"position\":1,\"name\":\"Accueil\",\"item\":\"https:\\\/\\\/masterjcco.eu\\\/\"},{\"@type\":\"ListItem\",\"position\":2,\"name\":\"Kontakt\"}]},{\"@type\":\"WebSite\",\"@id\":\"https:\\\/\\\/masterjcco.eu\\\/#website\",\"url\":\"https:\\\/\\\/masterjcco.eu\\\/\",\"name\":\"Master Juriste Conformit\u00e9 Compliance Officer\",\"description\":\"\",\"publisher\":{\"@id\":\"https:\\\/\\\/masterjcco.eu\\\/#organization\"},\"potentialAction\":[{\"@type\":\"SearchAction\",\"target\":{\"@type\":\"EntryPoint\",\"urlTemplate\":\"https:\\\/\\\/masterjcco.eu\\\/?s={search_term_string}\"},\"query-input\":{\"@type\":\"PropertyValueSpecification\",\"valueRequired\":true,\"valueName\":\"search_term_string\"}}],\"inLanguage\":\"en-US\"},{\"@type\":\"Organization\",\"@id\":\"https:\\\/\\\/masterjcco.eu\\\/#organization\",\"name\":\"Master Juriste Conformit\u00e9 Compliance Officer\",\"url\":\"https:\\\/\\\/masterjcco.eu\\\/\",\"logo\":{\"@type\":\"ImageObject\",\"inLanguage\":\"en-US\",\"@id\":\"https:\\\/\\\/masterjcco.eu\\\/#\\\/schema\\\/logo\\\/image\\\/\",\"url\":\"https:\\\/\\\/masterjcco.eu\\\/wp-content\\\/uploads\\\/2025\\\/05\\\/cropped-LOGO-PARFAIT.png\",\"contentUrl\":\"https:\\\/\\\/masterjcco.eu\\\/wp-content\\\/uploads\\\/2025\\\/05\\\/cropped-LOGO-PARFAIT.png\",\"width\":409,\"height\":410,\"caption\":\"Master Juriste Conformit\u00e9 Compliance Officer \"},\"image\":{\"@id\":\"https:\\\/\\\/masterjcco.eu\\\/#\\\/schema\\\/logo\\\/image\\\/\"}}]}<\/script>\n<!-- \/ Yoast SEO plugin. -->","yoast_head_json":{"title":"Kontakt - Master Juriste Conformit\u00e9 Compliance Officer","robots":{"index":"index","follow":"follow","max-snippet":"max-snippet:-1","max-image-preview":"max-image-preview:large","max-video-preview":"max-video-preview:-1"},"canonical":"https:\/\/masterjcco.eu\/index.php\/de\/kontakt\/","og_locale":"en_US","og_type":"article","og_title":"Kontakt - Master Juriste Conformit\u00e9 Compliance Officer","og_description":"Kontakt-E-Mail-Adresse : master2.jcco@gmail.com &nbsp; Folgen Sie uns in den sozialen Netzwerken! Unser LinkedIn Unser Instagram &nbsp; Offizielle Website der Fakult\u00e4t f\u00fcr Rechtswissenschaften, Politikwissenschaften und Management der Universit\u00e4t Stra\u00dfburg &nbsp;","og_url":"https:\/\/masterjcco.eu\/index.php\/de\/kontakt\/","og_site_name":"Master Juriste Conformit\u00e9 Compliance Officer","og_image":[{"url":"https:\/\/lh7-rt.googleusercontent.com\/docsz\/AD_4nXcCTcqJ3-ATGQ1xZsLhL7X7bZ0r8qG5Zm9MJbdgjn4UV5jE4r3jtD96O-Rkx9_ziCbQPosJAnwPPhewzkKnHHQNU5vX6xvj2RvbT-zfcyW_NB7opWewpc8VgMdYBp32StNWvtaRMA?key=jeKBo430Oo--J2t50BvQ21fw","type":"","width":"","height":""}],"twitter_card":"summary_large_image","schema":{"@context":"https:\/\/schema.org","@graph":[{"@type":"WebPage","@id":"https:\/\/masterjcco.eu\/index.php\/de\/kontakt\/","url":"https:\/\/masterjcco.eu\/index.php\/de\/kontakt\/","name":"Kontakt - Master Juriste Conformit\u00e9 Compliance Officer","isPartOf":{"@id":"https:\/\/masterjcco.eu\/#website"},"primaryImageOfPage":{"@id":"https:\/\/masterjcco.eu\/index.php\/de\/kontakt\/#primaryimage"},"image":{"@id":"https:\/\/masterjcco.eu\/index.php\/de\/kontakt\/#primaryimage"},"thumbnailUrl":"https:\/\/lh7-rt.googleusercontent.com\/docsz\/AD_4nXcCTcqJ3-ATGQ1xZsLhL7X7bZ0r8qG5Zm9MJbdgjn4UV5jE4r3jtD96O-Rkx9_ziCbQPosJAnwPPhewzkKnHHQNU5vX6xvj2RvbT-zfcyW_NB7opWewpc8VgMdYBp32StNWvtaRMA?key=jeKBo430Oo--J2t50BvQ21fw","datePublished":"2026-01-14T22:54:13+00:00","breadcrumb":{"@id":"https:\/\/masterjcco.eu\/index.php\/de\/kontakt\/#breadcrumb"},"inLanguage":"en-US","potentialAction":[{"@type":"ReadAction","target":["https:\/\/masterjcco.eu\/index.php\/de\/kontakt\/"]}]},{"@type":"ImageObject","inLanguage":"en-US","@id":"https:\/\/masterjcco.eu\/index.php\/de\/kontakt\/#primaryimage","url":"https:\/\/lh7-rt.googleusercontent.com\/docsz\/AD_4nXcCTcqJ3-ATGQ1xZsLhL7X7bZ0r8qG5Zm9MJbdgjn4UV5jE4r3jtD96O-Rkx9_ziCbQPosJAnwPPhewzkKnHHQNU5vX6xvj2RvbT-zfcyW_NB7opWewpc8VgMdYBp32StNWvtaRMA?key=jeKBo430Oo--J2t50BvQ21fw","contentUrl":"https:\/\/lh7-rt.googleusercontent.com\/docsz\/AD_4nXcCTcqJ3-ATGQ1xZsLhL7X7bZ0r8qG5Zm9MJbdgjn4UV5jE4r3jtD96O-Rkx9_ziCbQPosJAnwPPhewzkKnHHQNU5vX6xvj2RvbT-zfcyW_NB7opWewpc8VgMdYBp32StNWvtaRMA?key=jeKBo430Oo--J2t50BvQ21fw"},{"@type":"BreadcrumbList","@id":"https:\/\/masterjcco.eu\/index.php\/de\/kontakt\/#breadcrumb","itemListElement":[{"@type":"ListItem","position":1,"name":"Accueil","item":"https:\/\/masterjcco.eu\/"},{"@type":"ListItem","position":2,"name":"Kontakt"}]},{"@type":"WebSite","@id":"https:\/\/masterjcco.eu\/#website","url":"https:\/\/masterjcco.eu\/","name":"Master Juriste Conformit\u00e9 Compliance Officer","description":"","publisher":{"@id":"https:\/\/masterjcco.eu\/#organization"},"potentialAction":[{"@type":"SearchAction","target":{"@type":"EntryPoint","urlTemplate":"https:\/\/masterjcco.eu\/?s={search_term_string}"},"query-input":{"@type":"PropertyValueSpecification","valueRequired":true,"valueName":"search_term_string"}}],"inLanguage":"en-US"},{"@type":"Organization","@id":"https:\/\/masterjcco.eu\/#organization","name":"Master Juriste Conformit\u00e9 Compliance Officer","url":"https:\/\/masterjcco.eu\/","logo":{"@type":"ImageObject","inLanguage":"en-US","@id":"https:\/\/masterjcco.eu\/#\/schema\/logo\/image\/","url":"https:\/\/masterjcco.eu\/wp-content\/uploads\/2025\/05\/cropped-LOGO-PARFAIT.png","contentUrl":"https:\/\/masterjcco.eu\/wp-content\/uploads\/2025\/05\/cropped-LOGO-PARFAIT.png","width":409,"height":410,"caption":"Master Juriste Conformit\u00e9 Compliance Officer "},"image":{"@id":"https:\/\/masterjcco.eu\/#\/schema\/logo\/image\/"}}]}},"_links":{"self":[{"href":"https:\/\/masterjcco.eu\/index.php\/wp-json\/wp\/v2\/pages\/822","targetHints":{"allow":["GET"]}}],"collection":[{"href":"https:\/\/masterjcco.eu\/index.php\/wp-json\/wp\/v2\/pages"}],"about":[{"href":"https:\/\/masterjcco.eu\/index.php\/wp-json\/wp\/v2\/types\/page"}],"author":[{"embeddable":true,"href":"https:\/\/masterjcco.eu\/index.php\/wp-json\/wp\/v2\/users\/1"}],"replies":[{"embeddable":true,"href":"https:\/\/masterjcco.eu\/index.php\/wp-json\/wp\/v2\/comments?post=822"}],"version-history":[{"count":1,"href":"https:\/\/masterjcco.eu\/index.php\/wp-json\/wp\/v2\/pages\/822\/revisions"}],"predecessor-version":[{"id":823,"href":"https:\/\/masterjcco.eu\/index.php\/wp-json\/wp\/v2\/pages\/822\/revisions\/823"}],"wp:attachment":[{"href":"https:\/\/masterjcco.eu\/index.php\/wp-json\/wp\/v2\/media?parent=822"}],"curies":[{"name":"wp","href":"https:\/\/api.w.org\/{rel}","templated":true}]}}