{"id":830,"date":"2026-01-15T00:00:05","date_gmt":"2026-01-14T23:00:05","guid":{"rendered":"https:\/\/masterjcco.eu\/?page_id=830"},"modified":"2026-01-15T00:00:05","modified_gmt":"2026-01-14T23:00:05","slug":"leistungsnachweise","status":"publish","type":"page","link":"https:\/\/masterjcco.eu\/index.php\/de\/leistungsnachweise\/","title":{"rendered":"Leistungsnachweise"},"content":{"rendered":"\r\n<h3 class=\"wp-block-heading has-text-color has-link-color wp-elements-68a82dc5c21c1ce23349096be790bb12\" style=\"color: #131587;\"><strong>Master 1 (grundst\u00e4ndiges Studium)<\/strong><\/h3>\r\n\r\n\r\n\r\n<p style=\"text-align: justify;\"><span style=\"color: #000000;\">Die Leistungsbewertungen erfolgen in Form von schriftlichen Pr\u00fcfungen, die w\u00e4hrend der Pr\u00fcfungszeitr\u00e4ume stattfinden (Semester 1, Semester 2).<\/span><br \/><span style=\"color: #000000;\">Der Abschluss des Master 1 setzt das unabh\u00e4ngige Bestehen beider Semester voraus: Eine gegenseitige Anrechnung zwischen den Semestern ist nicht zul\u00e4ssig. Bei Nichtbestehen eines Semesters sind Wiederholungspr\u00fcfungen vorgesehen (von Juni bis Juli).<\/span><\/p>\r\n\r\n\r\n\r\n<h3 class=\"wp-block-heading has-text-color has-link-color wp-elements-3025f6bb54f94df561f46fd447698c9a\" style=\"color: #131587;\"><strong>Master 2 (duales Studium \/ Alternanzmodell)<\/strong><\/h3>\r\n\r\n\r\n\r\n<p style=\"text-align: justify;\"><span style=\"color: #000000;\">Das Studienjahr umfasst zwei Semester, die gegenseitig ausgeglichen werden k\u00f6nnen. Jedes Lehrmodul wird durch eine schriftliche Pr\u00fcfung bewertet, die auf praxisnahen Fallstudien und konkreten Anwendungsbeispielen basiert und auf eine berufliche Qualifizierung ausgerichtet ist. Einige Module k\u00f6nnen zus\u00e4tzliche m\u00fcndliche oder schriftliche Leistungen umfassen.<\/span><\/p>\r\n<p><span style=\"color: #000000;\">\r\n\r\n<\/span><\/p>\r\n<p><span style=\"color: #000000;\">Die Pr\u00fcfungen finden w\u00e4hrend der Unterrichtswochen statt und dauern zwischen drei und f\u00fcnf Stunden.<\/span><\/p>\r\n<p><span style=\"color: #000000;\">\r\n\r\n<\/span><\/p>\r\n<p style=\"text-align: justify;\"><span style=\"color: #000000;\">Dar\u00fcber hinaus flie\u00dfen in die Bewertung des zweiten Semesters die Anfertigung einer Masterarbeit sowie eines Praxisberichts zur Alternanz ein, ebenso wie die Durchf\u00fchrung eines Gruppenprojekts. Dieses besteht darin, innerhalb einer Gruppe ein Projekt zu konzipieren und umzusetzen, das der F\u00f6rderung des Masters dient und zugleich F\u00fchrungsqualit\u00e4ten sowie Teamarbeit im Rahmen eines festgelegten Ziels entwickelt.<\/span><\/p>\r\n<p><span style=\"color: #000000;\">\r\n\r\n<\/span><\/p>\r\n<p style=\"text-align: justify;\"><span style=\"color: #000000;\">W\u00e4hrend des gesamten Jahres wirken Professorinnen und Professoren sowie Fachkr\u00e4fte aus dem Bereich Compliance mit, um ihre Kenntnisse und Erfahrungen im Bereich der Compliance zu vermitteln, insbesondere in den Sektoren Bankwesen, Versicherungen, Digitalwirtschaft, Finanzwesen und Wirtschaft.<\/span><\/p>\r\n<p><span style=\"color: #000000;\">\r\n\r\n<\/span><\/p>\r\n<p style=\"text-align: justify;\"><span style=\"color: #000000;\">Weitere Informationen zum Studienprogramm und zu den Modalit\u00e4ten des Masters finden Sie in der beigef\u00fcgten offiziellen Brosch\u00fcre.<\/span><\/p>\r\n\r\n\r\n\r\n<div class=\"wp-block-file\"><a id=\"wp-block-file--media-400da3f1-fb88-47b9-9f36-0e588f5d9fbf\" href=\"http:\/\/localhost:8080\/wp-content\/uploads\/2025\/06\/Resume-du-parcours-JCCO-.pdf\">Zusammenfassung des Studienverlaufs JCCO<\/a><a class=\"wp-block-file__button wp-element-button\" href=\"http:\/\/localhost:8080\/wp-content\/uploads\/2025\/06\/Resume-du-parcours-JCCO-.pdf\" download=\"\" aria-describedby=\"wp-block-file--media-400da3f1-fb88-47b9-9f36-0e588f5d9fbf\">Herunterladen<\/a><\/div>\r\n\r\n","protected":false},"excerpt":{"rendered":"<p>Master 1 (grundst\u00e4ndiges Studium) Die Leistungsbewertungen erfolgen in Form von schriftlichen Pr\u00fcfungen, die w\u00e4hrend der Pr\u00fcfungszeitr\u00e4ume stattfinden (Semester 1, Semester 2).Der Abschluss des Master 1 setzt das unabh\u00e4ngige Bestehen beider Semester voraus: Eine gegenseitige Anrechnung zwischen den Semestern ist nicht zul\u00e4ssig. Bei Nichtbestehen eines Semesters sind Wiederholungspr\u00fcfungen vorgesehen (von Juni bis Juli). Master 2 (duales &hellip; <\/p>\n<p class=\"link-more\"><a href=\"https:\/\/masterjcco.eu\/index.php\/de\/leistungsnachweise\/\" class=\"more-link\">Read more<span class=\"screen-reader-text\"> &#8220;Leistungsnachweise&#8221;<\/span><\/a><\/p>\n","protected":false},"author":1,"featured_media":0,"parent":0,"menu_order":0,"comment_status":"closed","ping_status":"closed","template":"","meta":{"footnotes":""},"class_list":["post-830","page","type-page","status-publish","hentry"],"yoast_head":"<!-- This site is optimized with the Yoast SEO plugin v27.4 - https:\/\/yoast.com\/product\/yoast-seo-wordpress\/ -->\n<title>Leistungsnachweise - Master Juriste Conformit\u00e9 Compliance Officer<\/title>\n<meta name=\"robots\" content=\"index, follow, max-snippet:-1, max-image-preview:large, max-video-preview:-1\" \/>\n<link rel=\"canonical\" href=\"https:\/\/masterjcco.eu\/index.php\/de\/leistungsnachweise\/\" \/>\n<meta property=\"og:locale\" content=\"en_US\" \/>\n<meta property=\"og:type\" content=\"article\" \/>\n<meta property=\"og:title\" content=\"Leistungsnachweise - Master Juriste Conformit\u00e9 Compliance Officer\" \/>\n<meta property=\"og:description\" content=\"Master 1 (grundst\u00e4ndiges Studium) Die Leistungsbewertungen erfolgen in Form von schriftlichen Pr\u00fcfungen, die w\u00e4hrend der Pr\u00fcfungszeitr\u00e4ume stattfinden (Semester 1, Semester 2).Der Abschluss des Master 1 setzt das unabh\u00e4ngige Bestehen beider Semester voraus: Eine gegenseitige Anrechnung zwischen den Semestern ist nicht zul\u00e4ssig. Bei Nichtbestehen eines Semesters sind Wiederholungspr\u00fcfungen vorgesehen (von Juni bis Juli). Master 2 (duales &hellip; Read more &quot;Leistungsnachweise&quot;\" \/>\n<meta property=\"og:url\" content=\"https:\/\/masterjcco.eu\/index.php\/de\/leistungsnachweise\/\" \/>\n<meta property=\"og:site_name\" content=\"Master Juriste Conformit\u00e9 Compliance Officer\" \/>\n<meta name=\"twitter:card\" content=\"summary_large_image\" \/>\n<script type=\"application\/ld+json\" class=\"yoast-schema-graph\">{\"@context\":\"https:\\\/\\\/schema.org\",\"@graph\":[{\"@type\":\"WebPage\",\"@id\":\"https:\\\/\\\/masterjcco.eu\\\/index.php\\\/de\\\/leistungsnachweise\\\/\",\"url\":\"https:\\\/\\\/masterjcco.eu\\\/index.php\\\/de\\\/leistungsnachweise\\\/\",\"name\":\"Leistungsnachweise - Master Juriste Conformit\u00e9 Compliance Officer\",\"isPartOf\":{\"@id\":\"https:\\\/\\\/masterjcco.eu\\\/#website\"},\"datePublished\":\"2026-01-14T23:00:05+00:00\",\"breadcrumb\":{\"@id\":\"https:\\\/\\\/masterjcco.eu\\\/index.php\\\/de\\\/leistungsnachweise\\\/#breadcrumb\"},\"inLanguage\":\"en-US\",\"potentialAction\":[{\"@type\":\"ReadAction\",\"target\":[\"https:\\\/\\\/masterjcco.eu\\\/index.php\\\/de\\\/leistungsnachweise\\\/\"]}]},{\"@type\":\"BreadcrumbList\",\"@id\":\"https:\\\/\\\/masterjcco.eu\\\/index.php\\\/de\\\/leistungsnachweise\\\/#breadcrumb\",\"itemListElement\":[{\"@type\":\"ListItem\",\"position\":1,\"name\":\"Accueil\",\"item\":\"https:\\\/\\\/masterjcco.eu\\\/\"},{\"@type\":\"ListItem\",\"position\":2,\"name\":\"Leistungsnachweise\"}]},{\"@type\":\"WebSite\",\"@id\":\"https:\\\/\\\/masterjcco.eu\\\/#website\",\"url\":\"https:\\\/\\\/masterjcco.eu\\\/\",\"name\":\"Master Juriste Conformit\u00e9 Compliance Officer\",\"description\":\"\",\"publisher\":{\"@id\":\"https:\\\/\\\/masterjcco.eu\\\/#organization\"},\"potentialAction\":[{\"@type\":\"SearchAction\",\"target\":{\"@type\":\"EntryPoint\",\"urlTemplate\":\"https:\\\/\\\/masterjcco.eu\\\/?s={search_term_string}\"},\"query-input\":{\"@type\":\"PropertyValueSpecification\",\"valueRequired\":true,\"valueName\":\"search_term_string\"}}],\"inLanguage\":\"en-US\"},{\"@type\":\"Organization\",\"@id\":\"https:\\\/\\\/masterjcco.eu\\\/#organization\",\"name\":\"Master Juriste Conformit\u00e9 Compliance Officer\",\"url\":\"https:\\\/\\\/masterjcco.eu\\\/\",\"logo\":{\"@type\":\"ImageObject\",\"inLanguage\":\"en-US\",\"@id\":\"https:\\\/\\\/masterjcco.eu\\\/#\\\/schema\\\/logo\\\/image\\\/\",\"url\":\"https:\\\/\\\/masterjcco.eu\\\/wp-content\\\/uploads\\\/2025\\\/05\\\/cropped-LOGO-PARFAIT.png\",\"contentUrl\":\"https:\\\/\\\/masterjcco.eu\\\/wp-content\\\/uploads\\\/2025\\\/05\\\/cropped-LOGO-PARFAIT.png\",\"width\":409,\"height\":410,\"caption\":\"Master Juriste Conformit\u00e9 Compliance Officer \"},\"image\":{\"@id\":\"https:\\\/\\\/masterjcco.eu\\\/#\\\/schema\\\/logo\\\/image\\\/\"}}]}<\/script>\n<!-- \/ Yoast SEO plugin. -->","yoast_head_json":{"title":"Leistungsnachweise - Master Juriste Conformit\u00e9 Compliance Officer","robots":{"index":"index","follow":"follow","max-snippet":"max-snippet:-1","max-image-preview":"max-image-preview:large","max-video-preview":"max-video-preview:-1"},"canonical":"https:\/\/masterjcco.eu\/index.php\/de\/leistungsnachweise\/","og_locale":"en_US","og_type":"article","og_title":"Leistungsnachweise - Master Juriste Conformit\u00e9 Compliance Officer","og_description":"Master 1 (grundst\u00e4ndiges Studium) Die Leistungsbewertungen erfolgen in Form von schriftlichen Pr\u00fcfungen, die w\u00e4hrend der Pr\u00fcfungszeitr\u00e4ume stattfinden (Semester 1, Semester 2).Der Abschluss des Master 1 setzt das unabh\u00e4ngige Bestehen beider Semester voraus: Eine gegenseitige Anrechnung zwischen den Semestern ist nicht zul\u00e4ssig. Bei Nichtbestehen eines Semesters sind Wiederholungspr\u00fcfungen vorgesehen (von Juni bis Juli). Master 2 (duales &hellip; Read more \"Leistungsnachweise\"","og_url":"https:\/\/masterjcco.eu\/index.php\/de\/leistungsnachweise\/","og_site_name":"Master Juriste Conformit\u00e9 Compliance Officer","twitter_card":"summary_large_image","schema":{"@context":"https:\/\/schema.org","@graph":[{"@type":"WebPage","@id":"https:\/\/masterjcco.eu\/index.php\/de\/leistungsnachweise\/","url":"https:\/\/masterjcco.eu\/index.php\/de\/leistungsnachweise\/","name":"Leistungsnachweise - Master Juriste Conformit\u00e9 Compliance Officer","isPartOf":{"@id":"https:\/\/masterjcco.eu\/#website"},"datePublished":"2026-01-14T23:00:05+00:00","breadcrumb":{"@id":"https:\/\/masterjcco.eu\/index.php\/de\/leistungsnachweise\/#breadcrumb"},"inLanguage":"en-US","potentialAction":[{"@type":"ReadAction","target":["https:\/\/masterjcco.eu\/index.php\/de\/leistungsnachweise\/"]}]},{"@type":"BreadcrumbList","@id":"https:\/\/masterjcco.eu\/index.php\/de\/leistungsnachweise\/#breadcrumb","itemListElement":[{"@type":"ListItem","position":1,"name":"Accueil","item":"https:\/\/masterjcco.eu\/"},{"@type":"ListItem","position":2,"name":"Leistungsnachweise"}]},{"@type":"WebSite","@id":"https:\/\/masterjcco.eu\/#website","url":"https:\/\/masterjcco.eu\/","name":"Master Juriste Conformit\u00e9 Compliance Officer","description":"","publisher":{"@id":"https:\/\/masterjcco.eu\/#organization"},"potentialAction":[{"@type":"SearchAction","target":{"@type":"EntryPoint","urlTemplate":"https:\/\/masterjcco.eu\/?s={search_term_string}"},"query-input":{"@type":"PropertyValueSpecification","valueRequired":true,"valueName":"search_term_string"}}],"inLanguage":"en-US"},{"@type":"Organization","@id":"https:\/\/masterjcco.eu\/#organization","name":"Master Juriste Conformit\u00e9 Compliance Officer","url":"https:\/\/masterjcco.eu\/","logo":{"@type":"ImageObject","inLanguage":"en-US","@id":"https:\/\/masterjcco.eu\/#\/schema\/logo\/image\/","url":"https:\/\/masterjcco.eu\/wp-content\/uploads\/2025\/05\/cropped-LOGO-PARFAIT.png","contentUrl":"https:\/\/masterjcco.eu\/wp-content\/uploads\/2025\/05\/cropped-LOGO-PARFAIT.png","width":409,"height":410,"caption":"Master Juriste Conformit\u00e9 Compliance Officer "},"image":{"@id":"https:\/\/masterjcco.eu\/#\/schema\/logo\/image\/"}}]}},"_links":{"self":[{"href":"https:\/\/masterjcco.eu\/index.php\/wp-json\/wp\/v2\/pages\/830","targetHints":{"allow":["GET"]}}],"collection":[{"href":"https:\/\/masterjcco.eu\/index.php\/wp-json\/wp\/v2\/pages"}],"about":[{"href":"https:\/\/masterjcco.eu\/index.php\/wp-json\/wp\/v2\/types\/page"}],"author":[{"embeddable":true,"href":"https:\/\/masterjcco.eu\/index.php\/wp-json\/wp\/v2\/users\/1"}],"replies":[{"embeddable":true,"href":"https:\/\/masterjcco.eu\/index.php\/wp-json\/wp\/v2\/comments?post=830"}],"version-history":[{"count":1,"href":"https:\/\/masterjcco.eu\/index.php\/wp-json\/wp\/v2\/pages\/830\/revisions"}],"predecessor-version":[{"id":831,"href":"https:\/\/masterjcco.eu\/index.php\/wp-json\/wp\/v2\/pages\/830\/revisions\/831"}],"wp:attachment":[{"href":"https:\/\/masterjcco.eu\/index.php\/wp-json\/wp\/v2\/media?parent=830"}],"curies":[{"name":"wp","href":"https:\/\/api.w.org\/{rel}","templated":true}]}}