{"id":834,"date":"2026-01-15T00:01:15","date_gmt":"2026-01-14T23:01:15","guid":{"rendered":"https:\/\/masterjcco.eu\/?page_id=834"},"modified":"2026-01-15T00:01:15","modified_gmt":"2026-01-14T23:01:15","slug":"impressum","status":"publish","type":"page","link":"https:\/\/masterjcco.eu\/index.php\/de\/impressum\/","title":{"rendered":"Impressum"},"content":{"rendered":"\r\n<p style=\"text-align: justify;\">G\u00fcltig ab dem 23. Juni 2025<\/p>\r\n\r\n\r\n\r\n<p style=\"text-align: justify;\"><strong>1. Vorstellung der Website<\/strong><\/p>\r\n\r\n\r\n\r\n<p style=\"text-align: justify;\">Gem\u00e4\u00df Artikel 6 des Gesetzes Nr. 2004-575 vom 21. Juni 2004 \u00fcber das Vertrauen in die digitale Wirtschaft werden die Nutzer der Website masterjcco.eu \u00fcber die Identit\u00e4t der verschiedenen an der Erstellung und Betreuung beteiligten Akteure informiert:<\/p>\r\n\r\n\r\n\r\n<ul class=\"wp-block-list\" style=\"text-align: justify;\">\r\n<li><strong>Website-Betreiber:<\/strong> Master Juriste Conformit\u00e9 \u2013 Compliance Officer (JCCO) \u2013 Universit\u00e4re Ausbildung<\/li>\r\n\r\n\r\n\r\n<li><strong>Sitz:<\/strong> 1 Place d&#8217;Ath\u00e8nes, 67000 Stra\u00dfburg.<\/li>\r\n\r\n\r\n\r\n\r\n\r\n<li><strong>Verantwortlich f\u00fcr die Ver\u00f6ffentlichung:<\/strong> Die Studierenden des Masterstudiengangs JCCO<\/li>\r\n\r\n\r\n\r\n<li><strong>Ersteller der Website:<\/strong> Die Studierenden des Masterstudiengangs JCCO<\/li>\r\n\r\n\r\n\r\n<li><strong>Hosting-Anbieter:<\/strong> WordPress<\/li>\r\n<\/ul>\r\n\r\n\r\n\r\n<p style=\"text-align: justify;\"><strong>2. Allgemeine Nutzungsbedingungen der Website und der angebotenen Dienste<\/strong><\/p>\r\n\r\n\r\n\r\n<p style=\"text-align: justify;\">Die Nutzung der Website masterjcco.eu setzt die uneingeschr\u00e4nkte und vorbehaltlose Anerkennung der nachstehend beschriebenen allgemeinen Nutzungsbedingungen voraus. Diese Nutzungsbedingungen k\u00f6nnen jederzeit ge\u00e4ndert oder erg\u00e4nzt werden. Die Nutzer der Website masterjcco.eu werden daher gebeten, diese regelm\u00e4\u00dfig einzusehen.<\/p>\r\n\r\n\r\n\r\n<p style=\"text-align: justify;\">Diese Website ist grunds\u00e4tzlich jederzeit f\u00fcr die Nutzer zug\u00e4nglich. Eine Unterbrechung aus technischen Wartungsgr\u00fcnden kann jedoch vom Team des Master JCCO beschlossen werden, das sich bem\u00fchen wird, die Nutzer vorab \u00fcber Datum und Uhrzeit des Eingriffs zu informieren.<\/p>\r\n\r\n\r\n\r\n<p style=\"text-align: justify;\">Die Website masterjcco.eu wird regelm\u00e4\u00dfig vom Team des Master JCCO aktualisiert. Ebenso k\u00f6nnen die rechtlichen Hinweise jederzeit ge\u00e4ndert werden. Sie sind dennoch f\u00fcr den Nutzer verbindlich, der aufgefordert wird, sie m\u00f6glichst h\u00e4ufig zur Kenntnis zu nehmen.<\/p>\r\n\r\n\r\n\r\n<p style=\"text-align: justify;\"><strong>3. Beschreibung der bereitgestellten Dienste<\/strong><\/p>\r\n\r\n\r\n\r\n<p style=\"text-align: justify;\">Ziel der Website masterjcco.eu ist es, Informationen \u00fcber den Masterstudiengang Juriste Conformit\u00e9 \u2013 Compliance Officer bereitzustellen, n\u00fctzliche Informationen f\u00fcr zuk\u00fcnftige Studierende zu teilen sowie die Werdeg\u00e4nge und Erfahrungsberichte ehemaliger Studierender und Lehrender hervorzuheben.<\/p>\r\n\r\n\r\n\r\n<p style=\"text-align: justify;\">Das Team des Master JCCO bem\u00fcht sich, auf der Website masterjcco.eu m\u00f6glichst pr\u00e4zise Informationen bereitzustellen. Es kann jedoch nicht f\u00fcr Auslassungen, Ungenauigkeiten oder Aktualisierungsdefizite verantwortlich gemacht werden, unabh\u00e4ngig davon, ob diese von ihm selbst oder von Partnern stammen, die diese Informationen liefern.<\/p>\r\n\r\n\r\n\r\n<p style=\"text-align: justify;\">Alle auf der Website masterjcco.eu angegebenen Informationen dienen lediglich zu Informationszwecken und k\u00f6nnen sich \u00e4ndern. Dar\u00fcber hinaus sind die auf der Website masterjcco.eu enthaltenen Angaben nicht ersch\u00f6pfend und stehen unter dem Vorbehalt von \u00c4nderungen, die seit ihrer Online-Ver\u00f6ffentlichung vorgenommen wurden.<\/p>\r\n\r\n\r\n\r\n<p style=\"text-align: justify;\"><strong>4. Vertragliche Beschr\u00e4nkungen hinsichtlich technischer Daten<\/strong><\/p>\r\n\r\n\r\n\r\n<p style=\"text-align: justify;\">Die Website verwendet JavaScript-Technologie.<\/p>\r\n\r\n\r\n\r\n<p style=\"text-align: justify;\">Die Website kann nicht f\u00fcr Sachsch\u00e4den haftbar gemacht werden, die im Zusammenhang mit der Nutzung der Website entstehen. Dar\u00fcber hinaus verpflichtet sich der Nutzer, die Website mit aktueller, virenfreier Hardware und einem aktuellen, auf dem neuesten Stand befindlichen Browser aufzurufen.<\/p>\r\n\r\n\r\n\r\n<p style=\"text-align: justify;\"><strong>5. Geistiges Eigentum und Urheberrechtsverletzungen<\/strong><\/p>\r\n\r\n\r\n\r\n<p style=\"text-align: justify;\">Das Team des Master JCCO ist Inhaber der geistigen Eigentumsrechte oder verf\u00fcgt \u00fcber die Nutzungsrechte an bestimmten auf der Website zug\u00e4nglichen Elementen, insbesondere an Texten, Grafiken, Logos und Symbolen.<\/p>\r\n\r\n\r\n\r\n<p style=\"text-align: justify;\">Die auf der Website ver\u00f6ffentlichten Fotografien, Videos und Bilder stammen aus frei und \u00f6ffentlich zug\u00e4nglichen Quellen im Internet und in sozialen Netzwerken (insbesondere LinkedIn, Instagram, Universit\u00e4tswebsites oder \u00f6ffentliche Veranstaltungen). Sie wurden zu Illustrationszwecken oder zur Darstellung des Studienalltags des Master JCCO ausgew\u00e4hlt.<\/p>\r\n\r\n\r\n\r\n<p style=\"text-align: justify;\">Sollte eine Person der Ansicht sein, dass ein sie betreffendes Bild nicht auf dieser Website erscheinen sollte, kann sie jederzeit dessen Entfernung per <a href=\"http:\/\/localhost:8080\/index.php\/contact\/\" data-type=\"page\" data-id=\"172\">E-Mail<\/a> verlangen.<\/p>\r\n\r\n\r\n\r\n<p style=\"text-align: justify;\"><strong>6. Haftungsbeschr\u00e4nkung<\/strong><\/p>\r\n\r\n\r\n\r\n<p style=\"text-align: justify;\">Das Team des Master JCCO haftet nicht f\u00fcr direkte oder indirekte Sch\u00e4den, die am Material des Nutzers beim Zugriff auf die Website masterjcco.eu entstehen und entweder auf die Verwendung nicht den unter Punkt 4 genannten Spezifikationen entsprechender Ger\u00e4te oder auf das Auftreten eines Fehlers oder einer Inkompatibilit\u00e4t zur\u00fcckzuf\u00fchren sind.<\/p>\r\n\r\n\r\n\r\n<p style=\"text-align: justify;\">Das Team des Master JCCO haftet ebenfalls nicht f\u00fcr indirekte Sch\u00e4den (z. B. Verlust einer Chance), die aus der Nutzung der Website masterjcco.eu resultieren.<\/p>\r\n\r\n\r\n\r\n<p style=\"text-align: justify;\">Interaktive Bereiche (M\u00f6glichkeit, Fragen \u00fcber den Kontaktbereich zu stellen) stehen den Nutzern zur Verf\u00fcgung. Das Team des Master JCCO beh\u00e4lt sich das Recht vor, ohne vorherige Abmahnung alle Inhalte zu entfernen, die gegen die in Frankreich geltenden gesetzlichen Bestimmungen versto\u00dfen, insbesondere gegen Vorschriften zum Datenschutz. Gegebenenfalls beh\u00e4lt sich das Team des Master JCCO au\u00dferdem vor, die zivil- und\/oder strafrechtliche Verantwortung des Nutzers geltend zu machen, insbesondere bei rassistischen, beleidigenden, verleumderischen oder pornografischen Inhalten, unabh\u00e4ngig vom verwendeten Medium (Text, Foto usw.).<\/p>\r\n\r\n\r\n\r\n<p style=\"text-align: justify;\"><strong>7. Anwendbares Recht und Gerichtsstand<\/strong><\/p>\r\n\r\n\r\n\r\n<p style=\"text-align: justify;\">Alle Streitigkeiten im Zusammenhang mit der Nutzung der Website masterjcco.eu unterliegen franz\u00f6sischem Recht. Ausschlie\u00dflicher Gerichtsstand sind die zust\u00e4ndigen Gerichte in Paris.<\/p>\r\n\r\n\r\n\r\n<p style=\"text-align: justify;\"><strong>8. Wichtige einschl\u00e4gige Gesetze<\/strong><\/p>\r\n\r\n\r\n\r\n<ul class=\"wp-block-list\" style=\"text-align: justify;\">\r\n<li>Gesetz Nr. 78-17 vom 6. Januar 1978, insbesondere ge\u00e4ndert durch Gesetz Nr. 2004-801<sup>1<\/sup> vom 6. August 2004 \u00fcber Informatik, Dateien und Freiheiten.<\/li>\r\n\r\n\r\n\r\n<li>Gesetz Nr. 2004-575 vom 21. Juni 2004 \u00fcber das Vertrauen in die digitale Wirtschaft.<\/li>\r\n\r\n\r\n\r\n<li>Verordnung (EU) 2016\/679 des Europ\u00e4ischen Parlaments und des Rates vom 27. April 2016 zum Schutz nat\u00fcrlicher Personen bei der Verarbeitung personenbezogener Daten und zum freien Datenverkehr (DSGVO).<\/li>\r\n<\/ul>\r\n\r\n\r\n\r\n<p style=\"text-align: justify;\"><strong>11. Glossar<\/strong><\/p>\r\n\r\n\r\n\r\n<ul class=\"wp-block-list\">\r\n<li style=\"text-align: justify;\"><strong>Nutzer:<\/strong> Internetnutzer, der sich mit der oben genannten Website verbindet und diese nutzt.<\/li>\r\n\r\n\r\n<\/ul>\r\n\r\n","protected":false},"excerpt":{"rendered":"<p>G\u00fcltig ab dem 23. Juni 2025 1. Vorstellung der Website Gem\u00e4\u00df Artikel 6 des Gesetzes Nr. 2004-575 vom 21. Juni 2004 \u00fcber das Vertrauen in die digitale Wirtschaft werden die Nutzer der Website masterjcco.eu \u00fcber die Identit\u00e4t der verschiedenen an der Erstellung und Betreuung beteiligten Akteure informiert: 2. Allgemeine Nutzungsbedingungen der Website und der angebotenen &hellip; <\/p>\n<p class=\"link-more\"><a href=\"https:\/\/masterjcco.eu\/index.php\/de\/impressum\/\" class=\"more-link\">Read more<span class=\"screen-reader-text\"> &#8220;Impressum&#8221;<\/span><\/a><\/p>\n","protected":false},"author":1,"featured_media":0,"parent":0,"menu_order":0,"comment_status":"closed","ping_status":"closed","template":"","meta":{"footnotes":""},"class_list":["post-834","page","type-page","status-publish","hentry"],"yoast_head":"<!-- This site is optimized with the Yoast SEO plugin v27.4 - https:\/\/yoast.com\/product\/yoast-seo-wordpress\/ -->\n<title>Impressum - Master Juriste Conformit\u00e9 Compliance Officer<\/title>\n<meta name=\"robots\" content=\"index, follow, max-snippet:-1, max-image-preview:large, max-video-preview:-1\" \/>\n<link rel=\"canonical\" href=\"https:\/\/masterjcco.eu\/index.php\/de\/impressum\/\" \/>\n<meta property=\"og:locale\" content=\"en_US\" \/>\n<meta property=\"og:type\" content=\"article\" \/>\n<meta property=\"og:title\" content=\"Impressum - Master Juriste Conformit\u00e9 Compliance Officer\" \/>\n<meta property=\"og:description\" content=\"G\u00fcltig ab dem 23. Juni 2025 1. Vorstellung der Website Gem\u00e4\u00df Artikel 6 des Gesetzes Nr. 2004-575 vom 21. Juni 2004 \u00fcber das Vertrauen in die digitale Wirtschaft werden die Nutzer der Website masterjcco.eu \u00fcber die Identit\u00e4t der verschiedenen an der Erstellung und Betreuung beteiligten Akteure informiert: 2. Allgemeine Nutzungsbedingungen der Website und der angebotenen &hellip; Read more &quot;Impressum&quot;\" \/>\n<meta property=\"og:url\" content=\"https:\/\/masterjcco.eu\/index.php\/de\/impressum\/\" \/>\n<meta property=\"og:site_name\" content=\"Master Juriste Conformit\u00e9 Compliance Officer\" \/>\n<meta name=\"twitter:card\" content=\"summary_large_image\" \/>\n<script type=\"application\/ld+json\" class=\"yoast-schema-graph\">{\"@context\":\"https:\\\/\\\/schema.org\",\"@graph\":[{\"@type\":\"WebPage\",\"@id\":\"https:\\\/\\\/masterjcco.eu\\\/index.php\\\/de\\\/impressum\\\/\",\"url\":\"https:\\\/\\\/masterjcco.eu\\\/index.php\\\/de\\\/impressum\\\/\",\"name\":\"Impressum - Master Juriste Conformit\u00e9 Compliance Officer\",\"isPartOf\":{\"@id\":\"https:\\\/\\\/masterjcco.eu\\\/#website\"},\"datePublished\":\"2026-01-14T23:01:15+00:00\",\"breadcrumb\":{\"@id\":\"https:\\\/\\\/masterjcco.eu\\\/index.php\\\/de\\\/impressum\\\/#breadcrumb\"},\"inLanguage\":\"en-US\",\"potentialAction\":[{\"@type\":\"ReadAction\",\"target\":[\"https:\\\/\\\/masterjcco.eu\\\/index.php\\\/de\\\/impressum\\\/\"]}]},{\"@type\":\"BreadcrumbList\",\"@id\":\"https:\\\/\\\/masterjcco.eu\\\/index.php\\\/de\\\/impressum\\\/#breadcrumb\",\"itemListElement\":[{\"@type\":\"ListItem\",\"position\":1,\"name\":\"Accueil\",\"item\":\"https:\\\/\\\/masterjcco.eu\\\/\"},{\"@type\":\"ListItem\",\"position\":2,\"name\":\"Impressum\"}]},{\"@type\":\"WebSite\",\"@id\":\"https:\\\/\\\/masterjcco.eu\\\/#website\",\"url\":\"https:\\\/\\\/masterjcco.eu\\\/\",\"name\":\"Master Juriste Conformit\u00e9 Compliance Officer\",\"description\":\"\",\"publisher\":{\"@id\":\"https:\\\/\\\/masterjcco.eu\\\/#organization\"},\"potentialAction\":[{\"@type\":\"SearchAction\",\"target\":{\"@type\":\"EntryPoint\",\"urlTemplate\":\"https:\\\/\\\/masterjcco.eu\\\/?s={search_term_string}\"},\"query-input\":{\"@type\":\"PropertyValueSpecification\",\"valueRequired\":true,\"valueName\":\"search_term_string\"}}],\"inLanguage\":\"en-US\"},{\"@type\":\"Organization\",\"@id\":\"https:\\\/\\\/masterjcco.eu\\\/#organization\",\"name\":\"Master Juriste Conformit\u00e9 Compliance Officer\",\"url\":\"https:\\\/\\\/masterjcco.eu\\\/\",\"logo\":{\"@type\":\"ImageObject\",\"inLanguage\":\"en-US\",\"@id\":\"https:\\\/\\\/masterjcco.eu\\\/#\\\/schema\\\/logo\\\/image\\\/\",\"url\":\"https:\\\/\\\/masterjcco.eu\\\/wp-content\\\/uploads\\\/2025\\\/05\\\/cropped-LOGO-PARFAIT.png\",\"contentUrl\":\"https:\\\/\\\/masterjcco.eu\\\/wp-content\\\/uploads\\\/2025\\\/05\\\/cropped-LOGO-PARFAIT.png\",\"width\":409,\"height\":410,\"caption\":\"Master Juriste Conformit\u00e9 Compliance Officer \"},\"image\":{\"@id\":\"https:\\\/\\\/masterjcco.eu\\\/#\\\/schema\\\/logo\\\/image\\\/\"}}]}<\/script>\n<!-- \/ Yoast SEO plugin. -->","yoast_head_json":{"title":"Impressum - Master Juriste Conformit\u00e9 Compliance Officer","robots":{"index":"index","follow":"follow","max-snippet":"max-snippet:-1","max-image-preview":"max-image-preview:large","max-video-preview":"max-video-preview:-1"},"canonical":"https:\/\/masterjcco.eu\/index.php\/de\/impressum\/","og_locale":"en_US","og_type":"article","og_title":"Impressum - Master Juriste Conformit\u00e9 Compliance Officer","og_description":"G\u00fcltig ab dem 23. Juni 2025 1. Vorstellung der Website Gem\u00e4\u00df Artikel 6 des Gesetzes Nr. 2004-575 vom 21. Juni 2004 \u00fcber das Vertrauen in die digitale Wirtschaft werden die Nutzer der Website masterjcco.eu \u00fcber die Identit\u00e4t der verschiedenen an der Erstellung und Betreuung beteiligten Akteure informiert: 2. Allgemeine Nutzungsbedingungen der Website und der angebotenen &hellip; Read more \"Impressum\"","og_url":"https:\/\/masterjcco.eu\/index.php\/de\/impressum\/","og_site_name":"Master Juriste Conformit\u00e9 Compliance Officer","twitter_card":"summary_large_image","schema":{"@context":"https:\/\/schema.org","@graph":[{"@type":"WebPage","@id":"https:\/\/masterjcco.eu\/index.php\/de\/impressum\/","url":"https:\/\/masterjcco.eu\/index.php\/de\/impressum\/","name":"Impressum - Master Juriste Conformit\u00e9 Compliance Officer","isPartOf":{"@id":"https:\/\/masterjcco.eu\/#website"},"datePublished":"2026-01-14T23:01:15+00:00","breadcrumb":{"@id":"https:\/\/masterjcco.eu\/index.php\/de\/impressum\/#breadcrumb"},"inLanguage":"en-US","potentialAction":[{"@type":"ReadAction","target":["https:\/\/masterjcco.eu\/index.php\/de\/impressum\/"]}]},{"@type":"BreadcrumbList","@id":"https:\/\/masterjcco.eu\/index.php\/de\/impressum\/#breadcrumb","itemListElement":[{"@type":"ListItem","position":1,"name":"Accueil","item":"https:\/\/masterjcco.eu\/"},{"@type":"ListItem","position":2,"name":"Impressum"}]},{"@type":"WebSite","@id":"https:\/\/masterjcco.eu\/#website","url":"https:\/\/masterjcco.eu\/","name":"Master Juriste Conformit\u00e9 Compliance Officer","description":"","publisher":{"@id":"https:\/\/masterjcco.eu\/#organization"},"potentialAction":[{"@type":"SearchAction","target":{"@type":"EntryPoint","urlTemplate":"https:\/\/masterjcco.eu\/?s={search_term_string}"},"query-input":{"@type":"PropertyValueSpecification","valueRequired":true,"valueName":"search_term_string"}}],"inLanguage":"en-US"},{"@type":"Organization","@id":"https:\/\/masterjcco.eu\/#organization","name":"Master Juriste Conformit\u00e9 Compliance Officer","url":"https:\/\/masterjcco.eu\/","logo":{"@type":"ImageObject","inLanguage":"en-US","@id":"https:\/\/masterjcco.eu\/#\/schema\/logo\/image\/","url":"https:\/\/masterjcco.eu\/wp-content\/uploads\/2025\/05\/cropped-LOGO-PARFAIT.png","contentUrl":"https:\/\/masterjcco.eu\/wp-content\/uploads\/2025\/05\/cropped-LOGO-PARFAIT.png","width":409,"height":410,"caption":"Master Juriste Conformit\u00e9 Compliance Officer "},"image":{"@id":"https:\/\/masterjcco.eu\/#\/schema\/logo\/image\/"}}]}},"_links":{"self":[{"href":"https:\/\/masterjcco.eu\/index.php\/wp-json\/wp\/v2\/pages\/834","targetHints":{"allow":["GET"]}}],"collection":[{"href":"https:\/\/masterjcco.eu\/index.php\/wp-json\/wp\/v2\/pages"}],"about":[{"href":"https:\/\/masterjcco.eu\/index.php\/wp-json\/wp\/v2\/types\/page"}],"author":[{"embeddable":true,"href":"https:\/\/masterjcco.eu\/index.php\/wp-json\/wp\/v2\/users\/1"}],"replies":[{"embeddable":true,"href":"https:\/\/masterjcco.eu\/index.php\/wp-json\/wp\/v2\/comments?post=834"}],"version-history":[{"count":1,"href":"https:\/\/masterjcco.eu\/index.php\/wp-json\/wp\/v2\/pages\/834\/revisions"}],"predecessor-version":[{"id":835,"href":"https:\/\/masterjcco.eu\/index.php\/wp-json\/wp\/v2\/pages\/834\/revisions\/835"}],"wp:attachment":[{"href":"https:\/\/masterjcco.eu\/index.php\/wp-json\/wp\/v2\/media?parent=834"}],"curies":[{"name":"wp","href":"https:\/\/api.w.org\/{rel}","templated":true}]}}