{"id":838,"date":"2026-01-15T00:02:33","date_gmt":"2026-01-14T23:02:33","guid":{"rendered":"https:\/\/masterjcco.eu\/?page_id=838"},"modified":"2026-01-15T00:02:33","modified_gmt":"2026-01-14T23:02:33","slug":"datenschutzerklaerung","status":"publish","type":"page","link":"https:\/\/masterjcco.eu\/index.php\/de\/datenschutzerklaerung\/","title":{"rendered":"Datenschutzerkl\u00e4rung"},"content":{"rendered":"\r\n<p style=\"text-align: justify;\"><strong>Datenschutzerkl\u00e4rung der Website des Master Juriste Conformit\u00e9 \u2013 Compliance Officer<\/strong><\/p>\r\n\r\n\r\n\r\n<p>Willkommen auf der Website des Master Juriste Conformit\u00e9 \u2013 Compliance Officer (die \u201eWebsite\u201c). Wir sind uns der Bedeutung des Schutzes der Privatsph\u00e4re im Internet f\u00fcr die Nutzer unserer Website bewusst, insbesondere wenn sie mit unseren Inhalten und Dienstleistungen interagieren. Diese Datenschutzerkl\u00e4rung beschreibt unsere Praktiken zum Schutz personenbezogener Daten.<\/p>\r\n\r\n\r\n\r\n<p>Wir verpflichten uns, Ihre Privatsph\u00e4re zu respektieren und Ihre personenbezogenen Daten gem\u00e4\u00df den geltenden Vorschriften, insbesondere der Datenschutz-Grundverordnung (DSGVO), zu sch\u00fctzen.<\/p>\r\n\r\n\r\n\r\n<p><strong>1. Definition personenbezogener Daten<\/strong><\/p>\r\n\r\n\r\n\r\n<p>\u201ePersonenbezogene Daten\u201c bezeichnen alle Informationen, die eine Person identifizieren oder zur Identifizierung, Kontaktaufnahme oder Lokalisierung einer Person verwendet werden k\u00f6nnen. Dazu geh\u00f6ren insbesondere, aber nicht ausschlie\u00dflich, Ihr Name, Ihre E-Mail-Adresse, Informationen aus Ihren Social-Media-Profilen sowie Fotografien.<\/p>\r\n\r\n\r\n\r\n<p><strong>2. Welche Kategorien betroffener Personen sind betroffen?<\/strong><\/p>\r\n\r\n\r\n\r\n<p>Die Website kann personenbezogene Daten der folgenden Kategorien betroffener Personen enthalten:<\/p>\r\n\r\n\r\n\r\n<ul class=\"wp-block-list\">\r\n<li><strong>Studierende des Master 2 JCCO<\/strong>, aus aktuellen oder fr\u00fcheren Jahrg\u00e4ngen: Vorname, Nachname, Einzel- oder Gruppenfotos, die im p\u00e4dagogischen oder institutionellen Rahmen ver\u00f6ffentlicht werden.<\/li>\r\n\r\n\r\n\r\n<li><strong>Lehrende des Masters<\/strong>: Name, Funktion, professionelles Foto.<\/li>\r\n\r\n\r\n\r\n<li><strong>Leitung des Masters<\/strong>, insbesondere die Direktorin (im Jahr 2025): Name, Funktion, auf der Website sichtbares Vorstellungsvideo.<\/li>\r\n<\/ul>\r\n\r\n\r\n\r\n<p>Diese Daten werden ausschlie\u00dflich im Rahmen der allgemeinen Darstellung des Masterstudiengangs sowie seiner akademischen und beruflichen Gemeinschaft verwendet.<\/p>\r\n\r\n\r\n\r\n<p><strong>3. Welche personenbezogenen Daten werden erhoben?<\/strong><\/p>\r\n\r\n\r\n\r\n<p>Wir erheben Informationen \u00fcber die auf der Website genannten Personen (Lehrende, Alumni). Diese Informationen umfassen deren Namen, Social-Media-Profilinformationen (sofern geteilt) sowie Fotografien. Dar\u00fcber hinaus erheben wir schriftliche Erfahrungsberichte, die je nach Wahl und ausdr\u00fccklicher Einwilligung der betroffenen Person anonym oder namentlich ver\u00f6ffentlicht werden k\u00f6nnen.<\/p>\r\n\r\n\r\n\r\n<p><span style=\"text-decoration: underline;\"><strong>Es werden keine personenbezogenen Daten von Besuchern der Website verarbeitet.<\/strong><\/span><\/p>\r\n\r\n\r\n\r\n<p style=\"text-align: justify;\"><strong>4. Wer erhebt die Informationen?<\/strong><\/p>\r\n\r\n\r\n\r\n<p style=\"text-align: justify;\">Der Master Juriste Conformit\u00e9 \u2013 Compliance Officer handelt als <strong>Verantwortlicher<\/strong> im Sinne der DSGVO. In dieser Eigenschaft bestimmen wir die Zwecke und Mittel der Verarbeitung personenbezogener Daten auf der Website.<\/p>\r\n<p style=\"text-align: justify;\">Ein Teil der Daten wurde aus \u00f6ffentlich frei zug\u00e4nglichen Quellen (soziale Netzwerke, institutionelle Websites, Berufsverzeichnisse, Open Data) \u00fcbernommen. Diese Wiederverwendung beruht auf unserem <strong>berechtigten Interesse<\/strong> (Artikel 6 Absatz 1 Buchstabe f DSGVO), das darin besteht, die beruflichen Werdeg\u00e4nge ehemaliger Studierender darzustellen und aufzuwerten, um zuk\u00fcnftige Bewerber f\u00fcr den Master zu informieren und zu inspirieren. (Zweck 1).<\/p>\r\n\r\n\r\n\r\n<p style=\"text-align: justify;\">Dieses Interesse ist im Hinblick auf den verfolgten Zweck legitim, und die Rechte und Freiheiten der betroffenen Personen werden nicht unverh\u00e4ltnism\u00e4\u00dfig beeintr\u00e4chtigt, da:<\/p>\r\n\r\n\r\n\r\n<ul class=\"wp-block-list\" style=\"text-align: justify;\">\r\n<li>die ver\u00f6ffentlichten Daten strikt auf das Erforderliche beschr\u00e4nkt sind;<\/li>\r\n\r\n\r\n\r\n<li>die Quellen \u00f6ffentlich oder ohne Einschr\u00e4nkung zug\u00e4nglich sind;<\/li>\r\n\r\n\r\n\r\n<li>die betroffenen Personen \u00fcber diese Datenschutzerkl\u00e4rung informiert werden und ihre Rechte jederzeit aus\u00fcben k\u00f6nnen.<\/li>\r\n<\/ul>\r\n\r\n\r\n\r\n<p style=\"text-align: justify;\">Dar\u00fcber hinaus wurden Namen und Fotografien der Lehrenden, die nicht im Internet verf\u00fcgbar waren und auf der Website erscheinen, mit deren ausdr\u00fccklicher Einwilligung erhoben, um das Lehrteam des Master JCCO vorzustellen. (Zweck 2)<\/p>\r\n\r\n\r\n\r\n<p style=\"text-align: justify;\">Wir achten auf die Einhaltung der Grunds\u00e4tze der Verh\u00e4ltnism\u00e4\u00dfigkeit, der Datenminimierung und der Transparenz.<\/p>\r\n\r\n\r\n\r\n<p style=\"text-align: justify;\">Unsere Drittanbieter, wie Webhosting-Dienste oder Anbieter von Analyse-Tools, k\u00f6nnen gem\u00e4\u00df ihren eigenen Datenschutzerkl\u00e4rungen bestimmte technische oder nutzungsbezogene Daten erheben. Wir stellen sicher, dass diese Dritten ausreichende Garantien hinsichtlich geeigneter technischer und organisatorischer Ma\u00dfnahmen bieten.<\/p>\r\n\r\n\r\n\r\n<p style=\"text-align: justify;\"><strong>5. Mit wem k\u00f6nnen die Informationen geteilt werden?<\/strong><\/p>\r\n\r\n\r\n\r\n<p style=\"text-align: justify;\">Personenbezogene Daten der auf der Website genannten Personen k\u00f6nnen mit den Besuchern der Website geteilt werden, sofern sie mit Einwilligung der betroffenen Personen \u00f6ffentlich auf der Website ver\u00f6ffentlicht wurden. Diese Weitergabe dient der Information und F\u00f6rderung des Master JCCO.<\/p>\r\n\r\n\r\n\r\n<p style=\"text-align: justify;\">Wir verkaufen oder vermieten keine personenbezogenen Daten zu Marketingzwecken an Dritte. Eine Weitergabe an Beh\u00f6rden kann erfolgen, sofern dies gesetzlich vorgeschrieben ist oder dem Schutz unserer Rechte dient.<\/p>\r\n\r\n\r\n\r\n<p style=\"text-align: justify;\"><strong>6. Wie werden personenbezogene Daten verwaltet?<\/strong><\/p>\r\n\r\n\r\n\r\n<p style=\"text-align: justify;\">Wir speichern die erhobenen personenbezogenen Daten nicht direkt. Diese Daten werden \u00fcber die bestehenden Online-Kan\u00e4le verwaltet, \u00fcber die sie erhoben wurden, oder \u00fcber fr\u00fchere direkte Erhebungen bei den betroffenen Personen.<\/p>\r\n\r\n\r\n\r\n<p style=\"text-align: justify;\"><strong>7. Welche Wahlm\u00f6glichkeiten haben betroffene Personen hinsichtlich der Ver\u00f6ffentlichung ihrer Daten?<\/strong><\/p>\r\n\r\n\r\n\r\n<p style=\"text-align: justify;\">Die auf der Website genannten Personen k\u00f6nnen uns unter der daf\u00fcr vorgesehenen E-Mail-Adresse master2.jcco@gmail.com kontaktieren, wenn sie Fragen zur Ver\u00f6ffentlichung ihrer Daten haben. Dar\u00fcber hinaus stehen ihnen die nachfolgend aufgef\u00fchrten Rechte zu.<\/p>\r\n\r\n\r\n\r\n<p style=\"text-align: justify;\"><strong>8. Verwendung von Cookies auf der Website<\/strong><\/p>\r\n\r\n\r\n\r\n<p style=\"text-align: justify;\">Ein Cookie ist eine Zeichenfolge, die eine Website auf dem Computer eines Besuchers speichert und die der Browser des Besuchers der Website bei jedem Besuch zur Verf\u00fcgung stellt.<\/p>\r\n\r\n\r\n\r\n<p style=\"text-align: justify;\">Wir verwenden Cookies, um Informationen zu sammeln und Ihre Nutzererfahrung auf unserer Website zu verbessern. Cookies werden aus verschiedenen Gr\u00fcnden eingesetzt, unter anderem zur Erfassung von Informationen \u00fcber die Pr\u00e4ferenzen unserer Besucher.<\/p>\r\n\r\n\r\n\r\n<p style=\"text-align: justify;\">Beim ersten Besuch der Website wird ein Cookie-Banner angezeigt, das Sie \u00fcber unsere Cookie-Richtlinie informiert und Ihnen die M\u00f6glichkeit gibt, Ihre Einstellungen zu verwalten. Sie k\u00f6nnen Ihren Browser so konfigurieren, dass er alle Cookies ablehnt oder Sie informiert, wenn ein Cookie gesendet wird. Bitte beachten Sie jedoch, dass einige Funktionen der Website ohne Cookies m\u00f6glicherweise nicht ordnungsgem\u00e4\u00df funktionieren.<\/p>\r\n\r\n\r\n\r\n<p style=\"text-align: justify;\"> <\/p>\r\n\r\n\r\n\r\n<p style=\"text-align: justify;\"><strong>9. Wie k\u00f6nnen betroffene Personen unrichtige personenbezogene Daten berichtigen?<\/strong><\/p>\r\n\r\n\r\n\r\n<p style=\"text-align: justify;\">Die auf der Website genannten Personen k\u00f6nnen uns unter master2.jcco@gmail.com kontaktieren, um ihre personenbezogenen Daten zu aktualisieren oder zu berichtigen. Wir verpflichten uns, diese Anfragen so schnell wie m\u00f6glich zu bearbeiten.<\/p>\r\n\r\n\r\n\r\n<p style=\"text-align: justify;\"><strong>10. Kann eine betroffene Person die Entfernung ihrer personenbezogenen Daten von der Website verlangen?<\/strong><\/p>\r\n\r\n\r\n\r\n<p style=\"text-align: justify;\">Wir bieten den auf der Website genannten Personen die M\u00f6glichkeit, die Entfernung ihrer personenbezogenen Daten von der Website zu beantragen. Bitte kontaktieren Sie uns hierzu unter master2.jcco@gmail.com. Wir werden Ihre Anfrage gem\u00e4\u00df unseren gesetzlichen Verpflichtungen bearbeiten.<\/p>\r\n\r\n\r\n\r\n<p style=\"text-align: justify;\"><strong>11. Ihre Rechte nach dem Datenschutzrecht (DSGVO)<\/strong><\/p>\r\n\r\n\r\n\r\n<p style=\"text-align: justify;\">Als betroffene Person stehen Ihnen folgende Rechte in Bezug auf Ihre personenbezogenen Daten zu:<\/p>\r\n\r\n\r\n\r\n<ul class=\"wp-block-list\" style=\"text-align: justify;\">\r\n<li style=\"text-align: justify;\"><strong>Recht auf Auskunft<\/strong>: Best\u00e4tigung zu erhalten, ob Ihre Daten verarbeitet werden, und eine Kopie dieser Daten zu erhalten.<\/li>\r\n\r\n\r\n\r\n<li style=\"text-align: justify;\"><strong>Recht auf Berichtigung<\/strong>: die Berichtigung unrichtiger oder unvollst\u00e4ndiger Daten zu verlangen.<\/li>\r\n\r\n\r\n\r\n<li style=\"text-align: justify;\"><strong>Recht auf L\u00f6schung (\u201eRecht auf Vergessenwerden\u201c)<\/strong>: unter bestimmten Voraussetzungen die L\u00f6schung Ihrer Daten zu verlangen.<\/li>\r\n\r\n\r\n\r\n<li style=\"text-align: justify;\"><strong>Recht auf Einschr\u00e4nkung der Verarbeitung<\/strong>: die Einschr\u00e4nkung der Verarbeitung Ihrer Daten zu verlangen.<\/li>\r\n\r\n\r\n\r\n<li style=\"text-align: justify;\"><strong>Widerspruchsrecht<\/strong>: aus berechtigten Gr\u00fcnden der Verarbeitung Ihrer Daten zu widersprechen.<\/li>\r\n\r\n\r\n\r\n<li style=\"text-align: justify;\"><strong>Recht auf Daten\u00fcbertragbarkeit<\/strong>: die Sie betreffenden Daten in einem strukturierten, g\u00e4ngigen und maschinenlesbaren Format zu erhalten und diese an einen anderen Verantwortlichen zu \u00fcbermitteln.<\/li>\r\n\r\n\r\n\r\n<li style=\"text-align: justify;\"><strong>Recht auf Beschwerde bei einer Aufsichtsbeh\u00f6rde<\/strong>: wenn Sie der Ansicht sind, dass Ihre Rechte verletzt wurden, k\u00f6nnen Sie Beschwerde bei der zust\u00e4ndigen Datenschutzaufsichtsbeh\u00f6rde einlegen (in Frankreich: CNIL).<\/li>\r\n\r\n\r\n\r\n<li style=\"text-align: justify;\"><strong>Recht auf Widerruf der Einwilligung<\/strong>: jederzeit f\u00fcr auf Einwilligung beruhende Verarbeitungen, ohne die Rechtm\u00e4\u00dfigkeit der Verarbeitung vor dem Widerruf zu ber\u00fchren.<\/li>\r\n<\/ul>\r\n\r\n\r\n\r\n<p style=\"text-align: justify;\">Zur Aus\u00fcbung dieser Rechte kontaktieren Sie uns bitte unter master2.jcco@gmail.com.<\/p>\r\n\r\n\r\n\r\n<p style=\"text-align: justify;\"><strong>12. Gesetzliche Verpflichtungen<\/strong><\/p>\r\n\r\n\r\n\r\n<p style=\"text-align: justify;\">Wir k\u00f6nnen personenbezogene Daten offenlegen, um gesetzlichen Verpflichtungen, gerichtlichen Anordnungen oder Anforderungen von Aufsichtsbeh\u00f6rden nachzukommen oder um unsere Rechte zu sch\u00fctzen.<\/p>\r\n\r\n\r\n\r\n<p style=\"text-align: justify;\"><strong>13. \u00c4nderungen der Datenschutzerkl\u00e4rung<\/strong><\/p>\r\n\r\n\r\n\r\n<p style=\"text-align: justify;\">\u00c4nderungen dieser Datenschutzerkl\u00e4rung werden durch Ver\u00f6ffentlichung auf dieser Seite bekannt gegeben. Die \u00c4nderungen treten unmittelbar nach ihrer Ver\u00f6ffentlichung in Kraft. Es liegt in Ihrer Verantwortung, diese Erkl\u00e4rung regelm\u00e4\u00dfig zu \u00fcberpr\u00fcfen.<\/p>\r\n\r\n\r\n\r\n<p style=\"text-align: justify;\"><strong>14. Links zu anderen Websites<\/strong><\/p>\r\n\r\n\r\n\r\n<p style=\"text-align: justify;\">Die Website enth\u00e4lt Links zu anderen Websites. Wir sind nicht f\u00fcr die Datenschutzpraktiken dieser anderen Websites verantwortlich. Wir empfehlen unseren Nutzern, die Datenschutzerkl\u00e4rungen jeder Website zu lesen, die personenbezogene Daten erhebt.<\/p>\r\n\r\n\r\n\r\n<p style=\"text-align: justify;\"><strong>15. Kontakt<\/strong><\/p>\r\n\r\n\r\n\r\n<p style=\"text-align: justify;\">Wenn Sie Fragen zu dieser Datenschutzerkl\u00e4rung haben, kontaktieren Sie uns bitte unter master2.jcco@gmail.com.<\/p>\r\n\r\n","protected":false},"excerpt":{"rendered":"<p>Datenschutzerkl\u00e4rung der Website des Master Juriste Conformit\u00e9 \u2013 Compliance Officer Willkommen auf der Website des Master Juriste Conformit\u00e9 \u2013 Compliance Officer (die \u201eWebsite\u201c). Wir sind uns der Bedeutung des Schutzes der Privatsph\u00e4re im Internet f\u00fcr die Nutzer unserer Website bewusst, insbesondere wenn sie mit unseren Inhalten und Dienstleistungen interagieren. Diese Datenschutzerkl\u00e4rung beschreibt unsere Praktiken zum &hellip; <\/p>\n<p class=\"link-more\"><a href=\"https:\/\/masterjcco.eu\/index.php\/de\/datenschutzerklaerung\/\" class=\"more-link\">Read more<span class=\"screen-reader-text\"> &#8220;Datenschutzerkl\u00e4rung&#8221;<\/span><\/a><\/p>\n","protected":false},"author":1,"featured_media":0,"parent":0,"menu_order":0,"comment_status":"closed","ping_status":"closed","template":"","meta":{"footnotes":""},"class_list":["post-838","page","type-page","status-publish","hentry"],"yoast_head":"<!-- This site is optimized with the Yoast SEO plugin v27.4 - https:\/\/yoast.com\/product\/yoast-seo-wordpress\/ -->\n<title>Datenschutzerkl\u00e4rung - Master Juriste Conformit\u00e9 Compliance Officer<\/title>\n<meta name=\"robots\" content=\"index, follow, max-snippet:-1, max-image-preview:large, max-video-preview:-1\" \/>\n<link rel=\"canonical\" href=\"https:\/\/masterjcco.eu\/index.php\/de\/datenschutzerklaerung\/\" \/>\n<meta property=\"og:locale\" content=\"en_US\" \/>\n<meta property=\"og:type\" content=\"article\" \/>\n<meta property=\"og:title\" content=\"Datenschutzerkl\u00e4rung - Master Juriste Conformit\u00e9 Compliance Officer\" \/>\n<meta property=\"og:description\" content=\"Datenschutzerkl\u00e4rung der Website des Master Juriste Conformit\u00e9 \u2013 Compliance Officer Willkommen auf der Website des Master Juriste Conformit\u00e9 \u2013 Compliance Officer (die \u201eWebsite\u201c). Wir sind uns der Bedeutung des Schutzes der Privatsph\u00e4re im Internet f\u00fcr die Nutzer unserer Website bewusst, insbesondere wenn sie mit unseren Inhalten und Dienstleistungen interagieren. Diese Datenschutzerkl\u00e4rung beschreibt unsere Praktiken zum &hellip; Read more &quot;Datenschutzerkl\u00e4rung&quot;\" \/>\n<meta property=\"og:url\" content=\"https:\/\/masterjcco.eu\/index.php\/de\/datenschutzerklaerung\/\" \/>\n<meta property=\"og:site_name\" content=\"Master Juriste Conformit\u00e9 Compliance Officer\" \/>\n<meta name=\"twitter:card\" content=\"summary_large_image\" \/>\n<script type=\"application\/ld+json\" class=\"yoast-schema-graph\">{\"@context\":\"https:\\\/\\\/schema.org\",\"@graph\":[{\"@type\":\"WebPage\",\"@id\":\"https:\\\/\\\/masterjcco.eu\\\/index.php\\\/de\\\/datenschutzerklaerung\\\/\",\"url\":\"https:\\\/\\\/masterjcco.eu\\\/index.php\\\/de\\\/datenschutzerklaerung\\\/\",\"name\":\"Datenschutzerkl\u00e4rung - Master Juriste Conformit\u00e9 Compliance Officer\",\"isPartOf\":{\"@id\":\"https:\\\/\\\/masterjcco.eu\\\/#website\"},\"datePublished\":\"2026-01-14T23:02:33+00:00\",\"breadcrumb\":{\"@id\":\"https:\\\/\\\/masterjcco.eu\\\/index.php\\\/de\\\/datenschutzerklaerung\\\/#breadcrumb\"},\"inLanguage\":\"en-US\",\"potentialAction\":[{\"@type\":\"ReadAction\",\"target\":[\"https:\\\/\\\/masterjcco.eu\\\/index.php\\\/de\\\/datenschutzerklaerung\\\/\"]}]},{\"@type\":\"BreadcrumbList\",\"@id\":\"https:\\\/\\\/masterjcco.eu\\\/index.php\\\/de\\\/datenschutzerklaerung\\\/#breadcrumb\",\"itemListElement\":[{\"@type\":\"ListItem\",\"position\":1,\"name\":\"Accueil\",\"item\":\"https:\\\/\\\/masterjcco.eu\\\/\"},{\"@type\":\"ListItem\",\"position\":2,\"name\":\"Datenschutzerkl\u00e4rung\"}]},{\"@type\":\"WebSite\",\"@id\":\"https:\\\/\\\/masterjcco.eu\\\/#website\",\"url\":\"https:\\\/\\\/masterjcco.eu\\\/\",\"name\":\"Master Juriste Conformit\u00e9 Compliance Officer\",\"description\":\"\",\"publisher\":{\"@id\":\"https:\\\/\\\/masterjcco.eu\\\/#organization\"},\"potentialAction\":[{\"@type\":\"SearchAction\",\"target\":{\"@type\":\"EntryPoint\",\"urlTemplate\":\"https:\\\/\\\/masterjcco.eu\\\/?s={search_term_string}\"},\"query-input\":{\"@type\":\"PropertyValueSpecification\",\"valueRequired\":true,\"valueName\":\"search_term_string\"}}],\"inLanguage\":\"en-US\"},{\"@type\":\"Organization\",\"@id\":\"https:\\\/\\\/masterjcco.eu\\\/#organization\",\"name\":\"Master Juriste Conformit\u00e9 Compliance Officer\",\"url\":\"https:\\\/\\\/masterjcco.eu\\\/\",\"logo\":{\"@type\":\"ImageObject\",\"inLanguage\":\"en-US\",\"@id\":\"https:\\\/\\\/masterjcco.eu\\\/#\\\/schema\\\/logo\\\/image\\\/\",\"url\":\"https:\\\/\\\/masterjcco.eu\\\/wp-content\\\/uploads\\\/2025\\\/05\\\/cropped-LOGO-PARFAIT.png\",\"contentUrl\":\"https:\\\/\\\/masterjcco.eu\\\/wp-content\\\/uploads\\\/2025\\\/05\\\/cropped-LOGO-PARFAIT.png\",\"width\":409,\"height\":410,\"caption\":\"Master Juriste Conformit\u00e9 Compliance Officer \"},\"image\":{\"@id\":\"https:\\\/\\\/masterjcco.eu\\\/#\\\/schema\\\/logo\\\/image\\\/\"}}]}<\/script>\n<!-- \/ Yoast SEO plugin. -->","yoast_head_json":{"title":"Datenschutzerkl\u00e4rung - Master Juriste Conformit\u00e9 Compliance Officer","robots":{"index":"index","follow":"follow","max-snippet":"max-snippet:-1","max-image-preview":"max-image-preview:large","max-video-preview":"max-video-preview:-1"},"canonical":"https:\/\/masterjcco.eu\/index.php\/de\/datenschutzerklaerung\/","og_locale":"en_US","og_type":"article","og_title":"Datenschutzerkl\u00e4rung - Master Juriste Conformit\u00e9 Compliance Officer","og_description":"Datenschutzerkl\u00e4rung der Website des Master Juriste Conformit\u00e9 \u2013 Compliance Officer Willkommen auf der Website des Master Juriste Conformit\u00e9 \u2013 Compliance Officer (die \u201eWebsite\u201c). Wir sind uns der Bedeutung des Schutzes der Privatsph\u00e4re im Internet f\u00fcr die Nutzer unserer Website bewusst, insbesondere wenn sie mit unseren Inhalten und Dienstleistungen interagieren. Diese Datenschutzerkl\u00e4rung beschreibt unsere Praktiken zum &hellip; Read more \"Datenschutzerkl\u00e4rung\"","og_url":"https:\/\/masterjcco.eu\/index.php\/de\/datenschutzerklaerung\/","og_site_name":"Master Juriste Conformit\u00e9 Compliance Officer","twitter_card":"summary_large_image","schema":{"@context":"https:\/\/schema.org","@graph":[{"@type":"WebPage","@id":"https:\/\/masterjcco.eu\/index.php\/de\/datenschutzerklaerung\/","url":"https:\/\/masterjcco.eu\/index.php\/de\/datenschutzerklaerung\/","name":"Datenschutzerkl\u00e4rung - Master Juriste Conformit\u00e9 Compliance Officer","isPartOf":{"@id":"https:\/\/masterjcco.eu\/#website"},"datePublished":"2026-01-14T23:02:33+00:00","breadcrumb":{"@id":"https:\/\/masterjcco.eu\/index.php\/de\/datenschutzerklaerung\/#breadcrumb"},"inLanguage":"en-US","potentialAction":[{"@type":"ReadAction","target":["https:\/\/masterjcco.eu\/index.php\/de\/datenschutzerklaerung\/"]}]},{"@type":"BreadcrumbList","@id":"https:\/\/masterjcco.eu\/index.php\/de\/datenschutzerklaerung\/#breadcrumb","itemListElement":[{"@type":"ListItem","position":1,"name":"Accueil","item":"https:\/\/masterjcco.eu\/"},{"@type":"ListItem","position":2,"name":"Datenschutzerkl\u00e4rung"}]},{"@type":"WebSite","@id":"https:\/\/masterjcco.eu\/#website","url":"https:\/\/masterjcco.eu\/","name":"Master Juriste Conformit\u00e9 Compliance Officer","description":"","publisher":{"@id":"https:\/\/masterjcco.eu\/#organization"},"potentialAction":[{"@type":"SearchAction","target":{"@type":"EntryPoint","urlTemplate":"https:\/\/masterjcco.eu\/?s={search_term_string}"},"query-input":{"@type":"PropertyValueSpecification","valueRequired":true,"valueName":"search_term_string"}}],"inLanguage":"en-US"},{"@type":"Organization","@id":"https:\/\/masterjcco.eu\/#organization","name":"Master Juriste Conformit\u00e9 Compliance Officer","url":"https:\/\/masterjcco.eu\/","logo":{"@type":"ImageObject","inLanguage":"en-US","@id":"https:\/\/masterjcco.eu\/#\/schema\/logo\/image\/","url":"https:\/\/masterjcco.eu\/wp-content\/uploads\/2025\/05\/cropped-LOGO-PARFAIT.png","contentUrl":"https:\/\/masterjcco.eu\/wp-content\/uploads\/2025\/05\/cropped-LOGO-PARFAIT.png","width":409,"height":410,"caption":"Master Juriste Conformit\u00e9 Compliance Officer "},"image":{"@id":"https:\/\/masterjcco.eu\/#\/schema\/logo\/image\/"}}]}},"_links":{"self":[{"href":"https:\/\/masterjcco.eu\/index.php\/wp-json\/wp\/v2\/pages\/838","targetHints":{"allow":["GET"]}}],"collection":[{"href":"https:\/\/masterjcco.eu\/index.php\/wp-json\/wp\/v2\/pages"}],"about":[{"href":"https:\/\/masterjcco.eu\/index.php\/wp-json\/wp\/v2\/types\/page"}],"author":[{"embeddable":true,"href":"https:\/\/masterjcco.eu\/index.php\/wp-json\/wp\/v2\/users\/1"}],"replies":[{"embeddable":true,"href":"https:\/\/masterjcco.eu\/index.php\/wp-json\/wp\/v2\/comments?post=838"}],"version-history":[{"count":1,"href":"https:\/\/masterjcco.eu\/index.php\/wp-json\/wp\/v2\/pages\/838\/revisions"}],"predecessor-version":[{"id":839,"href":"https:\/\/masterjcco.eu\/index.php\/wp-json\/wp\/v2\/pages\/838\/revisions\/839"}],"wp:attachment":[{"href":"https:\/\/masterjcco.eu\/index.php\/wp-json\/wp\/v2\/media?parent=838"}],"curies":[{"name":"wp","href":"https:\/\/api.w.org\/{rel}","templated":true}]}}