{"id":844,"date":"2026-01-15T00:05:47","date_gmt":"2026-01-14T23:05:47","guid":{"rendered":"https:\/\/masterjcco.eu\/?page_id=844"},"modified":"2026-01-15T18:14:12","modified_gmt":"2026-01-15T17:14:12","slug":"programme-2","status":"publish","type":"page","link":"https:\/\/masterjcco.eu\/index.php\/en\/programme-2\/","title":{"rendered":"Programme"},"content":{"rendered":"\r\n<h2 class=\"wp-block-heading has-text-color has-link-color wp-elements-d3d43a1df673efb3fcaf0b0268996afa\" style=\"color: #131587;\">Master 1 Program<\/h2>\r\n\r\n\r\n\r\n<p>&nbsp;<\/p>\r\n\r\n\r\n\r\n<p class=\"has-foreground-color has-text-color has-link-color wp-elements-9383750ab95d2b6dfffae63826958e6d\" style=\"text-align: justify;\">The first year of the Master\u2019s program provides a solid foundation in general business law. Courses notably cover criminal business law, tax law, commercial law, and company law, as well as complementary subjects such as European law, intellectual property, and financial management. A foreign language is mandatory (including legal English).<\/p>\r\n\r\n\r\n\r\n<p>&nbsp;<\/p>\r\n\r\n\r\n\r\n<h2 class=\"wp-block-heading has-text-color has-link-color wp-elements-32b611fc6346e43731674b5f33eeb95c\" style=\"color: #131587;\">Master 2 Program<\/h2>\r\n\r\n\r\n\r\n<p class=\"has-foreground-color has-text-color has-link-color wp-elements-7903dc7be3e670fb086b7bc304cfa8b0\" style=\"text-align: justify;\">This program offers the opportunity to gain professional experience through a work-study arrangement. The schedule is as follows: three weeks in a company and one week at the Faculty of Law in Strasbourg. Each week of classes is dedicated to the study of different topics.<\/p>\r\n\r\n\r\n\r\n<details class=\"wp-block-details has-foreground-color has-text-color has-link-color has-medium-font-size wp-elements-d188cc4d9b0142a37beb4004e7d5f948 is-layout-flow wp-block-details-is-layout-flow\" style=\"font-style: normal; font-weight: bold;\">\r\n<summary>Introductory courses<\/summary>\r\n\r\n<p class=\"has-foreground-color has-text-color has-link-color has-small-font-size wp-elements-075d70705e81c8f594b760eac4cf575b\" style=\"font-style: normal; font-weight: 400; text-align: justify;\">Introduction to the foundations, objectives, and structures of legal compliance. Presentation of the AFA, the AMF, and TRACFIN by various speakers.<\/p>\r\n\r\n\r\n\r\n<p class=\"has-small-font-size\"> <\/p>\r\n<\/details>\r\n\r\n\r\n<details class=\"wp-block-details has-foreground-color has-text-color has-link-color has-medium-font-size wp-elements-cb9e1e82a143914384b6c509648fee2f is-layout-flow wp-block-details-is-layout-flow\" style=\"font-style: normal; font-weight: bold;\">\r\n<summary>Tax criminal law module<\/summary>\r\n\r\n<p class=\"has-foreground-color has-text-color has-link-color has-small-font-size wp-elements-9cdc2e41cb2f158b2912cdb06cfc8404\" style=\"font-style: normal; font-weight: 400;\">Ms. Sylvie De Gentile, former Director in charge of tax audits at the DGFIP<\/p>\r\n\r\n\r\n\r\n<p class=\"has-foreground-color has-text-color has-link-color has-small-font-size wp-elements-e1351e1caa2a729bb0f9a201e3785dbb\" style=\"font-style: normal; font-weight: 400; text-align: justify;\">Mr. Jacques Cherbetian and Mr. Serge Poissonnier, members of the DDFIP.<\/p>\r\n\r\n\r\n\r\n<p class=\"has-foreground-color has-text-color has-link-color has-small-font-size wp-elements-3faf865dd3d129d199248538109ca04f\" style=\"font-style: normal; font-weight: 400; text-align: justify;\">This course addresses risk prevention in the accounting field and examines the links between accounting, taxation, and criminal law. At the same time, it studies the mechanisms of shell companies as well as the various schemes of tax fraud and money laundering.<\/p>\r\n\r\n\r\n\r\n<p>&nbsp;<\/p>\r\n<\/details>\r\n\r\n\r\n<details class=\"wp-block-details has-foreground-color has-text-color has-link-color has-medium-font-size wp-elements-884634c87b0d7c721b2a49be2d526c98 is-layout-flow wp-block-details-is-layout-flow\" style=\"font-style: normal; font-weight: bold;\">\r\n<summary>Criminal accounting and corporate law module<\/summary>\r\n\r\n<p class=\"has-small-font-size\" style=\"font-style: normal; font-weight: 400;\">Mr. Eric Aguilar, former gendarme and cybersecurity specialist.<\/p>\r\n\r\n\r\n\r\n<p class=\"has-small-font-size\" style=\"font-style: normal; font-weight: 400; text-align: justify;\">This module provides an introduction to accounting and financial offenses as well as to cybersecurity.<\/p>\r\n\r\n\r\n\r\n<p>&nbsp;<\/p>\r\n<\/details>\r\n\r\n\r\n<details class=\"wp-block-details has-foreground-color has-text-color has-link-color has-medium-font-size wp-elements-17051080dbc1e4bd53edf3e3a0b01385 is-layout-flow wp-block-details-is-layout-flow\" style=\"font-style: normal; font-weight: bold;\">\r\n<summary>Methodology module<\/summary>\r\n\r\n<p class=\"has-foreground-color has-text-color has-link-color has-small-font-size wp-elements-150b54cc510bd4bfe255d50ba64d3235\" style=\"font-style: normal; font-weight: 400;\">Ms. Emilie Ehrengarth \u2013 PhD candidate in law \u2013 trainer<\/p>\r\n\r\n\r\n\r\n<p class=\"has-foreground-color has-text-color has-link-color has-small-font-size wp-elements-f784fad5bfaf07ce320725157201245e\" style=\"font-style: normal; font-weight: 400; text-align: justify;\">This module provides the methodology required for writing a master\u2019s thesis and a work-study report.<\/p>\r\n<\/details>\r\n\r\n\r\n<details class=\"wp-block-details has-foreground-color has-text-color has-link-color has-medium-font-size wp-elements-797657d7bbfc36e4d375ab085c557ab2 is-layout-flow wp-container-core-details-is-layout-c7b3064f wp-block-details-is-layout-flow\" style=\"font-style: normal; font-weight: bold;\">\r\n<summary>Insurance compliance module<\/summary>\r\n\r\n<p class=\"has-foreground-color has-text-color has-link-color has-small-font-size wp-elements-a5019b0242b55f0cf13e7bae09fb9bdc\" style=\"font-style: normal; font-weight: 400; text-align: justify;\">Ms. Laure-Alexia Gruss-Lienhard, Head of the Insurance Module and Bancassurance Supervisor at Cr\u00e9dit Mutuel Alliance F\u00e9d\u00e9rale.<\/p>\r\n\r\n\r\n\r\n<p class=\"has-foreground-color has-text-color has-link-color has-small-font-size wp-elements-e1a760ebc0d7f26b96ef1a85765e4a64\" style=\"font-style: normal; font-weight: 400;\">Ms. Ana Pirtac, Data Protection Officer within the Insurance Compliance Department of Cr\u00e9dit Mutuel.<\/p>\r\n\r\n\r\n\r\n<p class=\"has-foreground-color has-text-color has-link-color has-small-font-size wp-elements-c14c62af4260b1473aba6babef0f9d41\" style=\"font-style: normal; font-weight: 400; text-align: justify;\">Mr. Mathieu Pierrat, Financial Security Controller within Cr\u00e9dit Mutuel Insurance.<\/p>\r\n\r\n\r\n\r\n<p class=\"has-foreground-color has-text-color has-link-color has-small-font-size wp-elements-636a3b4846157210354e36d31b6dba54\" style=\"font-style: normal; font-weight: 400; text-align: justify;\">Mr. Mo\u00efse Martin, Internal Auditor at Afi Esca.<\/p>\r\n\r\n\r\n\r\n<p class=\"has-foreground-color has-text-color has-link-color has-small-font-size wp-elements-24766219288f6545dedeafde42601c27\" style=\"font-style: normal; font-weight: 400; text-align: justify;\">This course aims to ensure mastery of the regulations applicable to the insurance sector, in particular the Solvency II Directive and the Insurance Distribution Directive. It also addresses personal data protection (GDPR), anti-money laundering and counter-terrorism financing obligations (AML\/CFT) in the insurance sector, as well as the different categories of insurance intermediaries.<\/p>\r\n<\/details>\r\n\r\n\r\n<details class=\"wp-block-details has-foreground-color has-text-color has-link-color has-medium-font-size wp-elements-a1cd4947e7b07510f9285bcf4d8ec109 is-layout-flow wp-block-details-is-layout-flow\" style=\"font-style: normal; font-weight: bold;\">\r\n<summary>Banking compliance module<\/summary>\r\n\r\n<p class=\"has-foreground-color has-text-color has-link-color has-small-font-size wp-elements-cebb63dcdc1c6ec43a869516a780f974\" style=\"font-style: normal; font-weight: 400; text-align: justify;\">Mr. J\u00e9rome Lasserre Capdeville, Associate Professor (HDR) at the University of Strasbourg<\/p>\r\n\r\n\r\n\r\n<p class=\"has-foreground-color has-text-color has-link-color has-small-font-size wp-elements-a495a7f6dc82898f9a66745fed976469\" style=\"font-style: normal; font-weight: 400; text-align: justify;\">Ms. Cindy Rubal Hoyer, President of AXIESS, audit and compliance consulting firm.<\/p>\r\n<p class=\"has-foreground-color has-text-color has-link-color has-small-font-size\" style=\"font-style: normal; font-weight: 400; text-align: justify;\">Ms. Sol\u00e8ne Gobin, Policy Expert at the EBA, PhD in Private Law<\/p>\r\n\r\n\r\n\r\n<p class=\"has-foreground-color has-text-color has-link-color has-small-font-size wp-elements-e0ba370adef4bf48ca43ce190c419bc0\" style=\"font-style: normal; font-weight: 400; text-align: justify;\">Presentation of the missions and functioning of the ACPR. Overview of AML\/CFT regulations and challenges in the banking sector, including case studies and analysis of ACPR sanctions.<\/p>\r\n<\/details>\r\n\r\n\r\n<details class=\"wp-block-details has-foreground-color has-text-color has-link-color has-medium-font-size wp-elements-dbc2716a4823ac78bd69e1ec0ee38106 is-layout-flow wp-block-details-is-layout-flow\" style=\"font-style: normal; font-weight: bold;\">\r\n<summary>Corporate compliance module<\/summary>\r\n\r\n<p class=\"has-foreground-color has-text-color has-link-color has-small-font-size wp-elements-6332933927bb75477649b8f4d369b2c2\" style=\"font-style: normal; font-weight: 400;\">Mr. Philippe Lesoing, Head of the Corporate Compliance Module, Co-founder and CEO of EuroCompliance<\/p>\r\n\r\n\r\n\r\n<p class=\"has-foreground-color has-text-color has-link-color has-small-font-size wp-elements-5b53ac0496f72e3989b0b0319b7064dc\" style=\"font-style: normal; font-weight: 400; text-align: justify;\">Mr. Lionel Laffitte, Ethics and Compliance Consultant \u2013 Ethisport<\/p>\r\n\r\n\r\n\r\n<p class=\"has-foreground-color has-text-color has-link-color has-small-font-size wp-elements-093424fa945852d2103f0e037a10f41f\" style=\"font-style: normal; font-weight: 400; text-align: justify;\">Ms. L\u00e9onie Babst, Franco-German legal counsel<\/p>\r\n\r\n\r\n\r\n<p class=\"has-foreground-color has-text-color has-link-color has-small-font-size wp-elements-5d87a7f3dbf1ec9e40a9d9ed9f4e4429\" style=\"font-style: normal; font-weight: 400; text-align: justify;\">Mr. Michel Husser, Director of Compliance, Due Diligence, and Integrity in Sport at ADIT<\/p>\r\n\r\n\r\n\r\n<p class=\"has-foreground-color has-text-color has-link-color has-small-font-size wp-elements-3acdf08bc576d0b5e09ff0e59ae549d2\" style=\"font-style: normal; font-weight: 400; text-align: justify;\">Mr. Jean-Baptiste Siproudhis, Partner at the consulting firm Finegan<\/p>\r\n\r\n\r\n\r\n<p class=\"has-foreground-color has-text-color has-link-color has-small-font-size wp-elements-dc40d1b44c9f295bd9d9787b8c954ed4\" style=\"font-style: normal; font-weight: 400; text-align: justify;\">Ms. Catherine Stary, Lawyer specializing in personal data protection, intellectual property, e-commerce, and IT law.<\/p>\r\n\r\n\r\n\r\n<p class=\"has-foreground-color has-text-color has-link-color has-small-font-size wp-elements-6f7150abff8c6313f99b1a710c1121c3\" style=\"font-style: normal; font-weight: 400; text-align: justify;\">Mr. Fran\u00e7ois Jambin, former lawyer, university lecturer, specialist in criminal risk prevention, compliance, and CSR.<\/p>\r\n\r\n\r\n\r\n<p class=\"has-foreground-color has-text-color has-link-color has-small-font-size wp-elements-fde3ea24c55910b7db51f48c9baccfee\" style=\"font-style: normal; font-weight: 400; text-align: justify;\">Ms. Anne-Julie Giraud, Lawyer \u2013 business ethics and regulated professions, GDPR compliance<\/p>\r\n\r\n\r\n\r\n<p class=\"has-foreground-color has-text-color has-link-color has-small-font-size wp-elements-fdce7cb9a699187979c2dd1941905039\" style=\"font-style: normal; font-weight: 400; text-align: justify;\">This course provides an in-depth analysis of issues related to corporate corruption and contractual relationships with third parties. It aims to develop a comprehensive understanding of compliance mechanisms, including due diligence, personal data protection (GDPR), whistleblowing systems, risk mapping, competition law compliance, and issues related to corporate social responsibility (CSR).<\/p>\r\n<\/details>\r\n\r\n\r\n<details class=\"wp-block-details has-foreground-color has-text-color has-link-color has-medium-font-size wp-elements-053595cbd107441daa00ff40d8b76fd4 is-layout-flow wp-block-details-is-layout-flow\" style=\"font-style: normal; font-weight: bold;\">\r\n<summary>English module<\/summary>\r\n\r\n<p class=\"has-foreground-color has-text-color has-link-color has-small-font-size wp-elements-f12f281cb69f9cd9229c8430b8784d7f\" style=\"font-style: normal; font-weight: 400; text-align: justify;\">Ms. Elodie Migliore, PhD candidate at CEIPI, University of Strasbourg<\/p>\r\n\r\n\r\n\r\n<p class=\"has-foreground-color has-text-color has-link-color has-small-font-size wp-elements-224bb8d78e85548a6700aada3da53ad3\" style=\"font-style: normal; font-weight: 400; text-align: justify;\">The course is based on oral and written assignments focusing on various aspects of compliance. It also includes an introduction to issues related to artificial intelligence.<\/p>\r\n<\/details>\r\n\r\n\r\n<details class=\"wp-block-details has-foreground-color has-text-color has-link-color has-medium-font-size wp-elements-9f5a5ae7daaabeaf492ae2df44241cb5 is-layout-flow wp-block-details-is-layout-flow\" style=\"font-style: normal; font-weight: bold;\">\r\n<summary>Financial markets compliance module<\/summary>\r\n\r\n<p class=\"has-foreground-color has-text-color has-link-color has-small-font-size wp-elements-a223bf0ce5ae6f3fba487f5341f25b17\" style=\"font-style: normal; font-weight: 400; text-align: justify;\">Ms. Blandine Jul\u00e9, Thematic Project Officer (Investor Protection) \u2013 Expertise Division \u2013 DGA \u00b7 AMF<\/p>\r\n\r\n\r\n\r\n<p class=\"has-foreground-color has-text-color has-link-color has-small-font-size wp-elements-cb70d3c5df29a41b42021556781d9aaa\" style=\"font-style: normal; font-weight: 400; text-align: justify;\">Mr. William Zernik, Head of Compliance \u2013 RCSI at Milleis Banque Priv\u00e9e<\/p>\r\n\r\n\r\n\r\n<p class=\"has-foreground-color has-text-color has-link-color has-small-font-size wp-elements-73c03bc93a1345e50840bce55f2eac90\" style=\"font-style: normal; font-weight: 400; text-align: justify;\">Ms. Lisette Deska, Legal Counsel at the AMF<\/p>\r\n\r\n\r\n\r\n<p class=\"has-foreground-color has-text-color has-link-color has-small-font-size wp-elements-51cf2e376188b3d31812d073be22f250\" style=\"font-style: normal; font-weight: 400; text-align: justify;\">Mr. Fabrice Imbert, Global Head of Central Compliance at Natixis Corporate &amp; Investment Banking<\/p>\r\n\r\n\r\n\r\n<p class=\"has-foreground-color has-text-color has-link-color has-small-font-size wp-elements-977a2ae331df0596d1074ce5b0048754\" style=\"font-style: normal; font-weight: 400; text-align: justify;\">This course presents the AMF and the functioning of financial markets, with a study of the various financial products, market participants, and investment services. Asset management and market abuse are examined in greater depth. Particular attention is also given to financial security issues as applied to financial markets, as well as to the compliance framework specific to this sector.<\/p>\r\n<\/details>\r\n\r\n\r\n<details class=\"wp-block-details has-foreground-color has-text-color has-link-color has-medium-font-size wp-elements-47b1943914366b2719cc55a7de8db0b2 is-layout-flow wp-block-details-is-layout-flow\" style=\"font-style: normal; font-weight: bold;\">\r\n<summary>IT fraud module<\/summary>\r\n\r\n<p class=\"has-foreground-color has-text-color has-link-color has-small-font-size wp-elements-b0c28c52b68b4890cf9460920b58fbbd\" style=\"font-style: normal; font-weight: 400; text-align: justify;\">Mr. S\u00e9bastien Dupent, Certified Professor in Economics and Management (Information Systems)<\/p>\r\n\r\n\r\n\r\n<p class=\"has-foreground-color has-text-color has-link-color has-small-font-size wp-elements-09efa0c4d8f9cd224afd981fe09e3d5c\" style=\"font-style: normal; font-weight: 400; text-align: justify;\">This course aims to raise students\u2019 awareness of the importance of digital skills in compliance functions. It presents, in particular, the main risk management software tools, the foundations of information theory, data structuring mechanisms, as well as how blockchain technology works. Cybersecurity risks are also addressed.<\/p>\r\n\r\n\r\n\r\n<p class=\"has-foreground-color has-text-color has-link-color has-small-font-size wp-elements-86860bec125bbe3b2d3e085b65a1c936\" style=\"font-style: normal; font-weight: 400; text-align: justify;\">The objective is to provide a comprehensive understanding of the digital environment, enabling students to grasp its challenges and threats, and to acquire the tools necessary to use digital technologies in support of compliance.<\/p>\r\n<\/details>\r\n","protected":false},"excerpt":{"rendered":"<p>Master 1 Program &nbsp; The first year of the Master\u2019s program provides a solid foundation in general business law. Courses notably cover criminal business law, tax law, commercial law, and company law, as well as complementary subjects such as European law, intellectual property, and financial management. A foreign language is mandatory (including legal English). &nbsp; &hellip; <\/p>\n<p class=\"link-more\"><a href=\"https:\/\/masterjcco.eu\/index.php\/en\/programme-2\/\" class=\"more-link\">Read more<span class=\"screen-reader-text\"> &#8220;Programme&#8221;<\/span><\/a><\/p>\n","protected":false},"author":1,"featured_media":0,"parent":0,"menu_order":0,"comment_status":"closed","ping_status":"closed","template":"","meta":{"footnotes":""},"class_list":["post-844","page","type-page","status-publish","hentry"],"yoast_head":"<!-- This site is optimized with the Yoast SEO plugin v27.4 - https:\/\/yoast.com\/product\/yoast-seo-wordpress\/ -->\n<title>Programme - Master Juriste Conformit\u00e9 Compliance Officer<\/title>\n<meta name=\"robots\" content=\"index, follow, max-snippet:-1, max-image-preview:large, max-video-preview:-1\" \/>\n<link rel=\"canonical\" href=\"https:\/\/masterjcco.eu\/index.php\/en\/programme-2\/\" \/>\n<meta property=\"og:locale\" content=\"en_US\" \/>\n<meta property=\"og:type\" content=\"article\" \/>\n<meta property=\"og:title\" content=\"Programme - Master Juriste Conformit\u00e9 Compliance Officer\" \/>\n<meta property=\"og:description\" content=\"Master 1 Program &nbsp; The first year of the Master\u2019s program provides a solid foundation in general business law. Courses notably cover criminal business law, tax law, commercial law, and company law, as well as complementary subjects such as European law, intellectual property, and financial management. A foreign language is mandatory (including legal English). &nbsp; &hellip; Read more &quot;Programme&quot;\" \/>\n<meta property=\"og:url\" content=\"https:\/\/masterjcco.eu\/index.php\/en\/programme-2\/\" \/>\n<meta property=\"og:site_name\" content=\"Master Juriste Conformit\u00e9 Compliance Officer\" \/>\n<meta property=\"article:modified_time\" content=\"2026-01-15T17:14:12+00:00\" \/>\n<meta name=\"twitter:card\" content=\"summary_large_image\" \/>\n<meta name=\"twitter:label1\" content=\"Est. reading time\" \/>\n\t<meta name=\"twitter:data1\" content=\"5 minutes\" \/>\n<script type=\"application\/ld+json\" class=\"yoast-schema-graph\">{\"@context\":\"https:\\\/\\\/schema.org\",\"@graph\":[{\"@type\":\"WebPage\",\"@id\":\"https:\\\/\\\/masterjcco.eu\\\/index.php\\\/en\\\/programme-2\\\/\",\"url\":\"https:\\\/\\\/masterjcco.eu\\\/index.php\\\/en\\\/programme-2\\\/\",\"name\":\"Programme - Master Juriste Conformit\u00e9 Compliance Officer\",\"isPartOf\":{\"@id\":\"https:\\\/\\\/masterjcco.eu\\\/#website\"},\"datePublished\":\"2026-01-14T23:05:47+00:00\",\"dateModified\":\"2026-01-15T17:14:12+00:00\",\"breadcrumb\":{\"@id\":\"https:\\\/\\\/masterjcco.eu\\\/index.php\\\/en\\\/programme-2\\\/#breadcrumb\"},\"inLanguage\":\"en-US\",\"potentialAction\":[{\"@type\":\"ReadAction\",\"target\":[\"https:\\\/\\\/masterjcco.eu\\\/index.php\\\/en\\\/programme-2\\\/\"]}]},{\"@type\":\"BreadcrumbList\",\"@id\":\"https:\\\/\\\/masterjcco.eu\\\/index.php\\\/en\\\/programme-2\\\/#breadcrumb\",\"itemListElement\":[{\"@type\":\"ListItem\",\"position\":1,\"name\":\"Accueil\",\"item\":\"https:\\\/\\\/masterjcco.eu\\\/\"},{\"@type\":\"ListItem\",\"position\":2,\"name\":\"Programme\"}]},{\"@type\":\"WebSite\",\"@id\":\"https:\\\/\\\/masterjcco.eu\\\/#website\",\"url\":\"https:\\\/\\\/masterjcco.eu\\\/\",\"name\":\"Master Juriste Conformit\u00e9 Compliance Officer\",\"description\":\"\",\"publisher\":{\"@id\":\"https:\\\/\\\/masterjcco.eu\\\/#organization\"},\"potentialAction\":[{\"@type\":\"SearchAction\",\"target\":{\"@type\":\"EntryPoint\",\"urlTemplate\":\"https:\\\/\\\/masterjcco.eu\\\/?s={search_term_string}\"},\"query-input\":{\"@type\":\"PropertyValueSpecification\",\"valueRequired\":true,\"valueName\":\"search_term_string\"}}],\"inLanguage\":\"en-US\"},{\"@type\":\"Organization\",\"@id\":\"https:\\\/\\\/masterjcco.eu\\\/#organization\",\"name\":\"Master Juriste Conformit\u00e9 Compliance Officer\",\"url\":\"https:\\\/\\\/masterjcco.eu\\\/\",\"logo\":{\"@type\":\"ImageObject\",\"inLanguage\":\"en-US\",\"@id\":\"https:\\\/\\\/masterjcco.eu\\\/#\\\/schema\\\/logo\\\/image\\\/\",\"url\":\"https:\\\/\\\/masterjcco.eu\\\/wp-content\\\/uploads\\\/2025\\\/05\\\/cropped-LOGO-PARFAIT.png\",\"contentUrl\":\"https:\\\/\\\/masterjcco.eu\\\/wp-content\\\/uploads\\\/2025\\\/05\\\/cropped-LOGO-PARFAIT.png\",\"width\":409,\"height\":410,\"caption\":\"Master Juriste Conformit\u00e9 Compliance Officer \"},\"image\":{\"@id\":\"https:\\\/\\\/masterjcco.eu\\\/#\\\/schema\\\/logo\\\/image\\\/\"}}]}<\/script>\n<!-- \/ Yoast SEO plugin. -->","yoast_head_json":{"title":"Programme - Master Juriste Conformit\u00e9 Compliance Officer","robots":{"index":"index","follow":"follow","max-snippet":"max-snippet:-1","max-image-preview":"max-image-preview:large","max-video-preview":"max-video-preview:-1"},"canonical":"https:\/\/masterjcco.eu\/index.php\/en\/programme-2\/","og_locale":"en_US","og_type":"article","og_title":"Programme - Master Juriste Conformit\u00e9 Compliance Officer","og_description":"Master 1 Program &nbsp; The first year of the Master\u2019s program provides a solid foundation in general business law. Courses notably cover criminal business law, tax law, commercial law, and company law, as well as complementary subjects such as European law, intellectual property, and financial management. A foreign language is mandatory (including legal English). &nbsp; &hellip; Read more \"Programme\"","og_url":"https:\/\/masterjcco.eu\/index.php\/en\/programme-2\/","og_site_name":"Master Juriste Conformit\u00e9 Compliance Officer","article_modified_time":"2026-01-15T17:14:12+00:00","twitter_card":"summary_large_image","twitter_misc":{"Est. reading time":"5 minutes"},"schema":{"@context":"https:\/\/schema.org","@graph":[{"@type":"WebPage","@id":"https:\/\/masterjcco.eu\/index.php\/en\/programme-2\/","url":"https:\/\/masterjcco.eu\/index.php\/en\/programme-2\/","name":"Programme - Master Juriste Conformit\u00e9 Compliance Officer","isPartOf":{"@id":"https:\/\/masterjcco.eu\/#website"},"datePublished":"2026-01-14T23:05:47+00:00","dateModified":"2026-01-15T17:14:12+00:00","breadcrumb":{"@id":"https:\/\/masterjcco.eu\/index.php\/en\/programme-2\/#breadcrumb"},"inLanguage":"en-US","potentialAction":[{"@type":"ReadAction","target":["https:\/\/masterjcco.eu\/index.php\/en\/programme-2\/"]}]},{"@type":"BreadcrumbList","@id":"https:\/\/masterjcco.eu\/index.php\/en\/programme-2\/#breadcrumb","itemListElement":[{"@type":"ListItem","position":1,"name":"Accueil","item":"https:\/\/masterjcco.eu\/"},{"@type":"ListItem","position":2,"name":"Programme"}]},{"@type":"WebSite","@id":"https:\/\/masterjcco.eu\/#website","url":"https:\/\/masterjcco.eu\/","name":"Master Juriste Conformit\u00e9 Compliance Officer","description":"","publisher":{"@id":"https:\/\/masterjcco.eu\/#organization"},"potentialAction":[{"@type":"SearchAction","target":{"@type":"EntryPoint","urlTemplate":"https:\/\/masterjcco.eu\/?s={search_term_string}"},"query-input":{"@type":"PropertyValueSpecification","valueRequired":true,"valueName":"search_term_string"}}],"inLanguage":"en-US"},{"@type":"Organization","@id":"https:\/\/masterjcco.eu\/#organization","name":"Master Juriste Conformit\u00e9 Compliance Officer","url":"https:\/\/masterjcco.eu\/","logo":{"@type":"ImageObject","inLanguage":"en-US","@id":"https:\/\/masterjcco.eu\/#\/schema\/logo\/image\/","url":"https:\/\/masterjcco.eu\/wp-content\/uploads\/2025\/05\/cropped-LOGO-PARFAIT.png","contentUrl":"https:\/\/masterjcco.eu\/wp-content\/uploads\/2025\/05\/cropped-LOGO-PARFAIT.png","width":409,"height":410,"caption":"Master Juriste Conformit\u00e9 Compliance Officer "},"image":{"@id":"https:\/\/masterjcco.eu\/#\/schema\/logo\/image\/"}}]}},"_links":{"self":[{"href":"https:\/\/masterjcco.eu\/index.php\/wp-json\/wp\/v2\/pages\/844","targetHints":{"allow":["GET"]}}],"collection":[{"href":"https:\/\/masterjcco.eu\/index.php\/wp-json\/wp\/v2\/pages"}],"about":[{"href":"https:\/\/masterjcco.eu\/index.php\/wp-json\/wp\/v2\/types\/page"}],"author":[{"embeddable":true,"href":"https:\/\/masterjcco.eu\/index.php\/wp-json\/wp\/v2\/users\/1"}],"replies":[{"embeddable":true,"href":"https:\/\/masterjcco.eu\/index.php\/wp-json\/wp\/v2\/comments?post=844"}],"version-history":[{"count":4,"href":"https:\/\/masterjcco.eu\/index.php\/wp-json\/wp\/v2\/pages\/844\/revisions"}],"predecessor-version":[{"id":931,"href":"https:\/\/masterjcco.eu\/index.php\/wp-json\/wp\/v2\/pages\/844\/revisions\/931"}],"wp:attachment":[{"href":"https:\/\/masterjcco.eu\/index.php\/wp-json\/wp\/v2\/media?parent=844"}],"curies":[{"name":"wp","href":"https:\/\/api.w.org\/{rel}","templated":true}]}}