{"id":846,"date":"2026-01-15T00:06:23","date_gmt":"2026-01-14T23:06:23","guid":{"rendered":"https:\/\/masterjcco.eu\/?page_id=846"},"modified":"2026-01-15T00:42:55","modified_gmt":"2026-01-14T23:42:55","slug":"studiengang","status":"publish","type":"page","link":"https:\/\/masterjcco.eu\/index.php\/de\/studiengang\/","title":{"rendered":"Studiengang"},"content":{"rendered":"\r\n<h2 class=\"wp-block-heading has-text-color has-link-color wp-elements-ce76984c22dea74e728dd08cb6d0a71b\" style=\"color: #131587;\">Master-Programm 1<\/h2>\r\n\r\n\r\n\r\n<p>&nbsp;<\/p>\r\n\r\n\r\n\r\n<p class=\"has-foreground-color has-text-color has-link-color wp-elements-7f55e0675f6928601278dbda530a5fec\" style=\"text-align: justify;\">Das erste Masterjahr vermittelt eine fundierte Ausbildung im allgemeinen Wirtschaftsrecht. Die Lehrveranstaltungen umfassen insbesondere das Wirtschaftsstrafrecht, das Steuerrecht, das Handelsrecht sowie das Gesellschaftsrecht, erg\u00e4nzt durch \u00d6ffnungsmodule wie Europarecht, geistiges Eigentum oder Finanzmanagement. Eine Fremdsprache ist verpflichtend (darunter juristisches Englisch).<\/p>\r\n\r\n\r\n\r\n<p>&nbsp;<\/p>\r\n\r\n\r\n\r\n<h2 class=\"wp-block-heading has-text-color has-link-color wp-elements-5d5d967118151197769874d2536f3466\" style=\"color: #131587;\">Master-Programm 2<\/h2>\r\n\r\n\r\n\r\n<p class=\"has-foreground-color has-text-color has-link-color wp-elements-88f63ca00715ae2f80ef4406b163fa4d\" style=\"text-align: justify;\">Dieses Programm bietet die M\u00f6glichkeit zur beruflichen Spezialisierung im Rahmen eines dualen Studiums. Der Rhythmus ist wie folgt: drei Wochen im Unternehmen und eine Woche an der Juristischen Fakult\u00e4t Stra\u00dfburg. Jede Unterrichtswoche ist der Behandlung unterschiedlicher Themen gewidmet.<\/p>\r\n\r\n\r\n\r\n<details class=\"wp-block-details has-foreground-color has-text-color has-link-color has-medium-font-size wp-elements-0fde29ae6c38021cbb1c313620726b16 is-layout-flow wp-block-details-is-layout-flow\" style=\"font-style: normal; font-weight: bold;\">\r\n<summary>Einf\u00fchrungskurse<\/summary>\r\n\r\n<p class=\"has-foreground-color has-text-color has-link-color has-small-font-size wp-elements-0e07e22411e68d2930939ac33c873432\" style=\"font-style: normal; font-weight: 400; text-align: justify;\">Vermittlung der Grundlagen, Zielsetzungen und Strukturen der rechtlichen Compliance. Vorstellung der AFA, der AMF und von TRACFIN durch verschiedene Referenten.<\/p>\r\n\r\n<\/details>\r\n\r\n\r\n<details class=\"wp-block-details has-foreground-color has-text-color has-link-color has-medium-font-size wp-elements-eed4140367dd4d106706966a85f8fd0e is-layout-flow wp-block-details-is-layout-flow\" style=\"font-style: normal; font-weight: bold;\">\r\n<summary>Modul Steuerstrafrecht<\/summary>\r\n<p class=\"has-foreground-color has-text-color has-link-color has-small-font-size\" style=\"font-style: normal; font-weight: 400;\">Frau Sylvie De Gentile, ehemalige Direktorin f\u00fcr Steuerpr\u00fcfungen bei der DGFIP<\/p>\r\n<p class=\"has-foreground-color has-text-color has-link-color has-small-font-size\" style=\"font-style: normal; font-weight: 400;\">Herr Jacques Cherbetian und Herr Serge Poissonnier, Mitglieder der DDFIP.<\/p>\r\n<p class=\"has-foreground-color has-text-color has-link-color has-small-font-size\" style=\"font-style: normal; font-weight: 400; text-align: justify;\">Dieses Modul behandelt die Pr\u00e4vention von Risiken im Rechnungswesen sowie die Zusammenh\u00e4nge zwischen Buchhaltung, Steuerrecht und Strafrecht. Parallel dazu werden die Mechanismen von Briefkastengesellschaften sowie verschiedene Modelle der Steuerhinterziehung und Geldw\u00e4sche analysiert.<\/p>\r\n<\/details>\r\n\r\n\r\n<details class=\"wp-block-details has-foreground-color has-text-color has-link-color has-medium-font-size wp-elements-236e95fa86657ecd9625044fed587df5 is-layout-flow wp-block-details-is-layout-flow\" style=\"font-style: normal; font-weight: bold;\">\r\n<summary>Modul Strafrecht im Rechnungswesen und Gesellschaftsrecht<\/summary>\r\n<p class=\"has-small-font-size\" style=\"font-style: normal; font-weight: 400;\">Herr Eric Aguilar, ehemaliger Gendarm und Experte f\u00fcr Cybersicherheit.<\/p>\r\n<p class=\"has-small-font-size\" style=\"font-style: normal; font-weight: 400; text-align: justify;\">Dieses Modul bietet eine Einf\u00fchrung in buchhalterische und finanzielle Straftaten sowie in die Cybersicherheit.<\/p>\r\n<\/details>\r\n\r\n\r\n<details class=\"wp-block-details has-foreground-color has-text-color has-link-color has-medium-font-size wp-elements-99563e1123768ea24b13aa4006dd7326 is-layout-flow wp-block-details-is-layout-flow\" style=\"font-style: normal; font-weight: bold;\">\r\n<summary>Modul Methodik<\/summary>\r\n<p class=\"has-foreground-color has-text-color has-link-color has-small-font-size\" style=\"font-style: normal; font-weight: 400;\">Frau Emilie Ehrengarth \u2013 Doktorandin der Rechtswissenschaften \u2013 Dozentin<\/p>\r\n<p class=\"has-foreground-color has-text-color has-link-color has-small-font-size\" style=\"font-style: normal; font-weight: 400; text-align: justify;\">Dieses Modul vermittelt die Methodik zur Erstellung einer Masterarbeit und eines Praxisberichts im dualen Studium.<\/p>\r\n<\/details>\r\n\r\n\r\n<details class=\"wp-block-details has-foreground-color has-text-color has-link-color has-medium-font-size wp-elements-86581c0b7acbc1f7f84aa30914fbfc64 is-layout-flow wp-block-details-is-layout-flow\" style=\"font-style: normal; font-weight: bold;\">\r\n<summary>Modul Versicherungs-Compliance<\/summary>\r\n<p class=\"has-foreground-color has-text-color has-link-color has-small-font-size\" style=\"font-style: normal; font-weight: 400;\">Frau Laure-Alexia Gruss-Lienhard, Leiterin des Versicherungsmoduls und Bancassurance-Supervisorin bei Cr\u00e9dit Mutuel Alliance F\u00e9d\u00e9rale<\/p>\r\n<p class=\"has-foreground-color has-text-color has-link-color has-small-font-size\" style=\"font-style: normal; font-weight: 400;\">Frau Ana Pirtac, Datenschutzbeauftragte im Compliance-Bereich der Cr\u00e9dit-Mutuel-Versicherungen<\/p>\r\n<p class=\"has-foreground-color has-text-color has-link-color has-small-font-size\" style=\"font-style: normal; font-weight: 400;\">Herr Mathieu Pierrat, Controller f\u00fcr Finanzsicherheit bei den Cr\u00e9dit-Mutuel-Versicherungen<\/p>\r\n<p class=\"has-foreground-color has-text-color has-link-color has-small-font-size\" style=\"font-style: normal; font-weight: 400;\">Herr Mo\u00efse Martin, Interner Pr\u00fcfer bei Afi Esca<\/p>\r\n<p class=\"has-foreground-color has-text-color has-link-color has-small-font-size\" style=\"font-style: normal; font-weight: 400; text-align: justify;\">Ziel dieses Moduls ist die Beherrschung der f\u00fcr den Versicherungssektor geltenden Vorschriften, insbesondere der Solvabilit\u00e4t-II-Richtlinie und der Versicherungsvertriebsrichtlinie. Behandelt werden au\u00dferdem der Schutz personenbezogener Daten (DSGVO), die Pflichten zur Bek\u00e4mpfung von Geldw\u00e4sche und Terrorismusfinanzierung (AML\/CFT) sowie die verschiedenen Kategorien von Versicherungsvermittlern.<\/p>\r\n<\/details>\r\n\r\n\r\n<details class=\"wp-block-details has-foreground-color has-text-color has-link-color has-medium-font-size wp-elements-1a214182c12ef4de68bbd0f2ac38adab is-layout-flow wp-block-details-is-layout-flow\" style=\"font-style: normal; font-weight: bold;\">\r\n<summary>Modul Bank-Compliance<\/summary>\r\n<p class=\"has-foreground-color has-text-color has-link-color has-small-font-size\" style=\"font-style: normal; font-weight: 400;\">Herr J\u00e9rome Lasserre Capdeville, Hochschuldozent (HDR), Universit\u00e4t Stra\u00dfburg<\/p>\r\n<p class=\"has-foreground-color has-text-color has-link-color has-small-font-size\" style=\"font-style: normal; font-weight: 400;\">Frau Cindy Rubal Hoyer, Pr\u00e4sidentin von AXIESS, Audit- und Compliance-Beratung<\/p>\r\n<p class=\"has-foreground-color has-text-color has-link-color has-small-font-size\" style=\"font-style: normal; font-weight: 400;\">Frau Sol\u00e8ne Gobin, Policy-Expertin bei der EBA, Doktorin im Privatrecht<\/p>\r\n<p class=\"has-foreground-color has-text-color has-link-color has-small-font-size\" style=\"font-style: normal; font-weight: 400; text-align: justify;\">Darstellung der Aufgaben und Funktionsweise der ACPR. Analyse der Regulierung und der AML\/CFT-Herausforderungen im Bankensektor, Fallstudien sowie Auswertung von Sanktionsentscheidungen der ACPR.<\/p>\r\n<\/details>\r\n\r\n\r\n<details class=\"wp-block-details has-foreground-color has-text-color has-link-color has-medium-font-size wp-elements-121516348ec1403220a082bb391d48e4 is-layout-flow wp-block-details-is-layout-flow\" style=\"font-style: normal; font-weight: bold;\">\r\n<summary>Modul Unternehmens-Compliance<\/summary>\r\n<p class=\"has-foreground-color has-text-color has-link-color has-small-font-size\" style=\"font-style: normal; font-weight: 400;\">Herr Philippe Lesoing, Leiter des Moduls Unternehmens-Compliance, Mitgr\u00fcnder und Gesch\u00e4ftsf\u00fchrer von EuroCompliance<\/p>\r\n<p class=\"has-foreground-color has-text-color has-link-color has-small-font-size\" style=\"font-style: normal; font-weight: 400;\">Herr Lionel Laffitte, Ethik- und Compliance-Berater \u2013 Ethisport<\/p>\r\n<p class=\"has-foreground-color has-text-color has-link-color has-small-font-size\" style=\"font-style: normal; font-weight: 400;\">Frau L\u00e9onie Babst, deutsch-franz\u00f6sische Juristin<\/p>\r\n<p class=\"has-foreground-color has-text-color has-link-color has-small-font-size\" style=\"font-style: normal; font-weight: 400;\">Herr Michel Husser, Direktor f\u00fcr Compliance, Due Diligence und Integrit\u00e4t im Sport bei ADIT<\/p>\r\n<p class=\"has-foreground-color has-text-color has-link-color has-small-font-size\" style=\"font-style: normal; font-weight: 400;\">Herr Jean-Baptiste Siproudhis, Partner der Beratungsfirma Finegan<\/p>\r\n<p class=\"has-foreground-color has-text-color has-link-color has-small-font-size\" style=\"font-style: normal; font-weight: 400;\">Frau Catherine Stary, Rechtsanw\u00e4ltin f\u00fcr Datenschutz, geistiges Eigentum, E-Commerce und IT-Recht<\/p>\r\n<p class=\"has-foreground-color has-text-color has-link-color has-small-font-size\" style=\"font-style: normal; font-weight: 400;\">Herr Fran\u00e7ois Jambin, ehemaliger Rechtsanwalt, Lehrbeauftragter an der Universit\u00e4t, Experte f\u00fcr strafrechtliche Risikopr\u00e4vention, Compliance und CSR<\/p>\r\n<p class=\"has-foreground-color has-text-color has-link-color has-small-font-size\" style=\"font-style: normal; font-weight: 400;\">Frau Anne-Julie Giraud, Rechtsanw\u00e4ltin \u2013 Wirtschaftsethik und reglementierte Berufe, DSGVO-Compliance<\/p>\r\n<p class=\"has-foreground-color has-text-color has-link-color has-small-font-size\" style=\"font-style: normal; font-weight: 400; text-align: justify;\">Dieses Modul erm\u00f6glicht eine vertiefte Analyse der Herausforderungen im Zusammenhang mit Korruption in Unternehmen und vertraglichen Beziehungen zu Dritten. Behandelt werden insbesondere Due Diligence, Datenschutz (DSGVO), Hinweisgebersysteme, Risikokartierung, Wettbewerbsrechts-Compliance sowie Aspekte der unternehmerischen Sozialverantwortung (CSR).<\/p>\r\n<\/details>\r\n\r\n\r\n<details class=\"wp-block-details has-foreground-color has-text-color has-link-color has-medium-font-size wp-elements-68a1124731f34859f21c8a72222051bd is-layout-flow wp-block-details-is-layout-flow\" style=\"font-style: normal; font-weight: bold;\">\r\n<summary>Englisch-Modul<\/summary>\r\n<p class=\"has-foreground-color has-text-color has-link-color has-small-font-size\" style=\"font-style: normal; font-weight: 400;\">Frau Elodie Migliore, Doktorandin am CEIPI, Universit\u00e4t Stra\u00dfburg<\/p>\r\n<p class=\"has-foreground-color has-text-color has-link-color has-small-font-size\" style=\"font-style: normal; font-weight: 400; text-align: justify;\">Der Unterricht basiert auf m\u00fcndlichen und schriftlichen Arbeiten zu verschiedenen Aspekten der Compliance und umfasst zudem eine Einf\u00fchrung in Fragestellungen der k\u00fcnstlichen Intelligenz.<\/p>\r\n<\/details>\r\n\r\n\r\n<details class=\"wp-block-details has-foreground-color has-text-color has-link-color has-medium-font-size wp-elements-013a228da8e2f0a56e913e3a0f5cf5b5 is-layout-flow wp-block-details-is-layout-flow\" style=\"font-style: normal; font-weight: bold;\">\r\n<summary>Modul Finanzmarkt-Compliance<\/summary>\r\n<p class=\"has-foreground-color has-text-color has-link-color has-small-font-size\" style=\"font-style: normal; font-weight: 400;\">Frau Blandine Jul\u00e9, Fachreferentin (Anlegerschutz) \u2013 Abteilung Expertise \u2013 DGA \u00b7 AMF<\/p>\r\n<p class=\"has-foreground-color has-text-color has-link-color has-small-font-size\" style=\"font-style: normal; font-weight: 400;\">Herr William Zernik, Leiter Compliance \u2013 RCSI bei Milleis Banque Priv\u00e9e<\/p>\r\n<p class=\"has-foreground-color has-text-color has-link-color has-small-font-size\" style=\"font-style: normal; font-weight: 400;\">Frau Lisette Deska, Juristin bei der AMF<\/p>\r\n<p class=\"has-foreground-color has-text-color has-link-color has-small-font-size\" style=\"font-style: normal; font-weight: 400;\">Herr Fabrice Imbert, Global Head of Central Compliance bei Natixis Corporate &amp; Investment Banking<\/p>\r\n<p class=\"has-foreground-color has-text-color has-link-color has-small-font-size\" style=\"font-style: normal; font-weight: 400; text-align: justify;\">Dieses Modul stellt die AMF sowie die Funktionsweise der Finanzm\u00e4rkte vor. Es behandelt Finanzprodukte, Marktteilnehmer und Wertpapierdienstleistungen. Ein besonderer Fokus liegt auf Asset Management, Marktmissbrauch sowie auf Fragen der Finanzsicherheit und den spezifischen Compliance-Systemen dieses Sektors.<\/p>\r\n<\/details>\r\n\r\n\r\n<details class=\"wp-block-details has-foreground-color has-text-color has-link-color has-medium-font-size wp-elements-8f9eac8a2c8a1cd8dece384353ce5f8c is-layout-flow wp-block-details-is-layout-flow\" style=\"font-style: normal; font-weight: bold;\">\r\n<summary>Modul IT-Betrug<\/summary>\r\n<p class=\"has-foreground-color has-text-color has-link-color has-small-font-size\" style=\"font-style: normal; font-weight: 400;\">Herr S\u00e9bastien Dupent, zertifizierter Professor f\u00fcr Wirtschaft und Management (Informationssysteme)<\/p>\r\n<p class=\"has-foreground-color has-text-color has-link-color has-small-font-size\" style=\"font-style: normal; font-weight: 400; text-align: justify;\">Dieses Modul sensibilisiert f\u00fcr die Bedeutung digitaler Kompetenzen in Compliance-Funktionen. Vorgestellt werden unter anderem Risikomanagement-Software, Grundlagen der Informationstheorie, Datenstrukturierung sowie die Funktionsweise der Blockchain. Auch Cyberrisiken werden behandelt.<\/p>\r\n<p class=\"has-foreground-color has-text-color has-link-color has-small-font-size\" style=\"font-style: normal; font-weight: 400; text-align: justify;\">Ziel ist es, ein umfassendes Verst\u00e4ndnis der digitalen Umwelt zu vermitteln, ihre Herausforderungen und Risiken zu erfassen und die notwendigen Werkzeuge f\u00fcr den Einsatz digitaler Technologien im Dienste der Compliance zu erwerben.<\/p>\r\n<\/details>\r\n","protected":false},"excerpt":{"rendered":"<p>Master-Programm 1 &nbsp; Das erste Masterjahr vermittelt eine fundierte Ausbildung im allgemeinen Wirtschaftsrecht. Die Lehrveranstaltungen umfassen insbesondere das Wirtschaftsstrafrecht, das Steuerrecht, das Handelsrecht sowie das Gesellschaftsrecht, erg\u00e4nzt durch \u00d6ffnungsmodule wie Europarecht, geistiges Eigentum oder Finanzmanagement. Eine Fremdsprache ist verpflichtend (darunter juristisches Englisch). &nbsp; Master-Programm 2 Dieses Programm bietet die M\u00f6glichkeit zur beruflichen Spezialisierung im Rahmen &hellip; <\/p>\n<p class=\"link-more\"><a href=\"https:\/\/masterjcco.eu\/index.php\/de\/studiengang\/\" class=\"more-link\">Read more<span class=\"screen-reader-text\"> &#8220;Studiengang&#8221;<\/span><\/a><\/p>\n","protected":false},"author":1,"featured_media":0,"parent":0,"menu_order":0,"comment_status":"closed","ping_status":"closed","template":"","meta":{"footnotes":""},"class_list":["post-846","page","type-page","status-publish","hentry"],"yoast_head":"<!-- This site is optimized with the Yoast SEO plugin v27.4 - https:\/\/yoast.com\/product\/yoast-seo-wordpress\/ -->\n<title>Studiengang - Master Juriste Conformit\u00e9 Compliance Officer<\/title>\n<meta name=\"robots\" content=\"index, follow, max-snippet:-1, max-image-preview:large, max-video-preview:-1\" \/>\n<link rel=\"canonical\" href=\"https:\/\/masterjcco.eu\/index.php\/de\/studiengang\/\" \/>\n<meta property=\"og:locale\" content=\"en_US\" \/>\n<meta property=\"og:type\" content=\"article\" \/>\n<meta property=\"og:title\" content=\"Studiengang - Master Juriste Conformit\u00e9 Compliance Officer\" \/>\n<meta property=\"og:description\" content=\"Master-Programm 1 &nbsp; Das erste Masterjahr vermittelt eine fundierte Ausbildung im allgemeinen Wirtschaftsrecht. Die Lehrveranstaltungen umfassen insbesondere das Wirtschaftsstrafrecht, das Steuerrecht, das Handelsrecht sowie das Gesellschaftsrecht, erg\u00e4nzt durch \u00d6ffnungsmodule wie Europarecht, geistiges Eigentum oder Finanzmanagement. Eine Fremdsprache ist verpflichtend (darunter juristisches Englisch). &nbsp; Master-Programm 2 Dieses Programm bietet die M\u00f6glichkeit zur beruflichen Spezialisierung im Rahmen &hellip; Read more &quot;Studiengang&quot;\" \/>\n<meta property=\"og:url\" content=\"https:\/\/masterjcco.eu\/index.php\/de\/studiengang\/\" \/>\n<meta property=\"og:site_name\" content=\"Master Juriste Conformit\u00e9 Compliance Officer\" \/>\n<meta property=\"article:modified_time\" content=\"2026-01-14T23:42:55+00:00\" \/>\n<meta name=\"twitter:card\" content=\"summary_large_image\" \/>\n<meta name=\"twitter:label1\" content=\"Est. reading time\" \/>\n\t<meta name=\"twitter:data1\" content=\"4 minutes\" \/>\n<script type=\"application\/ld+json\" class=\"yoast-schema-graph\">{\"@context\":\"https:\\\/\\\/schema.org\",\"@graph\":[{\"@type\":\"WebPage\",\"@id\":\"https:\\\/\\\/masterjcco.eu\\\/index.php\\\/de\\\/studiengang\\\/\",\"url\":\"https:\\\/\\\/masterjcco.eu\\\/index.php\\\/de\\\/studiengang\\\/\",\"name\":\"Studiengang - Master Juriste Conformit\u00e9 Compliance Officer\",\"isPartOf\":{\"@id\":\"https:\\\/\\\/masterjcco.eu\\\/#website\"},\"datePublished\":\"2026-01-14T23:06:23+00:00\",\"dateModified\":\"2026-01-14T23:42:55+00:00\",\"breadcrumb\":{\"@id\":\"https:\\\/\\\/masterjcco.eu\\\/index.php\\\/de\\\/studiengang\\\/#breadcrumb\"},\"inLanguage\":\"en-US\",\"potentialAction\":[{\"@type\":\"ReadAction\",\"target\":[\"https:\\\/\\\/masterjcco.eu\\\/index.php\\\/de\\\/studiengang\\\/\"]}]},{\"@type\":\"BreadcrumbList\",\"@id\":\"https:\\\/\\\/masterjcco.eu\\\/index.php\\\/de\\\/studiengang\\\/#breadcrumb\",\"itemListElement\":[{\"@type\":\"ListItem\",\"position\":1,\"name\":\"Accueil\",\"item\":\"https:\\\/\\\/masterjcco.eu\\\/\"},{\"@type\":\"ListItem\",\"position\":2,\"name\":\"Studiengang\"}]},{\"@type\":\"WebSite\",\"@id\":\"https:\\\/\\\/masterjcco.eu\\\/#website\",\"url\":\"https:\\\/\\\/masterjcco.eu\\\/\",\"name\":\"Master Juriste Conformit\u00e9 Compliance Officer\",\"description\":\"\",\"publisher\":{\"@id\":\"https:\\\/\\\/masterjcco.eu\\\/#organization\"},\"potentialAction\":[{\"@type\":\"SearchAction\",\"target\":{\"@type\":\"EntryPoint\",\"urlTemplate\":\"https:\\\/\\\/masterjcco.eu\\\/?s={search_term_string}\"},\"query-input\":{\"@type\":\"PropertyValueSpecification\",\"valueRequired\":true,\"valueName\":\"search_term_string\"}}],\"inLanguage\":\"en-US\"},{\"@type\":\"Organization\",\"@id\":\"https:\\\/\\\/masterjcco.eu\\\/#organization\",\"name\":\"Master Juriste Conformit\u00e9 Compliance Officer\",\"url\":\"https:\\\/\\\/masterjcco.eu\\\/\",\"logo\":{\"@type\":\"ImageObject\",\"inLanguage\":\"en-US\",\"@id\":\"https:\\\/\\\/masterjcco.eu\\\/#\\\/schema\\\/logo\\\/image\\\/\",\"url\":\"https:\\\/\\\/masterjcco.eu\\\/wp-content\\\/uploads\\\/2025\\\/05\\\/cropped-LOGO-PARFAIT.png\",\"contentUrl\":\"https:\\\/\\\/masterjcco.eu\\\/wp-content\\\/uploads\\\/2025\\\/05\\\/cropped-LOGO-PARFAIT.png\",\"width\":409,\"height\":410,\"caption\":\"Master Juriste Conformit\u00e9 Compliance Officer \"},\"image\":{\"@id\":\"https:\\\/\\\/masterjcco.eu\\\/#\\\/schema\\\/logo\\\/image\\\/\"}}]}<\/script>\n<!-- \/ Yoast SEO plugin. -->","yoast_head_json":{"title":"Studiengang - Master Juriste Conformit\u00e9 Compliance Officer","robots":{"index":"index","follow":"follow","max-snippet":"max-snippet:-1","max-image-preview":"max-image-preview:large","max-video-preview":"max-video-preview:-1"},"canonical":"https:\/\/masterjcco.eu\/index.php\/de\/studiengang\/","og_locale":"en_US","og_type":"article","og_title":"Studiengang - Master Juriste Conformit\u00e9 Compliance Officer","og_description":"Master-Programm 1 &nbsp; Das erste Masterjahr vermittelt eine fundierte Ausbildung im allgemeinen Wirtschaftsrecht. Die Lehrveranstaltungen umfassen insbesondere das Wirtschaftsstrafrecht, das Steuerrecht, das Handelsrecht sowie das Gesellschaftsrecht, erg\u00e4nzt durch \u00d6ffnungsmodule wie Europarecht, geistiges Eigentum oder Finanzmanagement. Eine Fremdsprache ist verpflichtend (darunter juristisches Englisch). &nbsp; Master-Programm 2 Dieses Programm bietet die M\u00f6glichkeit zur beruflichen Spezialisierung im Rahmen &hellip; Read more \"Studiengang\"","og_url":"https:\/\/masterjcco.eu\/index.php\/de\/studiengang\/","og_site_name":"Master Juriste Conformit\u00e9 Compliance Officer","article_modified_time":"2026-01-14T23:42:55+00:00","twitter_card":"summary_large_image","twitter_misc":{"Est. reading time":"4 minutes"},"schema":{"@context":"https:\/\/schema.org","@graph":[{"@type":"WebPage","@id":"https:\/\/masterjcco.eu\/index.php\/de\/studiengang\/","url":"https:\/\/masterjcco.eu\/index.php\/de\/studiengang\/","name":"Studiengang - Master Juriste Conformit\u00e9 Compliance Officer","isPartOf":{"@id":"https:\/\/masterjcco.eu\/#website"},"datePublished":"2026-01-14T23:06:23+00:00","dateModified":"2026-01-14T23:42:55+00:00","breadcrumb":{"@id":"https:\/\/masterjcco.eu\/index.php\/de\/studiengang\/#breadcrumb"},"inLanguage":"en-US","potentialAction":[{"@type":"ReadAction","target":["https:\/\/masterjcco.eu\/index.php\/de\/studiengang\/"]}]},{"@type":"BreadcrumbList","@id":"https:\/\/masterjcco.eu\/index.php\/de\/studiengang\/#breadcrumb","itemListElement":[{"@type":"ListItem","position":1,"name":"Accueil","item":"https:\/\/masterjcco.eu\/"},{"@type":"ListItem","position":2,"name":"Studiengang"}]},{"@type":"WebSite","@id":"https:\/\/masterjcco.eu\/#website","url":"https:\/\/masterjcco.eu\/","name":"Master Juriste Conformit\u00e9 Compliance Officer","description":"","publisher":{"@id":"https:\/\/masterjcco.eu\/#organization"},"potentialAction":[{"@type":"SearchAction","target":{"@type":"EntryPoint","urlTemplate":"https:\/\/masterjcco.eu\/?s={search_term_string}"},"query-input":{"@type":"PropertyValueSpecification","valueRequired":true,"valueName":"search_term_string"}}],"inLanguage":"en-US"},{"@type":"Organization","@id":"https:\/\/masterjcco.eu\/#organization","name":"Master Juriste Conformit\u00e9 Compliance Officer","url":"https:\/\/masterjcco.eu\/","logo":{"@type":"ImageObject","inLanguage":"en-US","@id":"https:\/\/masterjcco.eu\/#\/schema\/logo\/image\/","url":"https:\/\/masterjcco.eu\/wp-content\/uploads\/2025\/05\/cropped-LOGO-PARFAIT.png","contentUrl":"https:\/\/masterjcco.eu\/wp-content\/uploads\/2025\/05\/cropped-LOGO-PARFAIT.png","width":409,"height":410,"caption":"Master Juriste Conformit\u00e9 Compliance Officer "},"image":{"@id":"https:\/\/masterjcco.eu\/#\/schema\/logo\/image\/"}}]}},"_links":{"self":[{"href":"https:\/\/masterjcco.eu\/index.php\/wp-json\/wp\/v2\/pages\/846","targetHints":{"allow":["GET"]}}],"collection":[{"href":"https:\/\/masterjcco.eu\/index.php\/wp-json\/wp\/v2\/pages"}],"about":[{"href":"https:\/\/masterjcco.eu\/index.php\/wp-json\/wp\/v2\/types\/page"}],"author":[{"embeddable":true,"href":"https:\/\/masterjcco.eu\/index.php\/wp-json\/wp\/v2\/users\/1"}],"replies":[{"embeddable":true,"href":"https:\/\/masterjcco.eu\/index.php\/wp-json\/wp\/v2\/comments?post=846"}],"version-history":[{"count":2,"href":"https:\/\/masterjcco.eu\/index.php\/wp-json\/wp\/v2\/pages\/846\/revisions"}],"predecessor-version":[{"id":925,"href":"https:\/\/masterjcco.eu\/index.php\/wp-json\/wp\/v2\/pages\/846\/revisions\/925"}],"wp:attachment":[{"href":"https:\/\/masterjcco.eu\/index.php\/wp-json\/wp\/v2\/media?parent=846"}],"curies":[{"name":"wp","href":"https:\/\/api.w.org\/{rel}","templated":true}]}}